{"id":13994,"date":"2020-05-25T14:35:25","date_gmt":"2020-05-25T12:35:25","guid":{"rendered":"https:\/\/3dgence.com\/3d-leistungen\/beratung\/"},"modified":"2025-01-14T12:53:53","modified_gmt":"2025-01-14T11:53:53","slug":"beratung","status":"publish","type":"page","link":"https:\/\/3dgence.com\/de\/3d-druck-service\/beratung\/","title":{"rendered":"Beratung"},"content":{"rendered":"\t\t<div data-elementor-type=\"wp-page\" data-elementor-id=\"13994\" class=\"elementor elementor-13994 elementor-13429\" data-elementor-post-type=\"page\">\n\t\t\t\t\t\t<section class=\"elementor-section elementor-top-section elementor-element elementor-element-69aacb9e elementor-section-height-min-height nakladka elementor-section-content-middle elementor-section-boxed elementor-section-height-default elementor-section-items-middle\" data-id=\"69aacb9e\" data-element_type=\"section\" data-settings=\"{&quot;background_background&quot;:&quot;classic&quot;}\">\n\t\t\t\t\t\t\t<div class=\"elementor-background-overlay\"><\/div>\n\t\t\t\t\t\t\t<div class=\"elementor-container elementor-column-gap-default\">\n\t\t\t\t\t<div class=\"elementor-column elementor-col-50 elementor-top-column elementor-element elementor-element-7dfc9bcd\" data-id=\"7dfc9bcd\" data-element_type=\"column\">\n\t\t\t<div class=\"elementor-widget-wrap\">\n\t\t\t\t\t\t\t<\/div>\n\t\t<\/div>\n\t\t\t\t<div class=\"elementor-column elementor-col-50 elementor-top-column elementor-element elementor-element-29283ab0 elementor-hidden-tablet elementor-hidden-phone\" data-id=\"29283ab0\" data-element_type=\"column\">\n\t\t\t<div class=\"elementor-widget-wrap\">\n\t\t\t\t\t\t\t<\/div>\n\t\t<\/div>\n\t\t\t\t\t<\/div>\n\t\t<\/section>\n\t\t\t\t<section class=\"elementor-section elementor-top-section elementor-element elementor-element-4a44a9d6 elementor-section-boxed elementor-section-height-default elementor-section-height-default\" data-id=\"4a44a9d6\" data-element_type=\"section\">\n\t\t\t\t\t\t<div class=\"elementor-container elementor-column-gap-default\">\n\t\t\t\t\t<div class=\"elementor-column elementor-col-50 elementor-top-column elementor-element elementor-element-3044e088\" data-id=\"3044e088\" data-element_type=\"column\">\n\t\t\t<div class=\"elementor-widget-wrap elementor-element-populated\">\n\t\t\t\t\t\t<section class=\"elementor-section elementor-inner-section elementor-element elementor-element-25517efa elementor-section-boxed elementor-section-height-default elementor-section-height-default\" data-id=\"25517efa\" data-element_type=\"section\">\n\t\t\t\t\t\t<div class=\"elementor-container elementor-column-gap-default\">\n\t\t\t\t\t<div class=\"elementor-column elementor-col-100 elementor-inner-column elementor-element elementor-element-678403c0\" data-id=\"678403c0\" data-element_type=\"column\">\n\t\t\t<div class=\"elementor-widget-wrap elementor-element-populated\">\n\t\t\t\t\t\t<div class=\"elementor-element elementor-element-73547ec elementor-widget elementor-widget-heading\" data-id=\"73547ec\" data-element_type=\"widget\" data-widget_type=\"heading.default\">\n\t\t\t\t<div class=\"elementor-widget-container\">\n\t\t\t\t\t<h1 class=\"elementor-heading-title elementor-size-default\">3DGence Beratung<\/h1>\t\t\t\t<\/div>\n\t\t\t\t<\/div>\n\t\t\t\t<div class=\"elementor-element elementor-element-71054b4 elementor-widget elementor-widget-text-editor\" data-id=\"71054b4\" data-element_type=\"widget\" data-widget_type=\"text-editor.default\">\n\t\t\t\t<div class=\"elementor-widget-container\">\n\t\t\t\t\t\t\t\t\t<h2><span style=\"font-size: 14pt;\">\u2022 Kostenlose Beratung und Testdruck<\/span><\/h2>\n<h2><span style=\"font-size: 14pt;\">\u2022 Komplettes Angebot von den popul\u00e4rsten 3D-Druck-Technologien<\/span><\/h2>\n<h2><span style=\"font-size: 14pt;\">\u2022 Mehr als 60 Materialien von Pr\u00e4zisionsharzen \u00fcber breit einsetzbare Polyamide und Polycarbonate bis hin zu Titan- und Aluminiumlegierungen<\/span><\/h2>\n<h2><span style=\"font-size: 14pt;\">\u2022 10-j\u00e4hrige Erfahrung beim Testen der 3D-Druckapplikationen im Industriebereich<\/span><\/h2>\t\t\t\t\t\t\t\t<\/div>\n\t\t\t\t<\/div>\n\t\t\t\t<div class=\"elementor-element elementor-element-4f00a9f elementor-widget elementor-widget-text-editor\" data-id=\"4f00a9f\" data-element_type=\"widget\" data-widget_type=\"text-editor.default\">\n\t\t\t\t<div class=\"elementor-widget-container\">\n\t\t\t\t\t\t\t\t\t<p><b>Siehe die Telefonnummer:<br \/><\/b>+49 35183804153\u00a0<\/p>\n<p><strong>Siehe E-Mail-Adresse:<\/strong><br \/>3dservices@3dgence.com<\/p>\t\t\t\t\t\t\t\t<\/div>\n\t\t\t\t<\/div>\n\t\t\t\t\t<\/div>\n\t\t<\/div>\n\t\t\t\t\t<\/div>\n\t\t<\/section>\n\t\t\t\t\t<\/div>\n\t\t<\/div>\n\t\t\t\t<div class=\"elementor-column elementor-col-50 elementor-top-column elementor-element elementor-element-fef547a shadow-box\" data-id=\"fef547a\" data-element_type=\"column\" data-settings=\"{&quot;background_background&quot;:&quot;classic&quot;}\">\n\t\t\t<div class=\"elementor-widget-wrap elementor-element-populated\">\n\t\t\t\t\t\t<section class=\"elementor-section elementor-inner-section elementor-element elementor-element-ec849bf elementor-section-boxed elementor-section-height-default elementor-section-height-default\" data-id=\"ec849bf\" data-element_type=\"section\" data-settings=\"{&quot;background_background&quot;:&quot;classic&quot;}\">\n\t\t\t\t\t\t\t<div class=\"elementor-background-overlay\"><\/div>\n\t\t\t\t\t\t\t<div class=\"elementor-container elementor-column-gap-default\">\n\t\t\t\t\t<div class=\"elementor-column elementor-col-100 elementor-inner-column elementor-element elementor-element-0b21a63\" data-id=\"0b21a63\" data-element_type=\"column\">\n\t\t\t<div class=\"elementor-widget-wrap elementor-element-populated\">\n\t\t\t\t\t\t<div class=\"elementor-element elementor-element-c65aec4 elementor-widget elementor-widget-heading\" data-id=\"c65aec4\" data-element_type=\"widget\" data-widget_type=\"heading.default\">\n\t\t\t\t<div class=\"elementor-widget-container\">\n\t\t\t\t\t<h2 class=\"elementor-heading-title elementor-size-default\"> Erhalten ein kostenloses Angebot<\/h2>\t\t\t\t<\/div>\n\t\t\t\t<\/div>\n\t\t\t\t<div class=\"elementor-element elementor-element-41009f1 elementor-widget elementor-widget-shortcode\" data-id=\"41009f1\" data-element_type=\"widget\" data-widget_type=\"shortcode.default\">\n\t\t\t\t<div class=\"elementor-widget-container\">\n\t\t\t\t\t\t\t<div class=\"elementor-shortcode\">\n<div class=\"wpcf7 no-js\" id=\"wpcf7-f13783-o1\" lang=\"en-GB\" dir=\"ltr\" data-wpcf7-id=\"13783\">\n<div class=\"screen-reader-response\"><p role=\"status\" aria-live=\"polite\" aria-atomic=\"true\"><\/p> <ul><\/ul><\/div>\n<form action=\"\/de\/wp-json\/wp\/v2\/pages\/13994#wpcf7-f13783-o1\" method=\"post\" class=\"wpcf7-form init wpcf7-acceptance-as-validation\" aria-label=\"Contact form\" novalidate=\"novalidate\" data-status=\"init\">\n<div style=\"display: none;\">\n<input type=\"hidden\" name=\"_wpcf7\" value=\"13783\" \/>\n<input type=\"hidden\" name=\"_wpcf7_version\" value=\"6.0.6\" \/>\n<input type=\"hidden\" name=\"_wpcf7_locale\" value=\"en_GB\" \/>\n<input type=\"hidden\" name=\"_wpcf7_unit_tag\" value=\"wpcf7-f13783-o1\" \/>\n<input type=\"hidden\" name=\"_wpcf7_container_post\" value=\"0\" \/>\n<input type=\"hidden\" name=\"_wpcf7_posted_data_hash\" value=\"\" \/>\n<input type=\"hidden\" name=\"_wpcf7_recaptcha_response\" value=\"\" \/>\n<\/div>\n<div class=\"col-lg=12\">\n\t<div class=\"row\">\n\t\t<div class=\"col-12\">\n\t\t\t<p><span class=\"wpcf7-form-control-wrap\" data-name=\"your-name\"><input size=\"40\" maxlength=\"400\" class=\"wpcf7-form-control wpcf7-text wpcf7-validates-as-required w-100 mb-2 border p-2 pl-3 text-dark\" aria-required=\"true\" aria-invalid=\"false\" placeholder=\"Vorname und Nachname\" value=\"\" type=\"text\" name=\"your-name\" \/><\/span>\n\t\t\t<\/p>\n\t\t<\/div>\n\t\t<div class=\"col-12\">\n\t\t\t<p><span class=\"wpcf7-form-control-wrap\" data-name=\"your-company\"><input size=\"40\" maxlength=\"400\" class=\"wpcf7-form-control wpcf7-text wpcf7-validates-as-required w-100 mb-2 border p-2 pl-3 text-dark\" aria-required=\"true\" aria-invalid=\"false\" placeholder=\"Unternehmen\" value=\"\" type=\"text\" name=\"your-company\" \/><\/span>\n\t\t\t<\/p>\n\t\t<\/div>\n\t\t<div class=\"col-12\">\n\t\t\t<p><span class=\"wpcf7-form-control-wrap\" data-name=\"your-country\"><input size=\"40\" maxlength=\"400\" class=\"wpcf7-form-control wpcf7-text wpcf7-validates-as-required w-100 mb-2 border p-2 pl-3 text-dark\" aria-required=\"true\" aria-invalid=\"false\" placeholder=\"Land\" value=\"\" type=\"text\" name=\"your-country\" \/><\/span>\n\t\t\t<\/p>\n\t\t<\/div>\n\t\t<div class=\"col-12\">\n\t\t\t<p><span class=\"wpcf7-form-control-wrap\" data-name=\"your-email-company\"><input size=\"40\" maxlength=\"400\" class=\"wpcf7-form-control wpcf7-email wpcf7-validates-as-required wpcf7-text wpcf7-validates-as-email w-100 mb-2 border p-2 pl-3 text-dark\" aria-required=\"true\" aria-invalid=\"false\" placeholder=\"Firmen-E-Mail\" value=\"\" type=\"email\" name=\"your-email-company\" \/><\/span>\n\t\t\t<\/p>\n\t\t<\/div>\n\t\t<div class=\"col-12\">\n\t\t\t<p><span class=\"wpcf7-form-control-wrap\" data-name=\"tel\"><input size=\"40\" maxlength=\"400\" class=\"wpcf7-form-control wpcf7-tel wpcf7-validates-as-required wpcf7-text wpcf7-validates-as-tel w-100 mb-2 border p-2 pl-3 text-dark\" aria-required=\"true\" aria-invalid=\"false\" placeholder=\"Telefonnummer*\" value=\"\" type=\"tel\" name=\"tel\" \/><\/span>\n\t\t\t<\/p>\n\t\t<\/div>\n\t\t<div class=\"col-12\">\n\t\t\t<p><span class=\"wpcf7-form-control-wrap\" data-name=\"your-message\"><textarea cols=\"40\" rows=\"4\" maxlength=\"2000\" class=\"wpcf7-form-control wpcf7-textarea w-100 mb-2 border p-2 pl-3 text-dark\" aria-invalid=\"false\" placeholder=\"Wie k\u00f6nnen wir Ihnen helfen?\" name=\"your-message\"><\/textarea><\/span>\n\t\t\t<\/p>\n\t\t<\/div>\n\t\t<p><span class=\"wpcf7-form-control-wrap submission_id\"><input class=\"wpcf7-form-control wpcf7-submission_id_hidden wpcf7-validates-as-number\" readonly=\"readonly\" aria-invalid=\"false\" value=\"2590\" name=\"submission_id\" type=\"hidden\" \/><\/span>\n\t\t<\/p>\n\t\t<div class=\"col-12\">\n\t\t\t<p><span class=\"wpcf7-form-control-wrap\" data-name=\"upload-file-506\"><input size=\"40\" class=\"wpcf7-form-control wpcf7-drag-n-drop-file d-none\" id=\"upload\" aria-invalid=\"false\" type=\"file\" multiple=\"multiple\" data-name=\"upload-file-506\" data-type=\"jpeg|jpg|pdf|png|gif|stl|igs|dwg|dxf|dgn|obj|stp|x_t|iges|step|sat|ipt|par|x_t\" data-limit=\"10000000\" data-id=\"13783\" data-version=\"free version 1.3.8.8\" accept=\".jpeg, .jpg, .pdf, .png, .gif, .stl, .igs, .dwg, .dxf, .dgn, .obj, .stp, .x_t, .iges, .step, .sat, .ipt, .par, .x_t\" \/><\/span>\n\t\t\t<\/p>\n\t\t<\/div>\n\t\t<div class=\"col-12\">\n\t\t\t<p><span class=\"wpcf7-form-control-wrap\" data-name=\"acceptance-379\"><span class=\"wpcf7-form-control wpcf7-acceptance\"><span class=\"wpcf7-list-item\"><label><input type=\"checkbox\" name=\"acceptance-379\" value=\"1\" aria-invalid=\"false\" \/><span class=\"wpcf7-list-item-label\">Ich stimme der <a href=https:\/\/3dgence.com\/policy\/>Datenschutz- und Cookie-Richtlinie zu.<\/a>.<\/span><\/label><\/span><\/span><\/span>\n\t\t\t<\/p>\n\t\t<\/div>\n\t\t<p><input type=\"hidden\" id=\"zc_gad\" name=\"zc_gad\" value=\"\" \/>\n\t\t<\/p>\n\t<input class=\"wpcf7-form-control wpcf7-hidden\" id=\"formgclid\" value=\"gclid\" type=\"hidden\" name=\"formgclid\" \/>\n\t<input class=\"wpcf7-form-control wpcf7-hidden\" id=\"formutmz\" value=\"\" type=\"hidden\" name=\"formutmz\" \/>\n\t\t<div class=\"col-12\">\n\t\t\t<p><input class=\"wpcf7-form-control wpcf7-submit has-spinner btn float-right\" type=\"submit\" value=\"Ein Angebot bekommen\" \/>\n\t\t\t<\/p>\n\t\t<\/div>\n\t<\/div>\n<\/div><input type='hidden' class='wpcf7-pum' value='{\"closepopup\":false,\"closedelay\":0,\"openpopup\":false,\"openpopup_id\":0}' \/><div class=\"wpcf7-response-output\" aria-hidden=\"true\"><\/div>\n<\/form>\n<\/div>\n<\/div>\n\t\t\t\t\t\t<\/div>\n\t\t\t\t<\/div>\n\t\t\t\t\t<\/div>\n\t\t<\/div>\n\t\t\t\t\t<\/div>\n\t\t<\/section>\n\t\t\t\t\t<\/div>\n\t\t<\/div>\n\t\t\t\t\t<\/div>\n\t\t<\/section>\n\t\t\t\t<section class=\"elementor-section elementor-top-section elementor-element elementor-element-18ba6af elementor-section-full_width elementor-section-content-middle elementor-section-height-default elementor-section-height-default\" data-id=\"18ba6af\" data-element_type=\"section\" data-settings=\"{&quot;background_background&quot;:&quot;classic&quot;}\">\n\t\t\t\t\t\t<div class=\"elementor-container elementor-column-gap-default\">\n\t\t\t\t\t<div class=\"elementor-column elementor-col-50 elementor-top-column elementor-element elementor-element-4e8cb55 elementor-hidden-tablet elementor-hidden-phone\" data-id=\"4e8cb55\" data-element_type=\"column\" data-settings=\"{&quot;background_background&quot;:&quot;classic&quot;}\">\n\t\t\t<div class=\"elementor-widget-wrap elementor-element-populated\">\n\t\t\t\t\t\t\t<\/div>\n\t\t<\/div>\n\t\t\t\t<div class=\"elementor-column elementor-col-50 elementor-top-column elementor-element elementor-element-4c0c4cc\" data-id=\"4c0c4cc\" data-element_type=\"column\">\n\t\t\t<div class=\"elementor-widget-wrap elementor-element-populated\">\n\t\t\t\t\t\t<div class=\"elementor-element elementor-element-ab5fb47 elementor-hidden-desktop elementor-widget elementor-widget-image\" data-id=\"ab5fb47\" data-element_type=\"widget\" data-widget_type=\"image.default\">\n\t\t\t\t<div class=\"elementor-widget-container\">\n\t\t\t\t\t\t\t\t\t\t\t\t\t\t\t<img fetchpriority=\"high\" decoding=\"async\" width=\"2560\" height=\"1707\" src=\"https:\/\/3dgence.com\/wp-content\/uploads\/2020\/02\/uslugi_3d_doradztwo.jpg\" class=\"attachment-full size-full wp-image-8549\" alt=\"doradztwo druk 3d\" \/>\t\t\t\t\t\t\t\t\t\t\t\t\t\t\t<\/div>\n\t\t\t\t<\/div>\n\t\t\t\t<div class=\"elementor-element elementor-element-f5047b0 elementor-widget elementor-widget-text-editor\" data-id=\"f5047b0\" data-element_type=\"widget\" data-widget_type=\"text-editor.default\">\n\t\t\t\t<div class=\"elementor-widget-container\">\n\t\t\t\t\t\t\t\t\t<p>Wahl der optimalen technischen Materialien und Druckparametern.<\/p>\n<p>Im Rahmen der Beratung werden die entsprechenden Druckparameter sowie die optimalen technischen Materialien im Bereich der 3D-Drucktechnologie gew\u00e4hlt. Im ersten Schritt werden die Bed\u00fcrfnisse der Kunden identifiziert sowie die richtige 3D-Drucktechnologie gew\u00e4hlt. Danach werden die geeigneten Materialien sowie die Druckparameter ermittelt. Im letzten Schritt erfolgt die kostenlose Bewertung der 3D-Druckleistung in der jeweiligen Technologie.<\/p>\n\t\t\t\t\t\t\t\t<\/div>\n\t\t\t\t<\/div>\n\t\t\t\t\t<\/div>\n\t\t<\/div>\n\t\t\t\t\t<\/div>\n\t\t<\/section>\n\t\t\t\t<\/div>\n\t\t","protected":false},"excerpt":{"rendered":"<p>3DGence Beratung \u2022 Kostenlose Beratung und Testdruck \u2022 Komplettes Angebot von den popul\u00e4rsten 3D-Druck-Technologien \u2022 Mehr als 60 Materialien von Pr\u00e4zisionsharzen \u00fcber breit einsetzbare Polyamide und Polycarbonate bis hin zu Titan- und Aluminiumlegierungen \u2022 10-j\u00e4hrige Erfahrung beim Testen der 3D-Druckapplikationen im Industriebereich Siehe die Telefonnummer:+49 35183804153\u00a0 Siehe E-Mail-Adresse:3dservices@3dgence.com Erhalten ein kostenloses Angebot Wahl der optimalen [&hellip;]<\/p>\n","protected":false},"author":4,"featured_media":0,"parent":11772,"menu_order":0,"comment_status":"closed","ping_status":"closed","template":"elementor_header_footer","meta":{"_acf_changed":false,"footnotes":""},"class_list":["post-13994","page","type-page","status-publish","hentry"],"acf":[],"yoast_head":"<!-- This site is optimized with the Yoast SEO Premium plugin v24.8 (Yoast SEO v24.8.1) - https:\/\/yoast.com\/wordpress\/plugins\/seo\/ -->\n<title>Beratung - 3D-Druckservices | 3DGence<\/title>\n<meta name=\"description\" content=\"Beratung im Bereich der 3D-Drucktechnik ist ein Service, bei dem geeignete Druckparameter und optimale technische Materialien ausgew\u00e4hlt werden.\" \/>\n<meta name=\"robots\" content=\"index, follow, max-snippet:-1, max-image-preview:large, max-video-preview:-1\" \/>\n<link rel=\"canonical\" href=\"https:\/\/3dgence.com\/de\/3d-druck-service\/beratung\/\" \/>\n<meta property=\"og:locale\" content=\"de_DE\" \/>\n<meta property=\"og:type\" content=\"article\" \/>\n<meta property=\"og:title\" content=\"Beratung\" \/>\n<meta property=\"og:description\" content=\"Beratung im Bereich der 3D-Drucktechnik ist ein Service, bei dem geeignete Druckparameter und optimale technische Materialien ausgew\u00e4hlt werden.\" \/>\n<meta property=\"og:url\" content=\"https:\/\/3dgence.com\/de\/3d-druck-service\/beratung\/\" \/>\n<meta property=\"og:site_name\" content=\"3DGence\" \/>\n<meta property=\"article:publisher\" content=\"https:\/\/www.facebook.com\/3dgence\" \/>\n<meta property=\"article:modified_time\" content=\"2025-01-14T11:53:53+00:00\" \/>\n<meta property=\"og:image\" content=\"https:\/\/3dgence.com\/wp-content\/uploads\/2020\/02\/uslugi_3d_doradztwo.jpg\" \/>\n<meta name=\"twitter:card\" content=\"summary_large_image\" \/>\n<meta name=\"twitter:label1\" content=\"Gesch\u00e4tzte Lesezeit\" \/>\n\t<meta name=\"twitter:data1\" content=\"1\u00a0Minute\" \/>\n<script type=\"application\/ld+json\" class=\"yoast-schema-graph\">{\"@context\":\"https:\/\/schema.org\",\"@graph\":[{\"@type\":\"WebPage\",\"@id\":\"https:\/\/3dgence.com\/de\/3d-druck-service\/beratung\/\",\"url\":\"https:\/\/3dgence.com\/de\/3d-druck-service\/beratung\/\",\"name\":\"Beratung - 3D-Druckservices | 3DGence\",\"isPartOf\":{\"@id\":\"https:\/\/3dgence.com\/de\/#website\"},\"primaryImageOfPage\":{\"@id\":\"https:\/\/3dgence.com\/de\/3d-druck-service\/beratung\/#primaryimage\"},\"image\":{\"@id\":\"https:\/\/3dgence.com\/de\/3d-druck-service\/beratung\/#primaryimage\"},\"thumbnailUrl\":\"https:\/\/3dgence.com\/wp-content\/uploads\/2020\/02\/uslugi_3d_doradztwo.jpg\",\"datePublished\":\"2020-05-25T12:35:25+00:00\",\"dateModified\":\"2025-01-14T11:53:53+00:00\",\"description\":\"Beratung im Bereich der 3D-Drucktechnik ist ein Service, bei dem geeignete Druckparameter und optimale technische Materialien ausgew\u00e4hlt werden.\",\"breadcrumb\":{\"@id\":\"https:\/\/3dgence.com\/de\/3d-druck-service\/beratung\/#breadcrumb\"},\"inLanguage\":\"de\",\"potentialAction\":[{\"@type\":\"ReadAction\",\"target\":[\"https:\/\/3dgence.com\/de\/3d-druck-service\/beratung\/\"]}]},{\"@type\":\"ImageObject\",\"inLanguage\":\"de\",\"@id\":\"https:\/\/3dgence.com\/de\/3d-druck-service\/beratung\/#primaryimage\",\"url\":\"https:\/\/3dgence.com\/wp-content\/uploads\/2020\/02\/uslugi_3d_doradztwo.jpg\",\"contentUrl\":\"https:\/\/3dgence.com\/wp-content\/uploads\/2020\/02\/uslugi_3d_doradztwo.jpg\"},{\"@type\":\"BreadcrumbList\",\"@id\":\"https:\/\/3dgence.com\/de\/3d-druck-service\/beratung\/#breadcrumb\",\"itemListElement\":[{\"@type\":\"ListItem\",\"position\":1,\"name\":\"Home\",\"item\":\"https:\/\/3dgence.com\/de\/\"},{\"@type\":\"ListItem\",\"position\":2,\"name\":\"3D Druck Service\",\"item\":\"https:\/\/www.3dgence.com\/de\/3d-druck-service\/\"},{\"@type\":\"ListItem\",\"position\":3,\"name\":\"Beratung\"}]},{\"@type\":\"WebSite\",\"@id\":\"https:\/\/3dgence.com\/de\/#website\",\"url\":\"https:\/\/3dgence.com\/de\/\",\"name\":\"3DGence\",\"description\":\"\",\"publisher\":{\"@id\":\"https:\/\/3dgence.com\/de\/#organization\"},\"potentialAction\":[{\"@type\":\"SearchAction\",\"target\":{\"@type\":\"EntryPoint\",\"urlTemplate\":\"https:\/\/3dgence.com\/de\/?s={search_term_string}\"},\"query-input\":{\"@type\":\"PropertyValueSpecification\",\"valueRequired\":true,\"valueName\":\"search_term_string\"}}],\"inLanguage\":\"de\"},{\"@type\":\"Organization\",\"@id\":\"https:\/\/3dgence.com\/de\/#organization\",\"name\":\"3DGENCE\",\"url\":\"https:\/\/3dgence.com\/de\/\",\"logo\":{\"@type\":\"ImageObject\",\"inLanguage\":\"de\",\"@id\":\"https:\/\/3dgence.com\/de\/#\/schema\/logo\/image\/\",\"url\":\"https:\/\/3dgence.com\/wp-content\/uploads\/2020\/03\/3dgence_white_web.png\",\"contentUrl\":\"https:\/\/3dgence.com\/wp-content\/uploads\/2020\/03\/3dgence_white_web.png\",\"width\":1200,\"height\":848,\"caption\":\"3DGENCE\"},\"image\":{\"@id\":\"https:\/\/3dgence.com\/de\/#\/schema\/logo\/image\/\"},\"sameAs\":[\"https:\/\/www.facebook.com\/3dgence\"]}]}<\/script>\n<!-- \/ Yoast SEO Premium plugin. -->","yoast_head_json":{"title":"Beratung - 3D-Druckservices | 3DGence","description":"Beratung im Bereich der 3D-Drucktechnik ist ein Service, bei dem geeignete Druckparameter und optimale technische Materialien ausgew\u00e4hlt werden.","robots":{"index":"index","follow":"follow","max-snippet":"max-snippet:-1","max-image-preview":"max-image-preview:large","max-video-preview":"max-video-preview:-1"},"canonical":"https:\/\/3dgence.com\/de\/3d-druck-service\/beratung\/","og_locale":"de_DE","og_type":"article","og_title":"Beratung","og_description":"Beratung im Bereich der 3D-Drucktechnik ist ein Service, bei dem geeignete Druckparameter und optimale technische Materialien ausgew\u00e4hlt werden.","og_url":"https:\/\/3dgence.com\/de\/3d-druck-service\/beratung\/","og_site_name":"3DGence","article_publisher":"https:\/\/www.facebook.com\/3dgence","article_modified_time":"2025-01-14T11:53:53+00:00","og_image":[{"url":"https:\/\/3dgence.com\/wp-content\/uploads\/2020\/02\/uslugi_3d_doradztwo.jpg","type":"","width":"","height":""}],"twitter_card":"summary_large_image","twitter_misc":{"Gesch\u00e4tzte Lesezeit":"1\u00a0Minute"},"schema":{"@context":"https:\/\/schema.org","@graph":[{"@type":"WebPage","@id":"https:\/\/3dgence.com\/de\/3d-druck-service\/beratung\/","url":"https:\/\/3dgence.com\/de\/3d-druck-service\/beratung\/","name":"Beratung - 3D-Druckservices | 3DGence","isPartOf":{"@id":"https:\/\/3dgence.com\/de\/#website"},"primaryImageOfPage":{"@id":"https:\/\/3dgence.com\/de\/3d-druck-service\/beratung\/#primaryimage"},"image":{"@id":"https:\/\/3dgence.com\/de\/3d-druck-service\/beratung\/#primaryimage"},"thumbnailUrl":"https:\/\/3dgence.com\/wp-content\/uploads\/2020\/02\/uslugi_3d_doradztwo.jpg","datePublished":"2020-05-25T12:35:25+00:00","dateModified":"2025-01-14T11:53:53+00:00","description":"Beratung im Bereich der 3D-Drucktechnik ist ein Service, bei dem geeignete Druckparameter und optimale technische Materialien ausgew\u00e4hlt werden.","breadcrumb":{"@id":"https:\/\/3dgence.com\/de\/3d-druck-service\/beratung\/#breadcrumb"},"inLanguage":"de","potentialAction":[{"@type":"ReadAction","target":["https:\/\/3dgence.com\/de\/3d-druck-service\/beratung\/"]}]},{"@type":"ImageObject","inLanguage":"de","@id":"https:\/\/3dgence.com\/de\/3d-druck-service\/beratung\/#primaryimage","url":"https:\/\/3dgence.com\/wp-content\/uploads\/2020\/02\/uslugi_3d_doradztwo.jpg","contentUrl":"https:\/\/3dgence.com\/wp-content\/uploads\/2020\/02\/uslugi_3d_doradztwo.jpg"},{"@type":"BreadcrumbList","@id":"https:\/\/3dgence.com\/de\/3d-druck-service\/beratung\/#breadcrumb","itemListElement":[{"@type":"ListItem","position":1,"name":"Home","item":"https:\/\/3dgence.com\/de\/"},{"@type":"ListItem","position":2,"name":"3D Druck Service","item":"https:\/\/www.3dgence.com\/de\/3d-druck-service\/"},{"@type":"ListItem","position":3,"name":"Beratung"}]},{"@type":"WebSite","@id":"https:\/\/3dgence.com\/de\/#website","url":"https:\/\/3dgence.com\/de\/","name":"3DGence","description":"","publisher":{"@id":"https:\/\/3dgence.com\/de\/#organization"},"potentialAction":[{"@type":"SearchAction","target":{"@type":"EntryPoint","urlTemplate":"https:\/\/3dgence.com\/de\/?s={search_term_string}"},"query-input":{"@type":"PropertyValueSpecification","valueRequired":true,"valueName":"search_term_string"}}],"inLanguage":"de"},{"@type":"Organization","@id":"https:\/\/3dgence.com\/de\/#organization","name":"3DGENCE","url":"https:\/\/3dgence.com\/de\/","logo":{"@type":"ImageObject","inLanguage":"de","@id":"https:\/\/3dgence.com\/de\/#\/schema\/logo\/image\/","url":"https:\/\/3dgence.com\/wp-content\/uploads\/2020\/03\/3dgence_white_web.png","contentUrl":"https:\/\/3dgence.com\/wp-content\/uploads\/2020\/03\/3dgence_white_web.png","width":1200,"height":848,"caption":"3DGENCE"},"image":{"@id":"https:\/\/3dgence.com\/de\/#\/schema\/logo\/image\/"},"sameAs":["https:\/\/www.facebook.com\/3dgence"]}]}},"_links":{"self":[{"href":"https:\/\/3dgence.com\/de\/wp-json\/wp\/v2\/pages\/13994","targetHints":{"allow":["GET"]}}],"collection":[{"href":"https:\/\/3dgence.com\/de\/wp-json\/wp\/v2\/pages"}],"about":[{"href":"https:\/\/3dgence.com\/de\/wp-json\/wp\/v2\/types\/page"}],"author":[{"embeddable":true,"href":"https:\/\/3dgence.com\/de\/wp-json\/wp\/v2\/users\/4"}],"replies":[{"embeddable":true,"href":"https:\/\/3dgence.com\/de\/wp-json\/wp\/v2\/comments?post=13994"}],"version-history":[{"count":10,"href":"https:\/\/3dgence.com\/de\/wp-json\/wp\/v2\/pages\/13994\/revisions"}],"predecessor-version":[{"id":63203,"href":"https:\/\/3dgence.com\/de\/wp-json\/wp\/v2\/pages\/13994\/revisions\/63203"}],"up":[{"embeddable":true,"href":"https:\/\/3dgence.com\/de\/wp-json\/wp\/v2\/pages\/11772"}],"wp:attachment":[{"href":"https:\/\/3dgence.com\/de\/wp-json\/wp\/v2\/media?parent=13994"}],"curies":[{"name":"wp","href":"https:\/\/api.w.org\/{rel}","templated":true}]}}