{"id":4233,"date":"2019-12-04T12:14:32","date_gmt":"2019-12-04T11:14:32","guid":{"rendered":"https:\/\/3dgence.com\/?page_id=4233"},"modified":"2023-07-17T12:55:12","modified_gmt":"2023-07-17T10:55:12","slug":"ideen","status":"publish","type":"page","link":"https:\/\/3dgence.com\/de\/ideen\/","title":{"rendered":"Knowledge"},"content":{"rendered":"\t\t<div data-elementor-type=\"wp-page\" data-elementor-id=\"4233\" class=\"elementor elementor-4233 elementor-1070\" data-elementor-post-type=\"page\">\n\t\t\t\t\t\t<section class=\"elementor-section elementor-top-section elementor-element elementor-element-19ec8a5 elementor-section-full_width slidersekcja elementor-section-height-default elementor-section-height-default\" data-id=\"19ec8a5\" data-element_type=\"section\">\n\t\t\t\t\t\t<div class=\"elementor-container elementor-column-gap-default\">\n\t\t\t\t\t<div class=\"elementor-column elementor-col-100 elementor-top-column elementor-element elementor-element-6f83875\" data-id=\"6f83875\" data-element_type=\"column\">\n\t\t\t<div class=\"elementor-widget-wrap elementor-element-populated\">\n\t\t\t\t\t\t<div class=\"elementor-element elementor-element-407c7e6 elementor-widget elementor-widget-shortcode\" data-id=\"407c7e6\" data-element_type=\"widget\" data-widget_type=\"shortcode.default\">\n\t\t\t\t<div class=\"elementor-widget-container\">\n\t\t\t\t\t\t\t<div class=\"elementor-shortcode\"><\/div>\n\t\t\t\t\t\t<\/div>\n\t\t\t\t<\/div>\n\t\t\t\t\t<\/div>\n\t\t<\/div>\n\t\t\t\t\t<\/div>\n\t\t<\/section>\n\t\t\t\t<section class=\"elementor-section elementor-top-section elementor-element elementor-element-5c422cd elementor-section-boxed elementor-section-height-default elementor-section-height-default\" data-id=\"5c422cd\" data-element_type=\"section\" data-settings=\"{&quot;background_background&quot;:&quot;classic&quot;}\">\n\t\t\t\t\t\t\t<div class=\"elementor-background-overlay\"><\/div>\n\t\t\t\t\t\t\t<div class=\"elementor-container elementor-column-gap-default\">\n\t\t\t\t\t<div class=\"elementor-column elementor-col-100 elementor-top-column elementor-element elementor-element-9020d72\" data-id=\"9020d72\" data-element_type=\"column\" data-settings=\"{&quot;background_background&quot;:&quot;classic&quot;}\">\n\t\t\t<div class=\"elementor-widget-wrap elementor-element-populated\">\n\t\t\t\t\t\t<div class=\"elementor-element elementor-element-f697e07 elementor-widget elementor-widget-heading\" data-id=\"f697e07\" data-element_type=\"widget\" data-widget_type=\"heading.default\">\n\t\t\t\t<div class=\"elementor-widget-container\">\n\t\t\t\t\t<h1 class=\"elementor-heading-title elementor-size-default\">Betreten Sie die Welt des 3D-Drucks und informieren Sie sich \u00fcber die neuesten 3D-Nachrichten<\/h1>\t\t\t\t<\/div>\n\t\t\t\t<\/div>\n\t\t\t\t<div class=\"elementor-element elementor-element-7bab03a elementor-widget elementor-widget-text-editor\" data-id=\"7bab03a\" data-element_type=\"widget\" data-widget_type=\"text-editor.default\">\n\t\t\t\t<div class=\"elementor-widget-container\">\n\t\t\t\t\t\t\t\t\t<p>Der 3D-Druck war noch nie so zug\u00e4nglich wie jetzt. Diese Technologie hat sich im Laufe der Jahre erheblich weiterentwickelt und kann nun in vielen Anwendungen eine zentrale Rolle spielen. Immer mehr Unternehmen entscheiden sich f\u00fcr den 3D-Druck, um ihre Gesch\u00e4ftsprozesse zu optimieren. Hersteller profitieren heute t\u00e4glich von den Vorteilen der additiven Fertigung. Sie ist eine der rentabelsten L\u00f6sungen f\u00fcr die Herstellung von Ersatzteilen f\u00fcr Maschinen, Produktionslinien, Werkzeuge und Prototypen.<\/p>\r\n<p>Entdecken Sie 3D-Druckanwendungen in einer Vielzahl von Branchen, entdecken Sie inspirierende Erfolgsgeschichten, informieren Sie sich \u00fcber die neuesten Unternehmensnachrichten und umfassende Whitepapers. Dies ist die Wissensquelle f\u00fcr alles, was mit 3D-Drucktechnologien zu tun hat. Lernen Sie aus der Erfahrung von 3DGence.<\/p>\t\t\t\t\t\t\t\t<\/div>\n\t\t\t\t<\/div>\n\t\t\t\t\t<\/div>\n\t\t<\/div>\n\t\t\t\t\t<\/div>\n\t\t<\/section>\n\t\t\t\t<section class=\"elementor-section elementor-top-section elementor-element elementor-element-24b376ef spotlight-article elementor-section-boxed elementor-section-height-default elementor-section-height-default\" data-id=\"24b376ef\" data-element_type=\"section\">\n\t\t\t\t\t\t<div class=\"elementor-container elementor-column-gap-default\">\n\t\t\t\t\t<div class=\"elementor-column elementor-col-100 elementor-top-column elementor-element elementor-element-263a237\" data-id=\"263a237\" data-element_type=\"column\">\n\t\t\t<div class=\"elementor-widget-wrap elementor-element-populated\">\n\t\t\t\t\t\t<div class=\"elementor-element elementor-element-7c263819 elementor-widget elementor-widget-heading\" data-id=\"7c263819\" data-element_type=\"widget\" data-widget_type=\"heading.default\">\n\t\t\t\t<div class=\"elementor-widget-container\">\n\t\t\t\t\t<h2 class=\"elementor-heading-title elementor-size-default\">SPOTLIGHT-ARTIKEL<\/h2>\t\t\t\t<\/div>\n\t\t\t\t<\/div>\n\t\t\t\t<div class=\"elementor-element elementor-element-46883813 elementor-grid-1 elementor-posts--align-left promo-post elementor-grid-tablet-2 elementor-grid-mobile-1 elementor-posts--thumbnail-top elementor-widget elementor-widget-posts\" data-id=\"46883813\" data-element_type=\"widget\" data-settings=\"{&quot;classic_columns&quot;:&quot;1&quot;,&quot;classic_columns_tablet&quot;:&quot;2&quot;,&quot;classic_columns_mobile&quot;:&quot;1&quot;,&quot;classic_row_gap&quot;:{&quot;unit&quot;:&quot;px&quot;,&quot;size&quot;:35,&quot;sizes&quot;:[]},&quot;classic_row_gap_tablet&quot;:{&quot;unit&quot;:&quot;px&quot;,&quot;size&quot;:&quot;&quot;,&quot;sizes&quot;:[]},&quot;classic_row_gap_mobile&quot;:{&quot;unit&quot;:&quot;px&quot;,&quot;size&quot;:&quot;&quot;,&quot;sizes&quot;:[]}}\" data-widget_type=\"posts.classic\">\n\t\t\t\t<div class=\"elementor-widget-container\">\n\t\t\t\t\t\t\t<div class=\"elementor-posts-container elementor-posts elementor-posts--skin-classic elementor-grid\">\n\t\t\t\t<article class=\"elementor-post elementor-grid-item post-58293 3dnews type-3dnews status-publish format-standard has-post-thumbnail hentry tag-drying-filaments-de tag-filament-preparation-de tag-material-management-system-de tag-peak-anealling-de tag-top-article-de\">\n\t\t\t\t<a class=\"elementor-post__thumbnail__link\" href=\"https:\/\/3dgence.com\/de\/3dnews\/material-management-system-mms-absolute-kontrolle-ueber-den-prozess\/\" tabindex=\"-1\" >\n\t\t\t<div class=\"elementor-post__thumbnail\"><img fetchpriority=\"high\" decoding=\"async\" width=\"640\" height=\"427\" src=\"https:\/\/3dgence.com\/wp-content\/uploads\/2022\/08\/MMS-JPG-3-1-1024x683.jpg\" class=\"attachment-large size-large wp-image-33564\" alt=\"Material management system\" srcset=\"https:\/\/3dgence.com\/wp-content\/uploads\/2022\/08\/MMS-JPG-3-1-1024x683.jpg 1024w, https:\/\/3dgence.com\/wp-content\/uploads\/2022\/08\/MMS-JPG-3-1-384x256.jpg 384w, https:\/\/3dgence.com\/wp-content\/uploads\/2022\/08\/MMS-JPG-3-1-768x512.jpg 768w, https:\/\/3dgence.com\/wp-content\/uploads\/2022\/08\/MMS-JPG-3-1-1536x1024.jpg 1536w, https:\/\/3dgence.com\/wp-content\/uploads\/2022\/08\/MMS-JPG-3-1-2048x1365.jpg 2048w\" sizes=\"(max-width: 640px) 100vw, 640px\" \/><\/div>\n\t\t<\/a>\n\t\t\t\t<div class=\"elementor-post__text\">\n\t\t\t\t<h3 class=\"elementor-post__title\">\n\t\t\t<a href=\"https:\/\/3dgence.com\/de\/3dnews\/material-management-system-mms-absolute-kontrolle-ueber-den-prozess\/\" >\n\t\t\t\tMaterial Management System \u2013 take absolute control of the process\t\t\t<\/a>\n\t\t<\/h3>\n\t\t\t\t<div class=\"elementor-post__excerpt\">\n\t\t\t<p>Material Management System (MMS) &#8211; absolute Kontrolle \u00fcber den Prozess Die Filamentvorbereitung ist ein \u00e4u\u00dferst wichtiger Arbeitsschritt in der FFF-3D-Drucktechnologie und gleichzeitig die Phase, in<\/p>\n\t\t<\/div>\n\t\t\n\t\t<a class=\"elementor-post__read-more\" href=\"https:\/\/3dgence.com\/de\/3dnews\/material-management-system-mms-absolute-kontrolle-ueber-den-prozess\/\" aria-label=\"Mehr \u00fcber Material Management System \u2013 take absolute control of the process\" tabindex=\"-1\" >\n\t\t\tWeiterlesen &gt;\t\t<\/a>\n\n\t\t\t\t<\/div>\n\t\t\t\t<\/article>\n\t\t\t\t<\/div>\n\t\t\n\t\t\t\t\t\t<\/div>\n\t\t\t\t<\/div>\n\t\t\t\t\t<\/div>\n\t\t<\/div>\n\t\t\t\t\t<\/div>\n\t\t<\/section>\n\t\t\t\t<section class=\"elementor-section elementor-top-section elementor-element elementor-element-44b2b16 elementor-section-full_width slidersekcja elementor-section-height-default elementor-section-height-default\" data-id=\"44b2b16\" data-element_type=\"section\">\n\t\t\t\t\t\t<div class=\"elementor-container elementor-column-gap-default\">\n\t\t\t\t\t<div class=\"elementor-column elementor-col-100 elementor-top-column elementor-element elementor-element-6fcf99c\" data-id=\"6fcf99c\" data-element_type=\"column\">\n\t\t\t<div class=\"elementor-widget-wrap elementor-element-populated\">\n\t\t\t\t\t\t<div class=\"elementor-element elementor-element-a537931 load-css-more elementor-widget elementor-widget-shortcode\" data-id=\"a537931\" data-element_type=\"widget\" data-widget_type=\"shortcode.default\">\n\t\t\t\t<div class=\"elementor-widget-container\">\n\t\t\t\t\t\t\t<div class=\"elementor-shortcode\">\n    <style>\n        #ajax_fitler_search_results {\n            margin: 0 auto !important;\n            display: grid !important;\n            grid-template-columns: repeat(3, 1fr) !important;\n            grid-auto-rows: 1fr !important;\n            grid-column-gap: 30px !important;\n            grid-row-gap: 30px !important;\n            margin-bottom: 25px !important;\n        }\n\n\n        @media (max-width: 992px) {\n            #ajax_fitler_search_results {\n\n                grid-template-columns: repeat(1, 1fr) !important\n            }\n        }\n    <\/style>\n\n    <\/div>\n\t\t\t\t\t\t<\/div>\n\t\t\t\t<\/div>\n\t\t\t\t<div class=\"elementor-element elementor-element-de41605 elementor-widget elementor-widget-html\" data-id=\"de41605\" data-element_type=\"widget\" data-widget_type=\"html.default\">\n\t\t\t\t<div class=\"elementor-widget-container\">\n\t\t\t\t\t<div class=\"container\">\r\n    <div id=\"my-ajax-filter-search\">\r\n\r\n        <form id=\"knowledgeform\" name=\"knowledgeform\" action=\"\" method=\"get\">\r\n            <div class=\"row mb-5\">\r\n                <div class=\"col-lg-3 d-block mx-auto\">\r\n\r\n                    <select style=\"font-size: 35px;\" name=\"kategoria\" id=\"kategoria\" class=\"bg-white p-3\" onchange=\"return submitAction(event);\">\r\n                        <option style=\"font-size: 16px;\" value=\"\">Show all<\/option>\r\n                        <option style=\"font-size: 16px;\" value=\"Case study\">Case study<\/option>\r\n                        <option style=\"font-size: 16px;\" value=\"White paper\">White paper<\/option>\r\n                        <option style=\"font-size: 16px;\" value=\"News\">News<\/option>\r\n                        <option style=\"font-size: 16px;\" value=\"Article\">Article<\/option>\r\n                    <\/select>\r\n                <\/div>\r\n            <\/div>\r\n            <div class=\"row mb-5\">\r\n                <div class=\"col-lg-3\">\r\n\r\n                    <select name=\"printer\" id=\"printer\" class=\"bg-white p-2\" onchange=\"return submitAction(event);\">\r\n                        <option value=\"\">Printer<\/option>\r\n                        <option value=\"\">All<\/option>\r\n                        \r\n                    <\/select>\r\n                <\/div>\r\n                <div class=\"col-lg-3\">\r\n\r\n                    <select name=\"material\" id=\"material\" class=\"bg-white p-2\" onchange=\"return submitAction(event);\">\r\n                        <option value=\"\">Material<\/option>\r\n                        <option value=\"\">All<\/option>\r\n                        \r\n                    <\/select>\r\n                <\/div>\r\n                <div class=\"col-lg-3\">\r\n\r\n                    <select name=\"application\" id=\"application\" class=\"bg-white p-2\" onchange=\"return submitAction(event);\">\r\n                        <option value=\"\">Application<\/option>\r\n                        <option value=\"\">All<\/option>\r\n                        \r\n                    <\/select>\r\n                <\/div>\r\n                <div class=\"col-lg-3\">\r\n\r\n                    <select name=\"iindustry\" id=\"iindustry\" class=\"bg-white p-2\" onchange=\"return submitAction(event);\">\r\n                        <option value=\"\">Industry<\/option>\r\n                        <option value=\"\">All<\/option>\r\n                        \r\n                    <\/select>\r\n                <\/div>\r\n\r\n\r\n            <\/div>\r\n\r\n        <\/form>\r\n        <input type=\"checkbox\" id=\"load-more\"\/>\r\n        <ul id=\"ajax_fitler_search_results\" class=\"load-button-knowledge-content\"><\/ul>\r\n\r\n\r\n        <label class=\"load-more-btn load-check\" for=\"load-more\">\r\n            <span class=\"unloaded\">Zeig mehr<\/span>\r\n        <\/label>\r\n\r\n    <\/div>\r\n<\/div>\t\t\t\t<\/div>\n\t\t\t\t<\/div>\n\t\t\t\t\t<\/div>\n\t\t<\/div>\n\t\t\t\t\t<\/div>\n\t\t<\/section>\n\t\t\t\t<\/div>\n\t\t","protected":false},"excerpt":{"rendered":"<p>Betreten Sie die Welt des 3D-Drucks und informieren Sie sich \u00fcber die neuesten 3D-Nachrichten Der 3D-Druck war noch nie so zug\u00e4nglich wie jetzt. Diese Technologie hat sich im Laufe der Jahre erheblich weiterentwickelt und kann nun in vielen Anwendungen eine zentrale Rolle spielen. Immer mehr Unternehmen entscheiden sich f\u00fcr den 3D-Druck, um ihre Gesch\u00e4ftsprozesse zu [&hellip;]<\/p>\n","protected":false},"author":4,"featured_media":0,"parent":0,"menu_order":0,"comment_status":"closed","ping_status":"closed","template":"elementor_header_footer","meta":{"_acf_changed":false,"footnotes":""},"class_list":["post-4233","page","type-page","status-publish","hentry"],"acf":[],"yoast_head":"<!-- This site is optimized with the Yoast SEO Premium plugin v24.8 (Yoast SEO v24.8.1) - https:\/\/yoast.com\/wordpress\/plugins\/seo\/ -->\n<title>3D-Druck Ideen - Artikel, Fallstudien, Nachrichten | 3DGence<\/title>\n<meta name=\"description\" content=\"Entdecken Sie 3D-Druck Anwendungen, inspirierende Erfolgsgeschichten, finden Sie die neuesten Nachrichten und umfassende Whitepaper. Lernen Sie aus der 3DGence-Erfahrung.\" \/>\n<meta name=\"robots\" content=\"index, follow, max-snippet:-1, max-image-preview:large, max-video-preview:-1\" \/>\n<link rel=\"canonical\" href=\"https:\/\/3dgence.com\/de\/ideen\/\" \/>\n<meta property=\"og:locale\" content=\"de_DE\" \/>\n<meta property=\"og:type\" content=\"article\" \/>\n<meta property=\"og:title\" content=\"Knowledge\" \/>\n<meta property=\"og:description\" content=\"Entdecken Sie 3D-Druck Anwendungen, inspirierende Erfolgsgeschichten, finden Sie die neuesten Nachrichten und umfassende Whitepaper. Lernen Sie aus der 3DGence-Erfahrung.\" \/>\n<meta property=\"og:url\" content=\"https:\/\/3dgence.com\/de\/ideen\/\" \/>\n<meta property=\"og:site_name\" content=\"3DGence\" \/>\n<meta property=\"article:publisher\" content=\"https:\/\/www.facebook.com\/3dgence\" \/>\n<meta property=\"article:modified_time\" content=\"2023-07-17T10:55:12+00:00\" \/>\n<meta name=\"twitter:card\" content=\"summary_large_image\" \/>\n<meta name=\"twitter:label1\" content=\"Gesch\u00e4tzte Lesezeit\" \/>\n\t<meta name=\"twitter:data1\" content=\"2\u00a0Minuten\" \/>\n<script type=\"application\/ld+json\" class=\"yoast-schema-graph\">{\"@context\":\"https:\/\/schema.org\",\"@graph\":[{\"@type\":\"WebPage\",\"@id\":\"https:\/\/3dgence.com\/de\/ideen\/\",\"url\":\"https:\/\/3dgence.com\/de\/ideen\/\",\"name\":\"3D-Druck Ideen - Artikel, Fallstudien, Nachrichten | 3DGence\",\"isPartOf\":{\"@id\":\"https:\/\/3dgence.com\/de\/#website\"},\"datePublished\":\"2019-12-04T11:14:32+00:00\",\"dateModified\":\"2023-07-17T10:55:12+00:00\",\"description\":\"Entdecken Sie 3D-Druck Anwendungen, inspirierende Erfolgsgeschichten, finden Sie die neuesten Nachrichten und umfassende Whitepaper. Lernen Sie aus der 3DGence-Erfahrung.\",\"breadcrumb\":{\"@id\":\"https:\/\/3dgence.com\/de\/ideen\/#breadcrumb\"},\"inLanguage\":\"de\",\"potentialAction\":[{\"@type\":\"ReadAction\",\"target\":[\"https:\/\/3dgence.com\/de\/ideen\/\"]}]},{\"@type\":\"BreadcrumbList\",\"@id\":\"https:\/\/3dgence.com\/de\/ideen\/#breadcrumb\",\"itemListElement\":[{\"@type\":\"ListItem\",\"position\":1,\"name\":\"Home\",\"item\":\"https:\/\/3dgence.com\/de\/\"},{\"@type\":\"ListItem\",\"position\":2,\"name\":\"Knowledge\"}]},{\"@type\":\"WebSite\",\"@id\":\"https:\/\/3dgence.com\/de\/#website\",\"url\":\"https:\/\/3dgence.com\/de\/\",\"name\":\"3DGence\",\"description\":\"\",\"publisher\":{\"@id\":\"https:\/\/3dgence.com\/de\/#organization\"},\"potentialAction\":[{\"@type\":\"SearchAction\",\"target\":{\"@type\":\"EntryPoint\",\"urlTemplate\":\"https:\/\/3dgence.com\/de\/?s={search_term_string}\"},\"query-input\":{\"@type\":\"PropertyValueSpecification\",\"valueRequired\":true,\"valueName\":\"search_term_string\"}}],\"inLanguage\":\"de\"},{\"@type\":\"Organization\",\"@id\":\"https:\/\/3dgence.com\/de\/#organization\",\"name\":\"3DGENCE\",\"url\":\"https:\/\/3dgence.com\/de\/\",\"logo\":{\"@type\":\"ImageObject\",\"inLanguage\":\"de\",\"@id\":\"https:\/\/3dgence.com\/de\/#\/schema\/logo\/image\/\",\"url\":\"https:\/\/3dgence.com\/wp-content\/uploads\/2020\/03\/3dgence_white_web.png\",\"contentUrl\":\"https:\/\/3dgence.com\/wp-content\/uploads\/2020\/03\/3dgence_white_web.png\",\"width\":1200,\"height\":848,\"caption\":\"3DGENCE\"},\"image\":{\"@id\":\"https:\/\/3dgence.com\/de\/#\/schema\/logo\/image\/\"},\"sameAs\":[\"https:\/\/www.facebook.com\/3dgence\"]}]}<\/script>\n<!-- \/ Yoast SEO Premium plugin. -->","yoast_head_json":{"title":"3D-Druck Ideen - Artikel, Fallstudien, Nachrichten | 3DGence","description":"Entdecken Sie 3D-Druck Anwendungen, inspirierende Erfolgsgeschichten, finden Sie die neuesten Nachrichten und umfassende Whitepaper. Lernen Sie aus der 3DGence-Erfahrung.","robots":{"index":"index","follow":"follow","max-snippet":"max-snippet:-1","max-image-preview":"max-image-preview:large","max-video-preview":"max-video-preview:-1"},"canonical":"https:\/\/3dgence.com\/de\/ideen\/","og_locale":"de_DE","og_type":"article","og_title":"Knowledge","og_description":"Entdecken Sie 3D-Druck Anwendungen, inspirierende Erfolgsgeschichten, finden Sie die neuesten Nachrichten und umfassende Whitepaper. Lernen Sie aus der 3DGence-Erfahrung.","og_url":"https:\/\/3dgence.com\/de\/ideen\/","og_site_name":"3DGence","article_publisher":"https:\/\/www.facebook.com\/3dgence","article_modified_time":"2023-07-17T10:55:12+00:00","twitter_card":"summary_large_image","twitter_misc":{"Gesch\u00e4tzte Lesezeit":"2\u00a0Minuten"},"schema":{"@context":"https:\/\/schema.org","@graph":[{"@type":"WebPage","@id":"https:\/\/3dgence.com\/de\/ideen\/","url":"https:\/\/3dgence.com\/de\/ideen\/","name":"3D-Druck Ideen - Artikel, Fallstudien, Nachrichten | 3DGence","isPartOf":{"@id":"https:\/\/3dgence.com\/de\/#website"},"datePublished":"2019-12-04T11:14:32+00:00","dateModified":"2023-07-17T10:55:12+00:00","description":"Entdecken Sie 3D-Druck Anwendungen, inspirierende Erfolgsgeschichten, finden Sie die neuesten Nachrichten und umfassende Whitepaper. Lernen Sie aus der 3DGence-Erfahrung.","breadcrumb":{"@id":"https:\/\/3dgence.com\/de\/ideen\/#breadcrumb"},"inLanguage":"de","potentialAction":[{"@type":"ReadAction","target":["https:\/\/3dgence.com\/de\/ideen\/"]}]},{"@type":"BreadcrumbList","@id":"https:\/\/3dgence.com\/de\/ideen\/#breadcrumb","itemListElement":[{"@type":"ListItem","position":1,"name":"Home","item":"https:\/\/3dgence.com\/de\/"},{"@type":"ListItem","position":2,"name":"Knowledge"}]},{"@type":"WebSite","@id":"https:\/\/3dgence.com\/de\/#website","url":"https:\/\/3dgence.com\/de\/","name":"3DGence","description":"","publisher":{"@id":"https:\/\/3dgence.com\/de\/#organization"},"potentialAction":[{"@type":"SearchAction","target":{"@type":"EntryPoint","urlTemplate":"https:\/\/3dgence.com\/de\/?s={search_term_string}"},"query-input":{"@type":"PropertyValueSpecification","valueRequired":true,"valueName":"search_term_string"}}],"inLanguage":"de"},{"@type":"Organization","@id":"https:\/\/3dgence.com\/de\/#organization","name":"3DGENCE","url":"https:\/\/3dgence.com\/de\/","logo":{"@type":"ImageObject","inLanguage":"de","@id":"https:\/\/3dgence.com\/de\/#\/schema\/logo\/image\/","url":"https:\/\/3dgence.com\/wp-content\/uploads\/2020\/03\/3dgence_white_web.png","contentUrl":"https:\/\/3dgence.com\/wp-content\/uploads\/2020\/03\/3dgence_white_web.png","width":1200,"height":848,"caption":"3DGENCE"},"image":{"@id":"https:\/\/3dgence.com\/de\/#\/schema\/logo\/image\/"},"sameAs":["https:\/\/www.facebook.com\/3dgence"]}]}},"_links":{"self":[{"href":"https:\/\/3dgence.com\/de\/wp-json\/wp\/v2\/pages\/4233","targetHints":{"allow":["GET"]}}],"collection":[{"href":"https:\/\/3dgence.com\/de\/wp-json\/wp\/v2\/pages"}],"about":[{"href":"https:\/\/3dgence.com\/de\/wp-json\/wp\/v2\/types\/page"}],"author":[{"embeddable":true,"href":"https:\/\/3dgence.com\/de\/wp-json\/wp\/v2\/users\/4"}],"replies":[{"embeddable":true,"href":"https:\/\/3dgence.com\/de\/wp-json\/wp\/v2\/comments?post=4233"}],"version-history":[{"count":16,"href":"https:\/\/3dgence.com\/de\/wp-json\/wp\/v2\/pages\/4233\/revisions"}],"predecessor-version":[{"id":52634,"href":"https:\/\/3dgence.com\/de\/wp-json\/wp\/v2\/pages\/4233\/revisions\/52634"}],"wp:attachment":[{"href":"https:\/\/3dgence.com\/de\/wp-json\/wp\/v2\/media?parent=4233"}],"curies":[{"name":"wp","href":"https:\/\/api.w.org\/{rel}","templated":true}]}}