{"id":14984,"date":"2020-06-09T13:09:27","date_gmt":"2020-06-09T11:09:27","guid":{"rendered":"https:\/\/3dgence.com\/services-3d\/modelisation\/"},"modified":"2020-06-17T09:55:24","modified_gmt":"2020-06-17T07:55:24","slug":"modelisation","status":"publish","type":"page","link":"https:\/\/3dgence.com\/fr\/services-3d\/modelisation\/","title":{"rendered":"Mod\u00e9lisation"},"content":{"rendered":"\t\t<div data-elementor-type=\"wp-page\" data-elementor-id=\"14984\" class=\"elementor elementor-14984 elementor-13453\" data-elementor-post-type=\"page\">\n\t\t\t\t\t\t<section class=\"elementor-section elementor-top-section elementor-element elementor-element-69aacb9e elementor-section-height-min-height nakladka elementor-section-content-middle elementor-section-boxed elementor-section-height-default elementor-section-items-middle\" data-id=\"69aacb9e\" data-element_type=\"section\" data-settings=\"{&quot;background_background&quot;:&quot;classic&quot;}\">\n\t\t\t\t\t\t\t<div class=\"elementor-background-overlay\"><\/div>\n\t\t\t\t\t\t\t<div class=\"elementor-container elementor-column-gap-default\">\n\t\t\t\t\t<div class=\"elementor-column elementor-col-50 elementor-top-column elementor-element elementor-element-7dfc9bcd\" data-id=\"7dfc9bcd\" data-element_type=\"column\">\n\t\t\t<div class=\"elementor-widget-wrap\">\n\t\t\t\t\t\t\t<\/div>\n\t\t<\/div>\n\t\t\t\t<div class=\"elementor-column elementor-col-50 elementor-top-column elementor-element elementor-element-29283ab0 elementor-hidden-tablet elementor-hidden-phone\" data-id=\"29283ab0\" data-element_type=\"column\">\n\t\t\t<div class=\"elementor-widget-wrap\">\n\t\t\t\t\t\t\t<\/div>\n\t\t<\/div>\n\t\t\t\t\t<\/div>\n\t\t<\/section>\n\t\t\t\t<section class=\"elementor-section elementor-top-section elementor-element elementor-element-4a44a9d6 elementor-section-boxed elementor-section-height-default elementor-section-height-default\" data-id=\"4a44a9d6\" data-element_type=\"section\">\n\t\t\t\t\t\t<div class=\"elementor-container elementor-column-gap-default\">\n\t\t\t\t\t<div class=\"elementor-column elementor-col-50 elementor-top-column elementor-element elementor-element-3044e088\" data-id=\"3044e088\" data-element_type=\"column\">\n\t\t\t<div class=\"elementor-widget-wrap elementor-element-populated\">\n\t\t\t\t\t\t<section class=\"elementor-section elementor-inner-section elementor-element elementor-element-25517efa elementor-section-boxed elementor-section-height-default elementor-section-height-default\" data-id=\"25517efa\" data-element_type=\"section\">\n\t\t\t\t\t\t<div class=\"elementor-container elementor-column-gap-default\">\n\t\t\t\t\t<div class=\"elementor-column elementor-col-100 elementor-inner-column elementor-element elementor-element-678403c0\" data-id=\"678403c0\" data-element_type=\"column\">\n\t\t\t<div class=\"elementor-widget-wrap elementor-element-populated\">\n\t\t\t\t\t\t<div class=\"elementor-element elementor-element-73547ec elementor-widget elementor-widget-heading\" data-id=\"73547ec\" data-element_type=\"widget\" data-widget_type=\"heading.default\">\n\t\t\t\t<div class=\"elementor-widget-container\">\n\t\t\t\t\t<h1 class=\"elementor-heading-title elementor-size-default\">Mod\u00e9lisation 3D dans 3DGence<\/h1>\t\t\t\t<\/div>\n\t\t\t\t<\/div>\n\t\t\t\t<div class=\"elementor-element elementor-element-71054b4 elementor-widget elementor-widget-text-editor\" data-id=\"71054b4\" data-element_type=\"widget\" data-widget_type=\"text-editor.default\">\n\t\t\t\t<div class=\"elementor-widget-container\">\n\t\t\t\t\t\t\t\t\t<h2><span style=\"font-size: 14pt;\">\u2022 Nous cr\u00e9ons des mod\u00e8les 3D \u00e0 partir de la documentation 2D<\/span><\/h2>\n<h2><span style=\"font-size: 14pt;\">\u2022 Nous concevons des outils et outillages pour les lignes de production tout en satisfaisant aux besoins des clients<\/span><\/h2>\n<h2><span style=\"font-size: 14pt;\">\u2022 Nous r\u00e9alisons la num\u00e9risation 3D avec pr\u00e9paration de mod\u00e8les solides (STP ou IGS)<\/span><\/h2>\n<h2><span style=\"font-size: 14pt;\">\u2022 Nous concevons pour l&rsquo;impression 3D<\/span><\/h2>\n<div>\u00a0<\/div>\n\t\t\t\t\t\t\t\t<\/div>\n\t\t\t\t<\/div>\n\t\t\t\t\t<\/div>\n\t\t<\/div>\n\t\t\t\t\t<\/div>\n\t\t<\/section>\n\t\t\t\t\t<\/div>\n\t\t<\/div>\n\t\t\t\t<div class=\"elementor-column elementor-col-50 elementor-top-column elementor-element elementor-element-fef547a shadow-box\" data-id=\"fef547a\" data-element_type=\"column\" data-settings=\"{&quot;background_background&quot;:&quot;classic&quot;}\">\n\t\t\t<div class=\"elementor-widget-wrap elementor-element-populated\">\n\t\t\t\t\t\t<section class=\"elementor-section elementor-inner-section elementor-element elementor-element-ec849bf elementor-section-boxed elementor-section-height-default elementor-section-height-default\" data-id=\"ec849bf\" data-element_type=\"section\" data-settings=\"{&quot;background_background&quot;:&quot;classic&quot;}\">\n\t\t\t\t\t\t\t<div class=\"elementor-background-overlay\"><\/div>\n\t\t\t\t\t\t\t<div class=\"elementor-container elementor-column-gap-default\">\n\t\t\t\t\t<div class=\"elementor-column elementor-col-100 elementor-inner-column elementor-element elementor-element-0b21a63\" data-id=\"0b21a63\" data-element_type=\"column\">\n\t\t\t<div class=\"elementor-widget-wrap elementor-element-populated\">\n\t\t\t\t\t\t<div class=\"elementor-element elementor-element-c65aec4 elementor-widget elementor-widget-heading\" data-id=\"c65aec4\" data-element_type=\"widget\" data-widget_type=\"heading.default\">\n\t\t\t\t<div class=\"elementor-widget-container\">\n\t\t\t\t\t<h2 class=\"elementor-heading-title elementor-size-default\">Obtenir un devis gratuit<\/h2>\t\t\t\t<\/div>\n\t\t\t\t<\/div>\n\t\t\t\t<div class=\"elementor-element elementor-element-41009f1 elementor-widget elementor-widget-shortcode\" data-id=\"41009f1\" data-element_type=\"widget\" data-widget_type=\"shortcode.default\">\n\t\t\t\t<div class=\"elementor-widget-container\">\n\t\t\t\t\t\t\t<div class=\"elementor-shortcode\">\n<div class=\"wpcf7 no-js\" id=\"wpcf7-f13784-o1\" lang=\"en-GB\" dir=\"ltr\" data-wpcf7-id=\"13784\">\n<div class=\"screen-reader-response\"><p role=\"status\" aria-live=\"polite\" aria-atomic=\"true\"><\/p> <ul><\/ul><\/div>\n<form action=\"\/fr\/wp-json\/wp\/v2\/pages\/14984#wpcf7-f13784-o1\" method=\"post\" class=\"wpcf7-form init\" aria-label=\"Contact form\" novalidate=\"novalidate\" data-status=\"init\">\n<div style=\"display: none;\">\n<input type=\"hidden\" name=\"_wpcf7\" value=\"13784\" \/>\n<input type=\"hidden\" name=\"_wpcf7_version\" value=\"6.0.6\" \/>\n<input type=\"hidden\" name=\"_wpcf7_locale\" value=\"en_GB\" \/>\n<input type=\"hidden\" name=\"_wpcf7_unit_tag\" value=\"wpcf7-f13784-o1\" \/>\n<input type=\"hidden\" name=\"_wpcf7_container_post\" value=\"0\" \/>\n<input type=\"hidden\" name=\"_wpcf7_posted_data_hash\" value=\"\" \/>\n<input type=\"hidden\" name=\"_wpcf7_recaptcha_response\" value=\"\" \/>\n<\/div>\n<div class=\"col-lg=12\">\n\t<div class=\"row\">\n\t\t<div class=\"col-12\">\n\t\t\t<p><span class=\"wpcf7-form-control-wrap\" data-name=\"your-name\"><input size=\"40\" maxlength=\"400\" class=\"wpcf7-form-control wpcf7-text wpcf7-validates-as-required w-100 mb-2 border p-2 pl-3 text-dark\" aria-required=\"true\" aria-invalid=\"false\" placeholder=\"Pr\u00e9nom et nom\" value=\"\" type=\"text\" name=\"your-name\" \/><\/span>\n\t\t\t<\/p>\n\t\t<\/div>\n\t\t<div class=\"col-12\">\n\t\t\t<p><span class=\"wpcf7-form-control-wrap\" data-name=\"your-company\"><input size=\"40\" maxlength=\"400\" class=\"wpcf7-form-control wpcf7-text wpcf7-validates-as-required w-100 mb-2 border p-2 pl-3 text-dark\" aria-required=\"true\" aria-invalid=\"false\" placeholder=\"Entreprise\" value=\"\" type=\"text\" name=\"your-company\" \/><\/span>\n\t\t\t<\/p>\n\t\t<\/div>\n\t\t<div class=\"col-12\">\n\t\t\t<p><span class=\"wpcf7-form-control-wrap\" data-name=\"your-country\"><input size=\"40\" maxlength=\"400\" class=\"wpcf7-form-control wpcf7-text wpcf7-validates-as-required w-100 mb-2 border p-2 pl-3 text-dark\" aria-required=\"true\" aria-invalid=\"false\" placeholder=\"Pays\" value=\"\" type=\"text\" name=\"your-country\" \/><\/span>\n\t\t\t<\/p>\n\t\t<\/div>\n\t\t<div class=\"col-12\">\n\t\t\t<p><span class=\"wpcf7-form-control-wrap\" data-name=\"your-email-company\"><input size=\"40\" maxlength=\"400\" class=\"wpcf7-form-control wpcf7-email wpcf7-validates-as-required wpcf7-text wpcf7-validates-as-email w-100 mb-2 border p-2 pl-3 text-dark\" aria-required=\"true\" aria-invalid=\"false\" placeholder=\"Courriel de l&#039;entreprise\" value=\"\" type=\"email\" name=\"your-email-company\" \/><\/span>\n\t\t\t<\/p>\n\t\t<\/div>\n\t\t<div class=\"col-12\">\n\t\t\t<p><span class=\"wpcf7-form-control-wrap\" data-name=\"tel\"><input size=\"40\" maxlength=\"400\" class=\"wpcf7-form-control wpcf7-tel wpcf7-validates-as-required wpcf7-text wpcf7-validates-as-tel w-100 mb-2 border p-2 pl-3 text-dark\" aria-required=\"true\" aria-invalid=\"false\" placeholder=\"Num\u00e9ro de t\u00e9l\u00e9phone*\" value=\"\" type=\"tel\" name=\"tel\" \/><\/span>\n\t\t\t<\/p>\n\t\t<\/div>\n\t\t<div class=\"col-12\">\n\t\t\t<p><span class=\"wpcf7-form-control-wrap\" data-name=\"your-message\"><textarea cols=\"40\" rows=\"4\" maxlength=\"2000\" class=\"wpcf7-form-control wpcf7-textarea w-100 mb-2 border p-2 pl-3 text-dark\" aria-invalid=\"false\" placeholder=\"Comment pouvons-nous vous aider?\" name=\"your-message\"><\/textarea><\/span>\n\t\t\t<\/p>\n\t\t<\/div>\n\t\t<p><span class=\"wpcf7-form-control-wrap submission_id\"><input class=\"wpcf7-form-control wpcf7-submission_id_hidden wpcf7-validates-as-number\" readonly=\"readonly\" aria-invalid=\"false\" value=\"4382\" name=\"submission_id\" type=\"hidden\" \/><\/span>\n\t\t<\/p>\n\t\t<div class=\"col-12\">\n\t\t\t<p><span class=\"wpcf7-form-control-wrap\" data-name=\"upload-file-506\"><input size=\"40\" class=\"wpcf7-form-control wpcf7-drag-n-drop-file d-none\" id=\"upload\" aria-invalid=\"false\" type=\"file\" multiple=\"multiple\" data-name=\"upload-file-506\" data-type=\"jpeg|jpg|pdf|png|gif|stl|igs|dwg|dxf|dgn|obj|stp|x_t|iges|step|sat|ipt|par|x_t\" data-limit=\"10000000\" data-id=\"13784\" data-version=\"free version 1.3.8.8\" accept=\".jpeg, .jpg, .pdf, .png, .gif, .stl, .igs, .dwg, .dxf, .dgn, .obj, .stp, .x_t, .iges, .step, .sat, .ipt, .par, .x_t\" \/><\/span>\n\t\t\t<\/p>\n\t\t<\/div>\n\t\t<div class=\"col-12\">\n\t\t\t<p><span class=\"wpcf7-form-control-wrap\" data-name=\"acceptance-379\"><span class=\"wpcf7-form-control wpcf7-acceptance\"><span class=\"wpcf7-list-item\"><label><input type=\"checkbox\" name=\"acceptance-379\" value=\"1\" aria-invalid=\"false\" \/><span class=\"wpcf7-list-item-label\">I agree to the <a href=https:\/\/3dgence.com\/policy\/>Privacy and cookie policy<\/a>.<\/span><\/label><\/span><\/span><\/span>\n\t\t\t<\/p>\n\t\t<\/div>\n\t\t<p><input type=\"hidden\" id=\"zc_gad\" name=\"zc_gad\" value=\"\" \/>\n\t\t<\/p>\n\t<input class=\"wpcf7-form-control wpcf7-hidden\" id=\"formgclid\" value=\"gclid\" type=\"hidden\" name=\"formgclid\" \/>\n\t<input class=\"wpcf7-form-control wpcf7-hidden\" id=\"formutmz\" value=\"\" type=\"hidden\" name=\"formutmz\" \/>\n\t\t<div class=\"col-12\">\n\t\t\t<p><input class=\"wpcf7-form-control wpcf7-submit has-spinner btn float-right\" type=\"submit\" value=\"Demandez un devis\" \/>\n\t\t\t<\/p>\n\t\t<\/div>\n\t<\/div>\n<\/div><input type='hidden' class='wpcf7-pum' value='{\"closepopup\":false,\"closedelay\":0,\"openpopup\":false,\"openpopup_id\":0}' \/><div class=\"wpcf7-response-output\" aria-hidden=\"true\"><\/div>\n<\/form>\n<\/div>\n<\/div>\n\t\t\t\t\t\t<\/div>\n\t\t\t\t<\/div>\n\t\t\t\t\t<\/div>\n\t\t<\/div>\n\t\t\t\t\t<\/div>\n\t\t<\/section>\n\t\t\t\t\t<\/div>\n\t\t<\/div>\n\t\t\t\t\t<\/div>\n\t\t<\/section>\n\t\t\t\t<section class=\"elementor-section elementor-top-section elementor-element elementor-element-18ba6af elementor-section-full_width elementor-section-content-middle elementor-section-height-default elementor-section-height-default\" data-id=\"18ba6af\" data-element_type=\"section\" data-settings=\"{&quot;background_background&quot;:&quot;classic&quot;}\">\n\t\t\t\t\t\t<div class=\"elementor-container elementor-column-gap-default\">\n\t\t\t\t\t<div class=\"elementor-column elementor-col-50 elementor-top-column elementor-element elementor-element-4e8cb55 elementor-hidden-tablet elementor-hidden-phone\" data-id=\"4e8cb55\" data-element_type=\"column\" data-settings=\"{&quot;background_background&quot;:&quot;classic&quot;}\">\n\t\t\t<div class=\"elementor-widget-wrap elementor-element-populated\">\n\t\t\t\t\t\t\t<\/div>\n\t\t<\/div>\n\t\t\t\t<div class=\"elementor-column elementor-col-50 elementor-top-column elementor-element elementor-element-4c0c4cc\" data-id=\"4c0c4cc\" data-element_type=\"column\">\n\t\t\t<div class=\"elementor-widget-wrap elementor-element-populated\">\n\t\t\t\t\t\t<div class=\"elementor-element elementor-element-ab5fb47 elementor-hidden-desktop elementor-widget elementor-widget-image\" data-id=\"ab5fb47\" data-element_type=\"widget\" data-widget_type=\"image.default\">\n\t\t\t\t<div class=\"elementor-widget-container\">\n\t\t\t\t\t\t\t\t\t\t\t\t\t\t\t<img fetchpriority=\"high\" decoding=\"async\" width=\"2560\" height=\"1707\" src=\"https:\/\/3dgence.com\/wp-content\/uploads\/2020\/02\/IMG_8640.jpg\" class=\"attachment-full size-full wp-image-8830\" alt=\"\" \/>\t\t\t\t\t\t\t\t\t\t\t\t\t\t\t<\/div>\n\t\t\t\t<\/div>\n\t\t\t\t<div class=\"elementor-element elementor-element-f5047b0 elementor-widget elementor-widget-text-editor\" data-id=\"f5047b0\" data-element_type=\"widget\" data-widget_type=\"text-editor.default\">\n\t\t\t\t<div class=\"elementor-widget-container\">\n\t\t\t\t\t\t\t\t\t<p><span style=\"font-weight: 400;\">Cr\u00e9ation de mod\u00e8les CAO sur la base de la documentation technique soumise.<\/span><\/p>\n<p><span style=\"font-weight: 400;\">Le processus de cr\u00e9ation des mod\u00e8les CAO est bas\u00e9 sur la documentation technique envoy\u00e9e par le client. Un mod\u00e8le num\u00e9rique 3D est ensuite g\u00e9n\u00e9r\u00e9 pour une impression ult\u00e9rieure dans la technologie d&rsquo;impression 3D choisie. Les formats les plus courants utilis\u00e9s pour cr\u00e9er des mod\u00e8les num\u00e9riques sont les suivants : IGS, OBJ, STP, X_T, STL, AutoCad, CATIA, STEP, REVIT, IronCAD, FreeCAD, SAT, PARASOLID, NX, Blender, ACIS, 3DMAX, CREO, ArchiCAD, IGES, Inventor, SolidEdge, SolidWorks, Rhino, ThinkDesign, ZW3D, SketchUp et autres.<\/span><\/p>\n\t\t\t\t\t\t\t\t<\/div>\n\t\t\t\t<\/div>\n\t\t\t\t\t<\/div>\n\t\t<\/div>\n\t\t\t\t\t<\/div>\n\t\t<\/section>\n\t\t\t\t<\/div>\n\t\t","protected":false},"excerpt":{"rendered":"<p>Mod\u00e9lisation 3D dans 3DGence \u2022 Nous cr\u00e9ons des mod\u00e8les 3D \u00e0 partir de la documentation 2D \u2022 Nous concevons des outils et outillages pour les lignes de production tout en satisfaisant aux besoins des clients \u2022 Nous r\u00e9alisons la num\u00e9risation 3D avec pr\u00e9paration de mod\u00e8les solides (STP ou IGS) \u2022 Nous concevons pour l&rsquo;impression 3D [&hellip;]<\/p>\n","protected":false},"author":4,"featured_media":0,"parent":11738,"menu_order":0,"comment_status":"closed","ping_status":"closed","template":"elementor_header_footer","meta":{"_acf_changed":false,"footnotes":""},"class_list":["post-14984","page","type-page","status-publish","hentry"],"acf":[],"yoast_head":"<!-- This site is optimized with the Yoast SEO Premium plugin v24.8 (Yoast SEO v24.8.1) - https:\/\/yoast.com\/wordpress\/plugins\/seo\/ -->\n<title>Mod\u00e9lisation 3D - 3D services | 3DGence<\/title>\n<meta name=\"description\" content=\"Nous cr\u00e9ons des mod\u00e8les 3D \u00e0 partir de la documentation 2D. Nous concevons des outils et outillages pour les lignes de production tout en satisfaisant aux besoins des clients. Contactez-nous.\" \/>\n<meta name=\"robots\" content=\"index, follow, max-snippet:-1, max-image-preview:large, max-video-preview:-1\" \/>\n<link rel=\"canonical\" href=\"https:\/\/3dgence.com\/fr\/services-3d\/modelisation\/\" \/>\n<meta property=\"og:locale\" content=\"fr_FR\" \/>\n<meta property=\"og:type\" content=\"article\" \/>\n<meta property=\"og:title\" content=\"Mod\u00e9lisation\" \/>\n<meta property=\"og:description\" content=\"Nous cr\u00e9ons des mod\u00e8les 3D \u00e0 partir de la documentation 2D. Nous concevons des outils et outillages pour les lignes de production tout en satisfaisant aux besoins des clients. Contactez-nous.\" \/>\n<meta property=\"og:url\" content=\"https:\/\/3dgence.com\/fr\/services-3d\/modelisation\/\" \/>\n<meta property=\"og:site_name\" content=\"3DGence\" \/>\n<meta property=\"article:publisher\" content=\"https:\/\/www.facebook.com\/3dgence\" \/>\n<meta property=\"article:modified_time\" content=\"2020-06-17T07:55:24+00:00\" \/>\n<meta property=\"og:image\" content=\"https:\/\/3dgence.com\/wp-content\/uploads\/2020\/02\/IMG_8640.jpg\" \/>\n<meta name=\"twitter:card\" content=\"summary_large_image\" \/>\n<meta name=\"twitter:label1\" content=\"Dur\u00e9e de lecture estim\u00e9e\" \/>\n\t<meta name=\"twitter:data1\" content=\"1 minute\" \/>\n<script type=\"application\/ld+json\" class=\"yoast-schema-graph\">{\"@context\":\"https:\/\/schema.org\",\"@graph\":[{\"@type\":\"WebPage\",\"@id\":\"https:\/\/3dgence.com\/fr\/services-3d\/modelisation\/\",\"url\":\"https:\/\/3dgence.com\/fr\/services-3d\/modelisation\/\",\"name\":\"Mod\u00e9lisation 3D - 3D services | 3DGence\",\"isPartOf\":{\"@id\":\"https:\/\/3dgence.com\/fr\/#website\"},\"primaryImageOfPage\":{\"@id\":\"https:\/\/3dgence.com\/fr\/services-3d\/modelisation\/#primaryimage\"},\"image\":{\"@id\":\"https:\/\/3dgence.com\/fr\/services-3d\/modelisation\/#primaryimage\"},\"thumbnailUrl\":\"https:\/\/3dgence.com\/wp-content\/uploads\/2020\/02\/IMG_8640.jpg\",\"datePublished\":\"2020-06-09T11:09:27+00:00\",\"dateModified\":\"2020-06-17T07:55:24+00:00\",\"description\":\"Nous cr\u00e9ons des mod\u00e8les 3D \u00e0 partir de la documentation 2D. Nous concevons des outils et outillages pour les lignes de production tout en satisfaisant aux besoins des clients. Contactez-nous.\",\"breadcrumb\":{\"@id\":\"https:\/\/3dgence.com\/fr\/services-3d\/modelisation\/#breadcrumb\"},\"inLanguage\":\"fr-FR\",\"potentialAction\":[{\"@type\":\"ReadAction\",\"target\":[\"https:\/\/3dgence.com\/fr\/services-3d\/modelisation\/\"]}]},{\"@type\":\"ImageObject\",\"inLanguage\":\"fr-FR\",\"@id\":\"https:\/\/3dgence.com\/fr\/services-3d\/modelisation\/#primaryimage\",\"url\":\"https:\/\/3dgence.com\/wp-content\/uploads\/2020\/02\/IMG_8640.jpg\",\"contentUrl\":\"https:\/\/3dgence.com\/wp-content\/uploads\/2020\/02\/IMG_8640.jpg\"},{\"@type\":\"BreadcrumbList\",\"@id\":\"https:\/\/3dgence.com\/fr\/services-3d\/modelisation\/#breadcrumb\",\"itemListElement\":[{\"@type\":\"ListItem\",\"position\":1,\"name\":\"Home\",\"item\":\"https:\/\/3dgence.com\/fr\/\"},{\"@type\":\"ListItem\",\"position\":2,\"name\":\"Services d&rsquo;impression 3D\",\"item\":\"https:\/\/www.3dgence.com\/fr\/services-3d\/\"},{\"@type\":\"ListItem\",\"position\":3,\"name\":\"Mod\u00e9lisation\"}]},{\"@type\":\"WebSite\",\"@id\":\"https:\/\/3dgence.com\/fr\/#website\",\"url\":\"https:\/\/3dgence.com\/fr\/\",\"name\":\"3DGence\",\"description\":\"\",\"publisher\":{\"@id\":\"https:\/\/3dgence.com\/fr\/#organization\"},\"potentialAction\":[{\"@type\":\"SearchAction\",\"target\":{\"@type\":\"EntryPoint\",\"urlTemplate\":\"https:\/\/3dgence.com\/fr\/?s={search_term_string}\"},\"query-input\":{\"@type\":\"PropertyValueSpecification\",\"valueRequired\":true,\"valueName\":\"search_term_string\"}}],\"inLanguage\":\"fr-FR\"},{\"@type\":\"Organization\",\"@id\":\"https:\/\/3dgence.com\/fr\/#organization\",\"name\":\"3DGENCE\",\"url\":\"https:\/\/3dgence.com\/fr\/\",\"logo\":{\"@type\":\"ImageObject\",\"inLanguage\":\"fr-FR\",\"@id\":\"https:\/\/3dgence.com\/fr\/#\/schema\/logo\/image\/\",\"url\":\"https:\/\/3dgence.com\/wp-content\/uploads\/2020\/03\/3dgence_white_web.png\",\"contentUrl\":\"https:\/\/3dgence.com\/wp-content\/uploads\/2020\/03\/3dgence_white_web.png\",\"width\":1200,\"height\":848,\"caption\":\"3DGENCE\"},\"image\":{\"@id\":\"https:\/\/3dgence.com\/fr\/#\/schema\/logo\/image\/\"},\"sameAs\":[\"https:\/\/www.facebook.com\/3dgence\"]}]}<\/script>\n<!-- \/ Yoast SEO Premium plugin. -->","yoast_head_json":{"title":"Mod\u00e9lisation 3D - 3D services | 3DGence","description":"Nous cr\u00e9ons des mod\u00e8les 3D \u00e0 partir de la documentation 2D. Nous concevons des outils et outillages pour les lignes de production tout en satisfaisant aux besoins des clients. Contactez-nous.","robots":{"index":"index","follow":"follow","max-snippet":"max-snippet:-1","max-image-preview":"max-image-preview:large","max-video-preview":"max-video-preview:-1"},"canonical":"https:\/\/3dgence.com\/fr\/services-3d\/modelisation\/","og_locale":"fr_FR","og_type":"article","og_title":"Mod\u00e9lisation","og_description":"Nous cr\u00e9ons des mod\u00e8les 3D \u00e0 partir de la documentation 2D. Nous concevons des outils et outillages pour les lignes de production tout en satisfaisant aux besoins des clients. Contactez-nous.","og_url":"https:\/\/3dgence.com\/fr\/services-3d\/modelisation\/","og_site_name":"3DGence","article_publisher":"https:\/\/www.facebook.com\/3dgence","article_modified_time":"2020-06-17T07:55:24+00:00","og_image":[{"url":"https:\/\/3dgence.com\/wp-content\/uploads\/2020\/02\/IMG_8640.jpg","type":"","width":"","height":""}],"twitter_card":"summary_large_image","twitter_misc":{"Dur\u00e9e de lecture estim\u00e9e":"1 minute"},"schema":{"@context":"https:\/\/schema.org","@graph":[{"@type":"WebPage","@id":"https:\/\/3dgence.com\/fr\/services-3d\/modelisation\/","url":"https:\/\/3dgence.com\/fr\/services-3d\/modelisation\/","name":"Mod\u00e9lisation 3D - 3D services | 3DGence","isPartOf":{"@id":"https:\/\/3dgence.com\/fr\/#website"},"primaryImageOfPage":{"@id":"https:\/\/3dgence.com\/fr\/services-3d\/modelisation\/#primaryimage"},"image":{"@id":"https:\/\/3dgence.com\/fr\/services-3d\/modelisation\/#primaryimage"},"thumbnailUrl":"https:\/\/3dgence.com\/wp-content\/uploads\/2020\/02\/IMG_8640.jpg","datePublished":"2020-06-09T11:09:27+00:00","dateModified":"2020-06-17T07:55:24+00:00","description":"Nous cr\u00e9ons des mod\u00e8les 3D \u00e0 partir de la documentation 2D. Nous concevons des outils et outillages pour les lignes de production tout en satisfaisant aux besoins des clients. Contactez-nous.","breadcrumb":{"@id":"https:\/\/3dgence.com\/fr\/services-3d\/modelisation\/#breadcrumb"},"inLanguage":"fr-FR","potentialAction":[{"@type":"ReadAction","target":["https:\/\/3dgence.com\/fr\/services-3d\/modelisation\/"]}]},{"@type":"ImageObject","inLanguage":"fr-FR","@id":"https:\/\/3dgence.com\/fr\/services-3d\/modelisation\/#primaryimage","url":"https:\/\/3dgence.com\/wp-content\/uploads\/2020\/02\/IMG_8640.jpg","contentUrl":"https:\/\/3dgence.com\/wp-content\/uploads\/2020\/02\/IMG_8640.jpg"},{"@type":"BreadcrumbList","@id":"https:\/\/3dgence.com\/fr\/services-3d\/modelisation\/#breadcrumb","itemListElement":[{"@type":"ListItem","position":1,"name":"Home","item":"https:\/\/3dgence.com\/fr\/"},{"@type":"ListItem","position":2,"name":"Services d&rsquo;impression 3D","item":"https:\/\/www.3dgence.com\/fr\/services-3d\/"},{"@type":"ListItem","position":3,"name":"Mod\u00e9lisation"}]},{"@type":"WebSite","@id":"https:\/\/3dgence.com\/fr\/#website","url":"https:\/\/3dgence.com\/fr\/","name":"3DGence","description":"","publisher":{"@id":"https:\/\/3dgence.com\/fr\/#organization"},"potentialAction":[{"@type":"SearchAction","target":{"@type":"EntryPoint","urlTemplate":"https:\/\/3dgence.com\/fr\/?s={search_term_string}"},"query-input":{"@type":"PropertyValueSpecification","valueRequired":true,"valueName":"search_term_string"}}],"inLanguage":"fr-FR"},{"@type":"Organization","@id":"https:\/\/3dgence.com\/fr\/#organization","name":"3DGENCE","url":"https:\/\/3dgence.com\/fr\/","logo":{"@type":"ImageObject","inLanguage":"fr-FR","@id":"https:\/\/3dgence.com\/fr\/#\/schema\/logo\/image\/","url":"https:\/\/3dgence.com\/wp-content\/uploads\/2020\/03\/3dgence_white_web.png","contentUrl":"https:\/\/3dgence.com\/wp-content\/uploads\/2020\/03\/3dgence_white_web.png","width":1200,"height":848,"caption":"3DGENCE"},"image":{"@id":"https:\/\/3dgence.com\/fr\/#\/schema\/logo\/image\/"},"sameAs":["https:\/\/www.facebook.com\/3dgence"]}]}},"_links":{"self":[{"href":"https:\/\/3dgence.com\/fr\/wp-json\/wp\/v2\/pages\/14984","targetHints":{"allow":["GET"]}}],"collection":[{"href":"https:\/\/3dgence.com\/fr\/wp-json\/wp\/v2\/pages"}],"about":[{"href":"https:\/\/3dgence.com\/fr\/wp-json\/wp\/v2\/types\/page"}],"author":[{"embeddable":true,"href":"https:\/\/3dgence.com\/fr\/wp-json\/wp\/v2\/users\/4"}],"replies":[{"embeddable":true,"href":"https:\/\/3dgence.com\/fr\/wp-json\/wp\/v2\/comments?post=14984"}],"version-history":[{"count":0,"href":"https:\/\/3dgence.com\/fr\/wp-json\/wp\/v2\/pages\/14984\/revisions"}],"up":[{"embeddable":true,"href":"https:\/\/3dgence.com\/fr\/wp-json\/wp\/v2\/pages\/11738"}],"wp:attachment":[{"href":"https:\/\/3dgence.com\/fr\/wp-json\/wp\/v2\/media?parent=14984"}],"curies":[{"name":"wp","href":"https:\/\/api.w.org\/{rel}","templated":true}]}}