{"id":7613,"date":"2020-01-31T15:01:23","date_gmt":"2020-01-31T14:01:23","guid":{"rendered":"https:\/\/3dgence.com\/?page_id=7613"},"modified":"2023-07-17T12:54:33","modified_gmt":"2023-07-17T10:54:33","slug":"connaissance","status":"publish","type":"page","link":"https:\/\/3dgence.com\/fr\/connaissance\/","title":{"rendered":"Knowledge"},"content":{"rendered":"\t\t<div data-elementor-type=\"wp-page\" data-elementor-id=\"7613\" class=\"elementor elementor-7613 elementor-1070\" data-elementor-post-type=\"page\">\n\t\t\t\t\t\t<section class=\"elementor-section elementor-top-section elementor-element elementor-element-19ec8a5 elementor-section-full_width slidersekcja elementor-section-height-default elementor-section-height-default\" data-id=\"19ec8a5\" data-element_type=\"section\">\n\t\t\t\t\t\t<div class=\"elementor-container elementor-column-gap-default\">\n\t\t\t\t\t<div class=\"elementor-column elementor-col-100 elementor-top-column elementor-element elementor-element-6f83875\" data-id=\"6f83875\" data-element_type=\"column\">\n\t\t\t<div class=\"elementor-widget-wrap elementor-element-populated\">\n\t\t\t\t\t\t<div class=\"elementor-element elementor-element-407c7e6 elementor-widget elementor-widget-shortcode\" data-id=\"407c7e6\" data-element_type=\"widget\" data-widget_type=\"shortcode.default\">\n\t\t\t\t<div class=\"elementor-widget-container\">\n\t\t\t\t\t\t\t<div class=\"elementor-shortcode\"><\/div>\n\t\t\t\t\t\t<\/div>\n\t\t\t\t<\/div>\n\t\t\t\t\t<\/div>\n\t\t<\/div>\n\t\t\t\t\t<\/div>\n\t\t<\/section>\n\t\t\t\t<section class=\"elementor-section elementor-top-section elementor-element elementor-element-5c422cd elementor-section-boxed elementor-section-height-default elementor-section-height-default\" data-id=\"5c422cd\" data-element_type=\"section\" data-settings=\"{&quot;background_background&quot;:&quot;classic&quot;}\">\n\t\t\t\t\t\t\t<div class=\"elementor-background-overlay\"><\/div>\n\t\t\t\t\t\t\t<div class=\"elementor-container elementor-column-gap-default\">\n\t\t\t\t\t<div class=\"elementor-column elementor-col-100 elementor-top-column elementor-element elementor-element-9020d72\" data-id=\"9020d72\" data-element_type=\"column\" data-settings=\"{&quot;background_background&quot;:&quot;classic&quot;}\">\n\t\t\t<div class=\"elementor-widget-wrap elementor-element-populated\">\n\t\t\t\t\t\t<div class=\"elementor-element elementor-element-f697e07 elementor-widget elementor-widget-heading\" data-id=\"f697e07\" data-element_type=\"widget\" data-widget_type=\"heading.default\">\n\t\t\t\t<div class=\"elementor-widget-container\">\n\t\t\t\t\t<h1 class=\"elementor-heading-title elementor-size-default\">Entrez dans l\u2019univers de l'impression 3D et obtenez les derni\u00e8res informations<\/h1>\t\t\t\t<\/div>\n\t\t\t\t<\/div>\n\t\t\t\t<div class=\"elementor-element elementor-element-7bab03a elementor-widget elementor-widget-text-editor\" data-id=\"7bab03a\" data-element_type=\"widget\" data-widget_type=\"text-editor.default\">\n\t\t\t\t<div class=\"elementor-widget-container\">\n\t\t\t\t\t\t\t\t\t<p>L\u2019impression 3D n\u2019a jamais \u00e9t\u00e9 aussi accessible. Cette technologie s\u2019est beaucoup d\u00e9velopp\u00e9e au fil des ans et joue un r\u00f4le important dans de nombreuses applications. De plus en plus d\u2019entreprises choisissent de mettre en \u0153uvre l\u2019impression 3D pour optimiser leurs process d\u2019affaires.<\/p>\r\n<p>Profitez des avantages d\u2019une production quotidienne incr\u00e9mentale dans la fabrication de pi\u00e8ces de machines, de lignes de production, d\u2019outillages et de prototypes.<\/p>\r\n<p>D\u00e9couvrez l\u2019application de l\u2019impression 3D dans diverses industries, des \u00e9tudes de cas inspirantes, les derni\u00e8res nouvelles et des articles complets. C\u2019est une source de connaissances sur tout ce qui concerne la technologie d\u2019impression 3D. Apprenez de l\u2019exp\u00e9rience de 3DGence.<\/p>\t\t\t\t\t\t\t\t<\/div>\n\t\t\t\t<\/div>\n\t\t\t\t\t<\/div>\n\t\t<\/div>\n\t\t\t\t\t<\/div>\n\t\t<\/section>\n\t\t\t\t<section class=\"elementor-section elementor-top-section elementor-element elementor-element-4b2625a0 spotlight-article elementor-section-boxed elementor-section-height-default elementor-section-height-default\" data-id=\"4b2625a0\" data-element_type=\"section\">\n\t\t\t\t\t\t<div class=\"elementor-container elementor-column-gap-default\">\n\t\t\t\t\t<div class=\"elementor-column elementor-col-100 elementor-top-column elementor-element elementor-element-57c6d35a\" data-id=\"57c6d35a\" data-element_type=\"column\">\n\t\t\t<div class=\"elementor-widget-wrap elementor-element-populated\">\n\t\t\t\t\t\t<div class=\"elementor-element elementor-element-43cf9b9 elementor-widget elementor-widget-heading\" data-id=\"43cf9b9\" data-element_type=\"widget\" data-widget_type=\"heading.default\">\n\t\t\t\t<div class=\"elementor-widget-container\">\n\t\t\t\t\t<h2 class=\"elementor-heading-title elementor-size-default\">ARTICLE VEDETTE<\/h2>\t\t\t\t<\/div>\n\t\t\t\t<\/div>\n\t\t\t\t\t<\/div>\n\t\t<\/div>\n\t\t\t\t\t<\/div>\n\t\t<\/section>\n\t\t\t\t<section class=\"elementor-section elementor-top-section elementor-element elementor-element-44b2b16 elementor-section-full_width slidersekcja elementor-section-height-default elementor-section-height-default\" data-id=\"44b2b16\" data-element_type=\"section\">\n\t\t\t\t\t\t<div class=\"elementor-container elementor-column-gap-default\">\n\t\t\t\t\t<div class=\"elementor-column elementor-col-100 elementor-top-column elementor-element elementor-element-6fcf99c\" data-id=\"6fcf99c\" data-element_type=\"column\">\n\t\t\t<div class=\"elementor-widget-wrap elementor-element-populated\">\n\t\t\t\t\t\t<div class=\"elementor-element elementor-element-a537931 load-css-more elementor-widget elementor-widget-shortcode\" data-id=\"a537931\" data-element_type=\"widget\" data-widget_type=\"shortcode.default\">\n\t\t\t\t<div class=\"elementor-widget-container\">\n\t\t\t\t\t\t\t<div class=\"elementor-shortcode\">\n    <style>\n        #ajax_fitler_search_results {\n            margin: 0 auto !important;\n            display: grid !important;\n            grid-template-columns: repeat(3, 1fr) !important;\n            grid-auto-rows: 1fr !important;\n            grid-column-gap: 30px !important;\n            grid-row-gap: 30px !important;\n            margin-bottom: 25px !important;\n        }\n\n\n        @media (max-width: 992px) {\n            #ajax_fitler_search_results {\n\n                grid-template-columns: repeat(1, 1fr) !important\n            }\n        }\n    <\/style>\n\n    <\/div>\n\t\t\t\t\t\t<\/div>\n\t\t\t\t<\/div>\n\t\t\t\t<div class=\"elementor-element elementor-element-de41605 elementor-widget elementor-widget-html\" data-id=\"de41605\" data-element_type=\"widget\" data-widget_type=\"html.default\">\n\t\t\t\t<div class=\"elementor-widget-container\">\n\t\t\t\t\t<div class=\"container\">\r\n    <div id=\"my-ajax-filter-search\">\r\n\r\n        <form id=\"knowledgeform\" name=\"knowledgeform\" action=\"\" method=\"get\">\r\n            <div class=\"row mb-5\">\r\n                <div class=\"col-lg-3 d-block mx-auto\">\r\n\r\n                    <select style=\"font-size: 35px;\" name=\"kategoria\" id=\"kategoria\" class=\"bg-white p-3\" onchange=\"return submitAction(event);\">\r\n                        <option style=\"font-size: 16px;\" value=\"\">Show all<\/option>\r\n                        <option style=\"font-size: 16px;\" value=\"Case study\">Case study<\/option>\r\n                        <option style=\"font-size: 16px;\" value=\"White paper\">White paper<\/option>\r\n                        <option style=\"font-size: 16px;\" value=\"News\">News<\/option>\r\n                        <option style=\"font-size: 16px;\" value=\"Article\">Article<\/option>\r\n                    <\/select>\r\n                <\/div>\r\n            <\/div>\r\n            <div class=\"row mb-5\">\r\n                <div class=\"col-lg-3\">\r\n\r\n                    <select name=\"printer\" id=\"printer\" class=\"bg-white p-2\" onchange=\"return submitAction(event);\">\r\n                        <option value=\"\">Printer<\/option>\r\n                        <option value=\"\">All<\/option>\r\n                        \r\n                    <\/select>\r\n                <\/div>\r\n                <div class=\"col-lg-3\">\r\n\r\n                    <select name=\"material\" id=\"material\" class=\"bg-white p-2\" onchange=\"return submitAction(event);\">\r\n                        <option value=\"\">Material<\/option>\r\n                        <option value=\"\">All<\/option>\r\n                        \r\n                    <\/select>\r\n                <\/div>\r\n                <div class=\"col-lg-3\">\r\n\r\n                    <select name=\"application\" id=\"application\" class=\"bg-white p-2\" onchange=\"return submitAction(event);\">\r\n                        <option value=\"\">Application<\/option>\r\n                        <option value=\"\">All<\/option>\r\n                        \r\n                    <\/select>\r\n                <\/div>\r\n                <div class=\"col-lg-3\">\r\n\r\n                    <select name=\"iindustry\" id=\"iindustry\" class=\"bg-white p-2\" onchange=\"return submitAction(event);\">\r\n                        <option value=\"\">Industry<\/option>\r\n                        <option value=\"\">All<\/option>\r\n                        \r\n                    <\/select>\r\n                <\/div>\r\n\r\n\r\n            <\/div>\r\n\r\n        <\/form>\r\n        <input type=\"checkbox\" id=\"load-more\"\/>\r\n        <ul id=\"ajax_fitler_search_results\" class=\"load-button-knowledge-content\"><\/ul>\r\n\r\n\r\n        <label class=\"load-more-btn load-check\" for=\"load-more\">\r\n            <span class=\"unloaded\">Montre plus<\/span>\r\n        <\/label>\r\n\r\n    <\/div>\r\n<\/div>\t\t\t\t<\/div>\n\t\t\t\t<\/div>\n\t\t\t\t\t<\/div>\n\t\t<\/div>\n\t\t\t\t\t<\/div>\n\t\t<\/section>\n\t\t\t\t<\/div>\n\t\t","protected":false},"excerpt":{"rendered":"<p>Entrez dans l\u2019univers de l&rsquo;impression 3D et obtenez les derni\u00e8res informations L\u2019impression 3D n\u2019a jamais \u00e9t\u00e9 aussi accessible. Cette technologie s\u2019est beaucoup d\u00e9velopp\u00e9e au fil des ans et joue un r\u00f4le important dans de nombreuses applications. De plus en plus d\u2019entreprises choisissent de mettre en \u0153uvre l\u2019impression 3D pour optimiser leurs process d\u2019affaires. Profitez des [&hellip;]<\/p>\n","protected":false},"author":4,"featured_media":0,"parent":0,"menu_order":0,"comment_status":"closed","ping_status":"closed","template":"elementor_header_footer","meta":{"_acf_changed":false,"footnotes":""},"class_list":["post-7613","page","type-page","status-publish","hentry"],"acf":[],"yoast_head":"<!-- This site is optimized with the Yoast SEO Premium plugin v24.8 (Yoast SEO v24.8.1) - https:\/\/yoast.com\/wordpress\/plugins\/seo\/ -->\n<title>Connaissances en impression 3D - articles, \u00e9tudes de cas | 3DGence<\/title>\n<meta name=\"description\" content=\"Explorez les applications d&#039;impression 3D, inspirez les succ\u00e8s, trouvez les derni\u00e8res nouvelles et les livres blancs complets. Apprenez de l&#039;exp\u00e9rience 3DGence.\" \/>\n<meta name=\"robots\" content=\"index, follow, max-snippet:-1, max-image-preview:large, max-video-preview:-1\" \/>\n<link rel=\"canonical\" href=\"https:\/\/3dgence.com\/fr\/connaissance\/\" \/>\n<meta property=\"og:locale\" content=\"fr_FR\" \/>\n<meta property=\"og:type\" content=\"article\" \/>\n<meta property=\"og:title\" content=\"Knowledge\" \/>\n<meta property=\"og:description\" content=\"Explorez les applications d&#039;impression 3D, inspirez les succ\u00e8s, trouvez les derni\u00e8res nouvelles et les livres blancs complets. Apprenez de l&#039;exp\u00e9rience 3DGence.\" \/>\n<meta property=\"og:url\" content=\"https:\/\/3dgence.com\/fr\/connaissance\/\" \/>\n<meta property=\"og:site_name\" content=\"3DGence\" \/>\n<meta property=\"article:publisher\" content=\"https:\/\/www.facebook.com\/3dgence\" \/>\n<meta property=\"article:modified_time\" content=\"2023-07-17T10:54:33+00:00\" \/>\n<meta name=\"twitter:card\" content=\"summary_large_image\" \/>\n<meta name=\"twitter:label1\" content=\"Dur\u00e9e de lecture estim\u00e9e\" \/>\n\t<meta name=\"twitter:data1\" content=\"1 minute\" \/>\n<script type=\"application\/ld+json\" class=\"yoast-schema-graph\">{\"@context\":\"https:\/\/schema.org\",\"@graph\":[{\"@type\":\"WebPage\",\"@id\":\"https:\/\/3dgence.com\/fr\/connaissance\/\",\"url\":\"https:\/\/3dgence.com\/fr\/connaissance\/\",\"name\":\"Connaissances en impression 3D - articles, \u00e9tudes de cas | 3DGence\",\"isPartOf\":{\"@id\":\"https:\/\/www.3dgence.com\/fr\/#website\"},\"datePublished\":\"2020-01-31T14:01:23+00:00\",\"dateModified\":\"2023-07-17T10:54:33+00:00\",\"description\":\"Explorez les applications d'impression 3D, inspirez les succ\u00e8s, trouvez les derni\u00e8res nouvelles et les livres blancs complets. Apprenez de l'exp\u00e9rience 3DGence.\",\"breadcrumb\":{\"@id\":\"https:\/\/3dgence.com\/fr\/connaissance\/#breadcrumb\"},\"inLanguage\":\"fr-FR\",\"potentialAction\":[{\"@type\":\"ReadAction\",\"target\":[\"https:\/\/3dgence.com\/fr\/connaissance\/\"]}]},{\"@type\":\"BreadcrumbList\",\"@id\":\"https:\/\/3dgence.com\/fr\/connaissance\/#breadcrumb\",\"itemListElement\":[{\"@type\":\"ListItem\",\"position\":1,\"name\":\"Home\",\"item\":\"https:\/\/3dgence.com\/fr\/\"},{\"@type\":\"ListItem\",\"position\":2,\"name\":\"Knowledge\"}]},{\"@type\":\"WebSite\",\"@id\":\"https:\/\/www.3dgence.com\/fr\/#website\",\"url\":\"https:\/\/www.3dgence.com\/fr\/\",\"name\":\"3DGence\",\"description\":\"\",\"publisher\":{\"@id\":\"https:\/\/www.3dgence.com\/fr\/#organization\"},\"potentialAction\":[{\"@type\":\"SearchAction\",\"target\":{\"@type\":\"EntryPoint\",\"urlTemplate\":\"https:\/\/www.3dgence.com\/fr\/?s={search_term_string}\"},\"query-input\":{\"@type\":\"PropertyValueSpecification\",\"valueRequired\":true,\"valueName\":\"search_term_string\"}}],\"inLanguage\":\"fr-FR\"},{\"@type\":\"Organization\",\"@id\":\"https:\/\/www.3dgence.com\/fr\/#organization\",\"name\":\"3DGENCE\",\"url\":\"https:\/\/www.3dgence.com\/fr\/\",\"logo\":{\"@type\":\"ImageObject\",\"inLanguage\":\"fr-FR\",\"@id\":\"https:\/\/www.3dgence.com\/fr\/#\/schema\/logo\/image\/\",\"url\":\"https:\/\/3dgence.com\/wp-content\/uploads\/2020\/03\/3dgence_white_web.png\",\"contentUrl\":\"https:\/\/3dgence.com\/wp-content\/uploads\/2020\/03\/3dgence_white_web.png\",\"width\":1200,\"height\":848,\"caption\":\"3DGENCE\"},\"image\":{\"@id\":\"https:\/\/www.3dgence.com\/fr\/#\/schema\/logo\/image\/\"},\"sameAs\":[\"https:\/\/www.facebook.com\/3dgence\"]}]}<\/script>\n<!-- \/ Yoast SEO Premium plugin. -->","yoast_head_json":{"title":"Connaissances en impression 3D - articles, \u00e9tudes de cas | 3DGence","description":"Explorez les applications d'impression 3D, inspirez les succ\u00e8s, trouvez les derni\u00e8res nouvelles et les livres blancs complets. Apprenez de l'exp\u00e9rience 3DGence.","robots":{"index":"index","follow":"follow","max-snippet":"max-snippet:-1","max-image-preview":"max-image-preview:large","max-video-preview":"max-video-preview:-1"},"canonical":"https:\/\/3dgence.com\/fr\/connaissance\/","og_locale":"fr_FR","og_type":"article","og_title":"Knowledge","og_description":"Explorez les applications d'impression 3D, inspirez les succ\u00e8s, trouvez les derni\u00e8res nouvelles et les livres blancs complets. Apprenez de l'exp\u00e9rience 3DGence.","og_url":"https:\/\/3dgence.com\/fr\/connaissance\/","og_site_name":"3DGence","article_publisher":"https:\/\/www.facebook.com\/3dgence","article_modified_time":"2023-07-17T10:54:33+00:00","twitter_card":"summary_large_image","twitter_misc":{"Dur\u00e9e de lecture estim\u00e9e":"1 minute"},"schema":{"@context":"https:\/\/schema.org","@graph":[{"@type":"WebPage","@id":"https:\/\/3dgence.com\/fr\/connaissance\/","url":"https:\/\/3dgence.com\/fr\/connaissance\/","name":"Connaissances en impression 3D - articles, \u00e9tudes de cas | 3DGence","isPartOf":{"@id":"https:\/\/www.3dgence.com\/fr\/#website"},"datePublished":"2020-01-31T14:01:23+00:00","dateModified":"2023-07-17T10:54:33+00:00","description":"Explorez les applications d'impression 3D, inspirez les succ\u00e8s, trouvez les derni\u00e8res nouvelles et les livres blancs complets. Apprenez de l'exp\u00e9rience 3DGence.","breadcrumb":{"@id":"https:\/\/3dgence.com\/fr\/connaissance\/#breadcrumb"},"inLanguage":"fr-FR","potentialAction":[{"@type":"ReadAction","target":["https:\/\/3dgence.com\/fr\/connaissance\/"]}]},{"@type":"BreadcrumbList","@id":"https:\/\/3dgence.com\/fr\/connaissance\/#breadcrumb","itemListElement":[{"@type":"ListItem","position":1,"name":"Home","item":"https:\/\/3dgence.com\/fr\/"},{"@type":"ListItem","position":2,"name":"Knowledge"}]},{"@type":"WebSite","@id":"https:\/\/www.3dgence.com\/fr\/#website","url":"https:\/\/www.3dgence.com\/fr\/","name":"3DGence","description":"","publisher":{"@id":"https:\/\/www.3dgence.com\/fr\/#organization"},"potentialAction":[{"@type":"SearchAction","target":{"@type":"EntryPoint","urlTemplate":"https:\/\/www.3dgence.com\/fr\/?s={search_term_string}"},"query-input":{"@type":"PropertyValueSpecification","valueRequired":true,"valueName":"search_term_string"}}],"inLanguage":"fr-FR"},{"@type":"Organization","@id":"https:\/\/www.3dgence.com\/fr\/#organization","name":"3DGENCE","url":"https:\/\/www.3dgence.com\/fr\/","logo":{"@type":"ImageObject","inLanguage":"fr-FR","@id":"https:\/\/www.3dgence.com\/fr\/#\/schema\/logo\/image\/","url":"https:\/\/3dgence.com\/wp-content\/uploads\/2020\/03\/3dgence_white_web.png","contentUrl":"https:\/\/3dgence.com\/wp-content\/uploads\/2020\/03\/3dgence_white_web.png","width":1200,"height":848,"caption":"3DGENCE"},"image":{"@id":"https:\/\/www.3dgence.com\/fr\/#\/schema\/logo\/image\/"},"sameAs":["https:\/\/www.facebook.com\/3dgence"]}]}},"_links":{"self":[{"href":"https:\/\/3dgence.com\/fr\/wp-json\/wp\/v2\/pages\/7613","targetHints":{"allow":["GET"]}}],"collection":[{"href":"https:\/\/3dgence.com\/fr\/wp-json\/wp\/v2\/pages"}],"about":[{"href":"https:\/\/3dgence.com\/fr\/wp-json\/wp\/v2\/types\/page"}],"author":[{"embeddable":true,"href":"https:\/\/3dgence.com\/fr\/wp-json\/wp\/v2\/users\/4"}],"replies":[{"embeddable":true,"href":"https:\/\/3dgence.com\/fr\/wp-json\/wp\/v2\/comments?post=7613"}],"version-history":[{"count":9,"href":"https:\/\/3dgence.com\/fr\/wp-json\/wp\/v2\/pages\/7613\/revisions"}],"predecessor-version":[{"id":52631,"href":"https:\/\/3dgence.com\/fr\/wp-json\/wp\/v2\/pages\/7613\/revisions\/52631"}],"wp:attachment":[{"href":"https:\/\/3dgence.com\/fr\/wp-json\/wp\/v2\/media?parent=7613"}],"curies":[{"name":"wp","href":"https:\/\/api.w.org\/{rel}","templated":true}]}}