{"id":253,"date":"2023-11-09T22:33:18","date_gmt":"2023-11-09T22:33:18","guid":{"rendered":"https:\/\/3dgence.com\/new\/kontakt\/"},"modified":"2024-08-12T10:49:52","modified_gmt":"2024-08-12T10:49:52","slug":"kontakt","status":"publish","type":"page","link":"https:\/\/3dgence.com\/new\/pl\/kontakt\/","title":{"rendered":"Kontakt"},"content":{"rendered":"\t\t<section \n\t\t\tclass=\"hero-contact hero-contact--defaultTemplate\"\n\t\t\tstyle=\"\n\t\t\t\t--desktop-bg: url(https:\/\/3dgence-fse-docker.devel8.wlc.team\/wp-content\/uploads\/2024\/04\/hero-c-desktop.webp);\n\t\t\t\t--mobile-bg: url(https:\/\/3dgence-fse-docker.devel8.wlc.team\/wp-content\/uploads\/2024\/04\/hero-c-mobile.webp);\n\t\t\t\"\n\t\t>\n\t\t\t\n\n<div class=\"wp-block-group hero-contact__content-wrapper is-layout-flow wp-block-group-is-layout-flow\">\n<div class=\"wp-block-group hero-contact__contact-info has-background-light-gray-1-background-color has-background is-layout-flow wp-block-group-is-layout-flow\">\n<h1 class=\"wp-block-heading\">Skontaktuj si\u0119 z nami!<\/h1>\n\n\n\n<div class=\"wp-block-group hero-contact__section is-layout-flow wp-block-group-is-layout-flow\">\n<p class=\"has-text-align-center\"><strong>SPRZEDA\u017b DRUKAREK:<\/strong><\/p>\n\n\n\n<p class=\"has-text-color has-link-color wp-elements-2366eea3d88e6b5e6503f04e070dcf43\" style=\"color:#7a7a7a\">Nie wiesz, jak druk 3D mo\u017ce pom\u00f3c w rozwoju Twojego biznesu? Nasz zesp\u00f3\u0142 ekspert\u00f3w pomo\u017ce Ci w wyborze<br>odpowiedniej technologii i drukarki.<\/p>\n\n\n\n<div class=\"wp-block-group hero-contact__icons-wrapper is-nowrap is-layout-flex wp-container-core-group-is-layout-ad2f72ca wp-block-group-is-layout-flex\">\t\t<div class=\"contact-icon-text \">\n\t\t\t<div class=\"contact-icon-text__wrapper\">\n\t\t\t\t<div class=\"contact-icon-text__image-wrapper\">\n\t\t\t\t\t<img decoding=\"async\" src=\"https:\/\/3dgence-fse-docker.devel8.wlc.team\/wp-content\/uploads\/2024\/04\/phone_outline_ico.svg\" alt=\"icon\" class=\"contact-icon-text__image\">\n\t\t\t\t<\/div>\n\t\t\t\t<div class=\"contact-icon-text__text\">\n\t\t\t\t\t+48 502 299 098<br>+48 502 034 550\t\t\t\t<\/div>\n\t\t\t<\/div>\n\t\t<\/div> \n\t\t\n\n\t\t<div class=\"contact-icon-text \">\n\t\t\t<div class=\"contact-icon-text__wrapper\">\n\t\t\t\t<div class=\"contact-icon-text__image-wrapper\">\n\t\t\t\t\t<img decoding=\"async\" src=\"https:\/\/3dgence-fse-docker.devel8.wlc.team\/wp-content\/uploads\/2024\/04\/mail_outline_ico.svg\" alt=\"icon\" class=\"contact-icon-text__image\">\n\t\t\t\t<\/div>\n\t\t\t\t<div class=\"contact-icon-text__text\">\n\t\t\t\t\tsales@3dgence.com\t\t\t\t<\/div>\n\t\t\t<\/div>\n\t\t<\/div> \n\t\t<\/div>\n<\/div>\n\n\n\n<div class=\"wp-block-group hero-contact__section is-layout-flow wp-block-group-is-layout-flow\">\n<p class=\"has-text-align-center\"><strong>US\u0141UGI:<\/strong><\/p>\n\n\n\n<p class=\"has-text-color has-link-color wp-elements-ad10254bc6129679416c44b0643859d6\" style=\"color:#7a7a7a\">Oferujmy us\u0142ugi produkcji kontraktowej, druku 3D, obr\u00f3bki CNC, wtrysku tworzyw sztucznych, skanowania 3D, wsparcia w zakresie rozwoju produktu oraz tworzenia dokumentacji.<\/p>\n\n\n\n<div class=\"wp-block-group hero-contact__icons-wrapper is-nowrap is-layout-flex wp-container-core-group-is-layout-ad2f72ca wp-block-group-is-layout-flex\">\t\t<div class=\"contact-icon-text \">\n\t\t\t<div class=\"contact-icon-text__wrapper\">\n\t\t\t\t<div class=\"contact-icon-text__image-wrapper\">\n\t\t\t\t\t<img decoding=\"async\" src=\"https:\/\/3dgence-fse-docker.devel8.wlc.team\/wp-content\/uploads\/2024\/04\/phone_outline_ico.svg\" alt=\"icon\" class=\"contact-icon-text__image\">\n\t\t\t\t<\/div>\n\t\t\t\t<div class=\"contact-icon-text__text\">\n\t\t\t\t\t+48 517 921 768\t\t\t\t<\/div>\n\t\t\t<\/div>\n\t\t<\/div> \n\t\t\n\n\t\t<div class=\"contact-icon-text \">\n\t\t\t<div class=\"contact-icon-text__wrapper\">\n\t\t\t\t<div class=\"contact-icon-text__image-wrapper\">\n\t\t\t\t\t<img decoding=\"async\" src=\"https:\/\/3dgence-fse-docker.devel8.wlc.team\/wp-content\/uploads\/2024\/04\/mail_outline_ico.svg\" alt=\"icon\" class=\"contact-icon-text__image\">\n\t\t\t\t<\/div>\n\t\t\t\t<div class=\"contact-icon-text__text\">\n\t\t\t\t\t3dservices@3dgence.com\t\t\t\t<\/div>\n\t\t\t<\/div>\n\t\t<\/div> \n\t\t<\/div>\n<\/div>\n<\/div>\n\n\n\n<div class=\"wp-block-group hero-contact__form-wrapper is-layout-flow wp-block-group-is-layout-flow\">\n<h2 class=\"wp-block-heading hero-contact__form-heading\">Napisz do nas!<\/h2>\n\n\n\n<div class=\"wp-block-contact-form-7-contact-form-selector\">\n<div class=\"wpcf7 no-js\" id=\"wpcf7-f1841-o1\" lang=\"pl-PL\" dir=\"ltr\" data-wpcf7-id=\"1841\">\n<div class=\"screen-reader-response\"><p role=\"status\" aria-live=\"polite\" aria-atomic=\"true\"><\/p> <ul><\/ul><\/div>\n<form action=\"\/new\/pl\/wp-json\/wp\/v2\/pages\/253#wpcf7-f1841-o1\" method=\"post\" class=\"wpcf7-form init wpcf7-acceptance-as-validation\" aria-label=\"Formularz kontaktowy\" novalidate=\"novalidate\" data-status=\"init\">\n<fieldset class=\"hidden-fields-container\"><input type=\"hidden\" name=\"_wpcf7\" value=\"1841\" \/><input type=\"hidden\" name=\"_wpcf7_version\" value=\"6.1.1\" \/><input type=\"hidden\" name=\"_wpcf7_locale\" value=\"pl_PL\" \/><input type=\"hidden\" name=\"_wpcf7_unit_tag\" value=\"wpcf7-f1841-o1\" \/><input type=\"hidden\" name=\"_wpcf7_container_post\" value=\"0\" \/><input type=\"hidden\" name=\"_wpcf7_posted_data_hash\" value=\"\" \/><input type=\"hidden\" name=\"_wpcf7_recaptcha_response\" value=\"\" \/>\n<\/fieldset>\n<div class=\"form-two-columns\">\n<div class=\"form-two-columns__grid\">\n<span class=\"wpcf7-form-control-wrap\" data-name=\"your-name\"><input size=\"40\" maxlength=\"400\" class=\"wpcf7-form-control wpcf7-text wpcf7-validates-as-required w-100 classborder p-2 pl-3 text-dark\" aria-required=\"true\" aria-invalid=\"false\" placeholder=\"Imi\u0119 i nazwisko*\" value=\"\" type=\"text\" name=\"your-name\" \/><\/span>\n<span class=\"wpcf7-form-control-wrap\" data-name=\"your-email-company\"><input size=\"40\" maxlength=\"400\" class=\"wpcf7-form-control wpcf7-email wpcf7-validates-as-required wpcf7-text wpcf7-validates-as-email w-100 classborder p-2 pl-3 text-dark\" aria-required=\"true\" aria-invalid=\"false\" placeholder=\"E-mail firmowy*\" value=\"\" type=\"email\" name=\"your-email-company\" \/><\/span>\n<span class=\"wpcf7-form-control-wrap\" data-name=\"your-country\"><input size=\"40\" maxlength=\"400\" class=\"wpcf7-form-control wpcf7-text wpcf7-validates-as-required w-100 classborder p-2 pl-3 text-dark\" aria-required=\"true\" aria-invalid=\"false\" placeholder=\"Kraj*\" value=\"\" type=\"text\" name=\"your-country\" \/><\/span>\n<span class=\"wpcf7-form-control-wrap\" data-name=\"tel\"><input size=\"40\" maxlength=\"400\" class=\"wpcf7-form-control wpcf7-tel wpcf7-validates-as-required wpcf7-text wpcf7-validates-as-tel w-100 mb-2 border p-2 pl-3 text-dark\" aria-required=\"true\" aria-invalid=\"false\" placeholder=\"Numer telefonu*\" value=\"\" type=\"tel\" name=\"tel\" \/><\/span>\n<\/div>\n<span class=\"wpcf7-form-control-wrap\" data-name=\"topic\"><select class=\"wpcf7-form-control wpcf7-select w-100 border p-2 pl-3 text-dark\" aria-invalid=\"false\" name=\"topic\"><option value=\"\">Wybierz temat<\/option><option value=\"Drukarki 3D\">Drukarki 3D<\/option><option value=\"Us\u0142ugi druku 3D\">Us\u0142ugi druku 3D<\/option><option value=\"Us\u0142ugi\">Us\u0142ugi<\/option><option value=\"Wsparcie techniczne\">Wsparcie techniczne<\/option><option value=\"Inne\">Inne<\/option><\/select><\/span>\n\n<span class=\"wpcf7-form-control-wrap\" data-name=\"your-message\"><textarea cols=\"40\" rows=\"8\" maxlength=\"2000\" class=\"wpcf7-form-control wpcf7-textarea w-100 border pl-3 text-dark\" aria-invalid=\"false\" placeholder=\"Wiadomo\u015b\u0107\" name=\"your-message\"><\/textarea><\/span>\n\n<span class=\"wpcf7-form-control-wrap submission_id\"><input class=\"wpcf7-form-control wpcf7-submission_id_hidden wpcf7-validates-as-number\" readonly=\"readonly\" aria-invalid=\"false\" value=\"3490\" name=\"submission_id\" type=\"hidden\" \/><\/span>\n\n<span class=\"wpcf7-form-control-wrap\" data-name=\"upload-file-506\"><input size=\"40\" class=\"wpcf7-form-control wpcf7-drag-n-drop-file d-none\" id=\"upload\" aria-invalid=\"false\" type=\"file\" multiple=\"multiple\" data-name=\"upload-file-506\" data-type=\"jpeg|jpg|pdf|png|gif|stl|igs|dwg|dxf|dgn|obj|stp|x_t|iges|step|sat|ipt|par|x_t\" data-limit=\"10000000\" data-id=\"1841\" data-version=\"free version 1.3.9.1\" accept=\".jpeg, .jpg, .pdf, .png, .gif, .stl, .igs, .dwg, .dxf, .dgn, .obj, .stp, .x_t, .iges, .step, .sat, .ipt, .par, .x_t\" \/><\/span>\n<div class=\"form-two-columns__bottom\">\n<span class=\"wpcf7-form-control-wrap\" data-name=\"acceptance-379\"><span class=\"wpcf7-form-control wpcf7-acceptance\"><span class=\"wpcf7-list-item\"><label><input type=\"checkbox\" name=\"acceptance-379\" value=\"1\" aria-invalid=\"false\" \/><span class=\"wpcf7-list-item-label\">Zgadzam si\u0119 na <a href=http:\/\/3dgence.com\/policy\/>polityka prywatno\u015bci<\/a>.<\/span><\/label><\/span><\/span><\/span>\n<input type=\"hidden\" id=\"zc_gad\" name=\"zc_gad\" value=\"\"\/>\n\n<input class=\"wpcf7-form-control wpcf7-hidden\" id=\"formgclid\" value=\"gclid\" type=\"hidden\" name=\"formgclid\" \/>\n<input class=\"wpcf7-form-control wpcf7-hidden\" id=\"formutmz\" value=\"\" type=\"hidden\" name=\"formutmz\" \/>\n\n<input class=\"wpcf7-form-control wpcf7-submit has-spinner btn\" type=\"submit\" value=\"Napisz do nas!\" \/>\n<\/div>\n<\/div><div class=\"wpcf7-response-output\" aria-hidden=\"true\"><\/div>\n<\/form>\n<\/div>\n<\/div>\n<\/div>\n<\/div>\n\n\t\t<\/section>\n\t\t\n\n\n<div class=\"wp-block-group tech-support is-layout-constrained wp-container-core-group-is-layout-a7c31ef8 wp-block-group-is-layout-constrained\" style=\"padding-right:0;padding-left:0\">\n<div class=\"wp-block-group fse-heading is-layout-constrained wp-block-group-is-layout-constrained\">\n<h2 class=\"wp-block-heading alignwide has-text-align-center has-gray-color has-text-color\" style=\"margin-bottom:0;font-size:2.81rem\">Wsparcie techniczne<\/h2>\n\n\n\n<div style=\"height:2px\" aria-hidden=\"true\" class=\"wp-block-spacer\"><\/div>\n<\/div>\n\n\n\n<div class=\"wp-block-group tech-support__columns-wrapper is-layout-constrained wp-block-group-is-layout-constrained\">\n<div class=\"wp-block-media-text has-media-on-the-right is-stacked-on-mobile\"><div class=\"wp-block-media-text__content\">\n<h3 class=\"wp-block-heading has-dark-gray-color has-text-color has-link-color wp-elements-428c7e5adc2768216439375fb221ef47\" style=\"font-style:normal;font-weight:700\">Wsparcie techniczne<\/h3>\n\n\n\n<p>Je\u015bli potrzebujesz pomocy technicznej, skontaktuj si\u0119 z naszym<br>zespo\u0142em wsparcia. Nasi specjali\u015bci pomog\u0105 Ci rozwi\u0105za\u0107 problem, <br>doradz\u0105 r\u00f3wnie\u017c w zakresie doboru materia\u0142u czy ustawie\u0144 druku.<\/p>\n\n\n\n<div class=\"wp-block-group tech-support__contact-wrapper is-nowrap is-layout-flex wp-container-core-group-is-layout-ad2f72ca wp-block-group-is-layout-flex\">\t\t<div class=\"contact-icon-text contact-icon-text--medium\">\n\t\t\t<div class=\"contact-icon-text__wrapper\">\n\t\t\t\t<div class=\"contact-icon-text__image-wrapper\">\n\t\t\t\t\t<img decoding=\"async\" src=\"https:\/\/3dgence-fse-docker.devel8.wlc.team\/wp-content\/uploads\/2024\/04\/phone_outline_ico.svg\" alt=\"icon\" class=\"contact-icon-text__image\">\n\t\t\t\t<\/div>\n\t\t\t\t<div class=\"contact-icon-text__text\">\n\t\t\t\t\t+48 502 390 117<br>+48 501 321 677\t\t\t\t<\/div>\n\t\t\t<\/div>\n\t\t<\/div> \n\t\t\n\n\t\t<div class=\"contact-icon-text contact-icon-text--medium\">\n\t\t\t<div class=\"contact-icon-text__wrapper\">\n\t\t\t\t<div class=\"contact-icon-text__image-wrapper\">\n\t\t\t\t\t<img decoding=\"async\" src=\"https:\/\/3dgence-fse-docker.devel8.wlc.team\/wp-content\/uploads\/2024\/04\/mail_outline_ico.svg\" alt=\"icon\" class=\"contact-icon-text__image\">\n\t\t\t\t<\/div>\n\t\t\t\t<div class=\"contact-icon-text__text\">\n\t\t\t\t\tsupport@3dgence.com\t\t\t\t<\/div>\n\t\t\t<\/div>\n\t\t<\/div> \n\t\t<\/div>\n<\/div><figure class=\"wp-block-media-text__media\"><img decoding=\"async\" src=\"https:\/\/3dgence-fse-docker.devel8.wlc.team\/wp-content\/uploads\/2024\/04\/tehc-sup.webp\" alt=\"\" class=\"wp-image-1395 size-full\"\/><\/figure><\/div>\n<\/div>\n<\/div>\n\n\n\n<div class=\"wp-block-group company-details is-layout-constrained wp-container-core-group-is-layout-a7c31ef8 wp-block-group-is-layout-constrained\" style=\"padding-right:0;padding-left:0\">\n<div class=\"wp-block-group fse-heading is-layout-constrained wp-block-group-is-layout-constrained\">\n<h2 class=\"wp-block-heading alignwide has-text-align-center has-gray-color has-text-color\" style=\"margin-bottom:0;font-size:2.81rem\">Dane firmowe<\/h2>\n\n\n\n<div style=\"height:2px\" aria-hidden=\"true\" class=\"wp-block-spacer\"><\/div>\n<\/div>\n\n\n\n<div class=\"wp-block-group company-details__blocks-wrapper is-nowrap is-layout-flex wp-container-core-group-is-layout-ad2f72ca wp-block-group-is-layout-flex\">\n<div class=\"wp-block-group company-details__block is-layout-constrained wp-block-group-is-layout-constrained\">\n<h3 class=\"wp-block-heading\">3DGence GmbH<\/h3>\n\n\n\n<p class=\"has-text-align-center\">Gradignanstra\u03b2e 4, <br>64319 Pfungstadt<\/p>\n\n\n\n<div class=\"wp-block-group company-details__contact-wrapper is-layout-constrained wp-block-group-is-layout-constrained\">\t\t<div class=\"contact-icon-text contact-icon-text--small\">\n\t\t\t<div class=\"contact-icon-text__wrapper\">\n\t\t\t\t<div class=\"contact-icon-text__image-wrapper\">\n\t\t\t\t\t<img decoding=\"async\" src=\"https:\/\/3dgence-fse-docker.devel8.wlc.team\/wp-content\/uploads\/2024\/04\/phone_outline_ico.svg\" alt=\"icon\" class=\"contact-icon-text__image\">\n\t\t\t\t<\/div>\n\t\t\t\t<div class=\"contact-icon-text__text\">\n\t\t\t\t\t+49 6157 9118 972 \t\t\t\t<\/div>\n\t\t\t<\/div>\n\t\t<\/div> \n\t\t\n\n\t\t<div class=\"contact-icon-text contact-icon-text--small\">\n\t\t\t<div class=\"contact-icon-text__wrapper\">\n\t\t\t\t<div class=\"contact-icon-text__image-wrapper\">\n\t\t\t\t\t<img decoding=\"async\" src=\"https:\/\/3dgence-fse-docker.devel8.wlc.team\/wp-content\/uploads\/2024\/04\/mail_outline_ico.svg\" alt=\"icon\" class=\"contact-icon-text__image\">\n\t\t\t\t<\/div>\n\t\t\t\t<div class=\"contact-icon-text__text\">\n\t\t\t\t\tandreas.starkbaum@3dgence.com\t\t\t\t<\/div>\n\t\t\t<\/div>\n\t\t<\/div> \n\t\t<\/div>\n\n\n\n<p class=\"company-details__bottom-text\">Amtsgericht Dresden HRB 40786<\/p>\n<\/div>\n\n\n\n<div class=\"wp-block-group company-details__block is-layout-constrained wp-block-group-is-layout-constrained\">\n<h3 class=\"wp-block-heading\">3DGence America Inc.<\/h3>\n\n\n\n<p class=\"has-text-align-center\">1841 E. Levee Street<br>75207 Dallas, TX<\/p>\n\n\n\n<div class=\"wp-block-group company-details__contact-wrapper is-layout-constrained wp-block-group-is-layout-constrained\">\t\t<div class=\"contact-icon-text contact-icon-text--small\">\n\t\t\t<div class=\"contact-icon-text__wrapper\">\n\t\t\t\t<div class=\"contact-icon-text__image-wrapper\">\n\t\t\t\t\t<img decoding=\"async\" src=\"https:\/\/3dgence-fse-docker.devel8.wlc.team\/wp-content\/uploads\/2024\/04\/phone_outline_ico.svg\" alt=\"icon\" class=\"contact-icon-text__image\">\n\t\t\t\t<\/div>\n\t\t\t\t<div class=\"contact-icon-text__text\">\n\t\t\t\t\t+1.855.466.3813 \t\t\t\t<\/div>\n\t\t\t<\/div>\n\t\t<\/div> \n\t\t\n\n\t\t<div class=\"contact-icon-text contact-icon-text--small\">\n\t\t\t<div class=\"contact-icon-text__wrapper\">\n\t\t\t\t<div class=\"contact-icon-text__image-wrapper\">\n\t\t\t\t\t<img decoding=\"async\" src=\"https:\/\/3dgence-fse-docker.devel8.wlc.team\/wp-content\/uploads\/2024\/04\/mail_outline_ico.svg\" alt=\"icon\" class=\"contact-icon-text__image\">\n\t\t\t\t<\/div>\n\t\t\t\t<div class=\"contact-icon-text__text\">\n\t\t\t\t\tindustrial3D@3dgence.com\t\t\t\t<\/div>\n\t\t\t<\/div>\n\t\t<\/div> \n\t\t<\/div>\n<\/div>\n\n\n\n<div class=\"wp-block-group company-details__block is-layout-constrained wp-block-group-is-layout-constrained\">\n<h3 class=\"wp-block-heading\">3DGence Sp. z o. o.<\/h3>\n\n\n\n<p class=\"has-text-align-center\">Graniczna 66 44-178<br>Przyszowice, Poland<\/p>\n\n\n\n<div class=\"wp-block-group company-details__contact-wrapper is-layout-constrained wp-block-group-is-layout-constrained\">\t\t<div class=\"contact-icon-text contact-icon-text--small\">\n\t\t\t<div class=\"contact-icon-text__wrapper\">\n\t\t\t\t<div class=\"contact-icon-text__image-wrapper\">\n\t\t\t\t\t<img decoding=\"async\" src=\"https:\/\/3dgence-fse-docker.devel8.wlc.team\/wp-content\/uploads\/2024\/04\/phone_outline_ico.svg\" alt=\"icon\" class=\"contact-icon-text__image\">\n\t\t\t\t<\/div>\n\t\t\t\t<div class=\"contact-icon-text__text\">\n\t\t\t\t\t+48 502 299 098\t\t\t\t<\/div>\n\t\t\t<\/div>\n\t\t<\/div> \n\t\t\n\n\t\t<div class=\"contact-icon-text contact-icon-text--small\">\n\t\t\t<div class=\"contact-icon-text__wrapper\">\n\t\t\t\t<div class=\"contact-icon-text__image-wrapper\">\n\t\t\t\t\t<img decoding=\"async\" src=\"https:\/\/3dgence-fse-docker.devel8.wlc.team\/wp-content\/uploads\/2024\/04\/mail_outline_ico.svg\" alt=\"icon\" class=\"contact-icon-text__image\">\n\t\t\t\t<\/div>\n\t\t\t\t<div class=\"contact-icon-text__text\">\n\t\t\t\t\tsales@3dgence.com\t\t\t\t<\/div>\n\t\t\t<\/div>\n\t\t<\/div> \n\t\t<\/div>\n\n\n\n<p class=\"company-details__bottom-text\">Poland VAT-ID: PL6330009438<\/p>\n<\/div>\n<\/div>\n<\/div>\n","protected":false},"excerpt":{"rendered":"<p>Wsparcie techniczne Wsparcie techniczne Je\u015bli potrzebujesz pomocy technicznej, skontaktuj si\u0119 z naszymzespo\u0142em wsparcia. Nasi specjali\u015bci pomog\u0105 Ci rozwi\u0105za\u0107 problem, doradz\u0105 r\u00f3wnie\u017c w zakresie doboru materia\u0142u czy ustawie\u0144 druku. Dane firmowe 3DGence GmbH Gradignanstra\u03b2e 4, 64319 Pfungstadt Amtsgericht Dresden HRB 40786 3DGence America Inc. 1841 E. Levee Street75207 Dallas, TX 3DGence Sp. z o. o. Graniczna [&hellip;]<\/p>\n","protected":false},"author":1,"featured_media":0,"parent":0,"menu_order":0,"comment_status":"closed","ping_status":"closed","template":"","meta":{"footnotes":""},"class_list":["post-253","page","type-page","status-publish","hentry"],"yoast_head":"<!-- This site is optimized with the Yoast SEO plugin v25.9 - https:\/\/yoast.com\/wordpress\/plugins\/seo\/ -->\n<title>Kontakt - 3DGence<\/title>\n<meta name=\"robots\" content=\"index, follow, max-snippet:-1, max-image-preview:large, max-video-preview:-1\" \/>\n<link rel=\"canonical\" href=\"https:\/\/3dgence.com\/new\/pl\/kontakt\/\" \/>\n<meta property=\"og:locale\" content=\"pl_PL\" \/>\n<meta property=\"og:type\" content=\"article\" \/>\n<meta property=\"og:title\" content=\"Kontakt - 3DGence\" \/>\n<meta property=\"og:description\" content=\"Wsparcie techniczne Wsparcie techniczne Je\u015bli potrzebujesz pomocy technicznej, skontaktuj si\u0119 z naszymzespo\u0142em wsparcia. Nasi specjali\u015bci pomog\u0105 Ci rozwi\u0105za\u0107 problem, doradz\u0105 r\u00f3wnie\u017c w zakresie doboru materia\u0142u czy ustawie\u0144 druku. Dane firmowe 3DGence GmbH Gradignanstra\u03b2e 4, 64319 Pfungstadt Amtsgericht Dresden HRB 40786 3DGence America Inc. 1841 E. Levee Street75207 Dallas, TX 3DGence Sp. z o. o. Graniczna [&hellip;]\" \/>\n<meta property=\"og:url\" content=\"https:\/\/3dgence.com\/new\/pl\/kontakt\/\" \/>\n<meta property=\"og:site_name\" content=\"3DGence\" \/>\n<meta property=\"article:modified_time\" content=\"2024-08-12T10:49:52+00:00\" \/>\n<meta property=\"og:image\" content=\"https:\/\/3dgence-fse-docker.devel8.wlc.team\/wp-content\/uploads\/2024\/04\/tehc-sup.webp\" \/>\n<meta name=\"twitter:card\" content=\"summary_large_image\" \/>\n<meta name=\"twitter:label1\" content=\"Szacowany czas czytania\" \/>\n\t<meta name=\"twitter:data1\" content=\"1 minuta\" \/>\n<script type=\"application\/ld+json\" class=\"yoast-schema-graph\">{\"@context\":\"https:\/\/schema.org\",\"@graph\":[{\"@type\":\"WebPage\",\"@id\":\"https:\/\/3dgence.com\/new\/pl\/kontakt\/\",\"url\":\"https:\/\/3dgence.com\/new\/pl\/kontakt\/\",\"name\":\"Kontakt - 3DGence\",\"isPartOf\":{\"@id\":\"https:\/\/3dgence.com\/new\/pl\/#website\"},\"primaryImageOfPage\":{\"@id\":\"https:\/\/3dgence.com\/new\/pl\/kontakt\/#primaryimage\"},\"image\":{\"@id\":\"https:\/\/3dgence.com\/new\/pl\/kontakt\/#primaryimage\"},\"thumbnailUrl\":\"https:\/\/3dgence-fse-docker.devel8.wlc.team\/wp-content\/uploads\/2024\/04\/tehc-sup.webp\",\"datePublished\":\"2023-11-09T22:33:18+00:00\",\"dateModified\":\"2024-08-12T10:49:52+00:00\",\"breadcrumb\":{\"@id\":\"https:\/\/3dgence.com\/new\/pl\/kontakt\/#breadcrumb\"},\"inLanguage\":\"pl-PL\",\"potentialAction\":[{\"@type\":\"ReadAction\",\"target\":[\"https:\/\/3dgence.com\/new\/pl\/kontakt\/\"]}]},{\"@type\":\"ImageObject\",\"inLanguage\":\"pl-PL\",\"@id\":\"https:\/\/3dgence.com\/new\/pl\/kontakt\/#primaryimage\",\"url\":\"https:\/\/3dgence-fse-docker.devel8.wlc.team\/wp-content\/uploads\/2024\/04\/tehc-sup.webp\",\"contentUrl\":\"https:\/\/3dgence-fse-docker.devel8.wlc.team\/wp-content\/uploads\/2024\/04\/tehc-sup.webp\"},{\"@type\":\"BreadcrumbList\",\"@id\":\"https:\/\/3dgence.com\/new\/pl\/kontakt\/#breadcrumb\",\"itemListElement\":[{\"@type\":\"ListItem\",\"position\":1,\"name\":\"Home\",\"item\":\"https:\/\/3dgence.com\/new\/pl\/\"},{\"@type\":\"ListItem\",\"position\":2,\"name\":\"Kontakt\"}]},{\"@type\":\"WebSite\",\"@id\":\"https:\/\/3dgence.com\/new\/pl\/#website\",\"url\":\"https:\/\/3dgence.com\/new\/pl\/\",\"name\":\"3DGence\",\"description\":\"\",\"publisher\":{\"@id\":\"https:\/\/3dgence.com\/new\/pl\/#organization\"},\"potentialAction\":[{\"@type\":\"SearchAction\",\"target\":{\"@type\":\"EntryPoint\",\"urlTemplate\":\"https:\/\/3dgence.com\/new\/pl\/?s={search_term_string}\"},\"query-input\":{\"@type\":\"PropertyValueSpecification\",\"valueRequired\":true,\"valueName\":\"search_term_string\"}}],\"inLanguage\":\"pl-PL\"},{\"@type\":\"Organization\",\"@id\":\"https:\/\/3dgence.com\/new\/pl\/#organization\",\"name\":\"3DGence\",\"url\":\"https:\/\/3dgence.com\/new\/pl\/\",\"logo\":{\"@type\":\"ImageObject\",\"inLanguage\":\"pl-PL\",\"@id\":\"https:\/\/3dgence.com\/new\/pl\/#\/schema\/logo\/image\/\",\"url\":\"https:\/\/3dgence.com\/new\/wp-content\/uploads\/2023\/11\/3dlogo.svg\",\"contentUrl\":\"https:\/\/3dgence.com\/new\/wp-content\/uploads\/2023\/11\/3dlogo.svg\",\"caption\":\"3DGence\"},\"image\":{\"@id\":\"https:\/\/3dgence.com\/new\/pl\/#\/schema\/logo\/image\/\"}}]}<\/script>\n<!-- \/ Yoast SEO plugin. -->","yoast_head_json":{"title":"Kontakt - 3DGence","robots":{"index":"index","follow":"follow","max-snippet":"max-snippet:-1","max-image-preview":"max-image-preview:large","max-video-preview":"max-video-preview:-1"},"canonical":"https:\/\/3dgence.com\/new\/pl\/kontakt\/","og_locale":"pl_PL","og_type":"article","og_title":"Kontakt - 3DGence","og_description":"Wsparcie techniczne Wsparcie techniczne Je\u015bli potrzebujesz pomocy technicznej, skontaktuj si\u0119 z naszymzespo\u0142em wsparcia. Nasi specjali\u015bci pomog\u0105 Ci rozwi\u0105za\u0107 problem, doradz\u0105 r\u00f3wnie\u017c w zakresie doboru materia\u0142u czy ustawie\u0144 druku. Dane firmowe 3DGence GmbH Gradignanstra\u03b2e 4, 64319 Pfungstadt Amtsgericht Dresden HRB 40786 3DGence America Inc. 1841 E. Levee Street75207 Dallas, TX 3DGence Sp. z o. o. Graniczna [&hellip;]","og_url":"https:\/\/3dgence.com\/new\/pl\/kontakt\/","og_site_name":"3DGence","article_modified_time":"2024-08-12T10:49:52+00:00","og_image":[{"url":"https:\/\/3dgence-fse-docker.devel8.wlc.team\/wp-content\/uploads\/2024\/04\/tehc-sup.webp","type":"","width":"","height":""}],"twitter_card":"summary_large_image","twitter_misc":{"Szacowany czas czytania":"1 minuta"},"schema":{"@context":"https:\/\/schema.org","@graph":[{"@type":"WebPage","@id":"https:\/\/3dgence.com\/new\/pl\/kontakt\/","url":"https:\/\/3dgence.com\/new\/pl\/kontakt\/","name":"Kontakt - 3DGence","isPartOf":{"@id":"https:\/\/3dgence.com\/new\/pl\/#website"},"primaryImageOfPage":{"@id":"https:\/\/3dgence.com\/new\/pl\/kontakt\/#primaryimage"},"image":{"@id":"https:\/\/3dgence.com\/new\/pl\/kontakt\/#primaryimage"},"thumbnailUrl":"https:\/\/3dgence-fse-docker.devel8.wlc.team\/wp-content\/uploads\/2024\/04\/tehc-sup.webp","datePublished":"2023-11-09T22:33:18+00:00","dateModified":"2024-08-12T10:49:52+00:00","breadcrumb":{"@id":"https:\/\/3dgence.com\/new\/pl\/kontakt\/#breadcrumb"},"inLanguage":"pl-PL","potentialAction":[{"@type":"ReadAction","target":["https:\/\/3dgence.com\/new\/pl\/kontakt\/"]}]},{"@type":"ImageObject","inLanguage":"pl-PL","@id":"https:\/\/3dgence.com\/new\/pl\/kontakt\/#primaryimage","url":"https:\/\/3dgence-fse-docker.devel8.wlc.team\/wp-content\/uploads\/2024\/04\/tehc-sup.webp","contentUrl":"https:\/\/3dgence-fse-docker.devel8.wlc.team\/wp-content\/uploads\/2024\/04\/tehc-sup.webp"},{"@type":"BreadcrumbList","@id":"https:\/\/3dgence.com\/new\/pl\/kontakt\/#breadcrumb","itemListElement":[{"@type":"ListItem","position":1,"name":"Home","item":"https:\/\/3dgence.com\/new\/pl\/"},{"@type":"ListItem","position":2,"name":"Kontakt"}]},{"@type":"WebSite","@id":"https:\/\/3dgence.com\/new\/pl\/#website","url":"https:\/\/3dgence.com\/new\/pl\/","name":"3DGence","description":"","publisher":{"@id":"https:\/\/3dgence.com\/new\/pl\/#organization"},"potentialAction":[{"@type":"SearchAction","target":{"@type":"EntryPoint","urlTemplate":"https:\/\/3dgence.com\/new\/pl\/?s={search_term_string}"},"query-input":{"@type":"PropertyValueSpecification","valueRequired":true,"valueName":"search_term_string"}}],"inLanguage":"pl-PL"},{"@type":"Organization","@id":"https:\/\/3dgence.com\/new\/pl\/#organization","name":"3DGence","url":"https:\/\/3dgence.com\/new\/pl\/","logo":{"@type":"ImageObject","inLanguage":"pl-PL","@id":"https:\/\/3dgence.com\/new\/pl\/#\/schema\/logo\/image\/","url":"https:\/\/3dgence.com\/new\/wp-content\/uploads\/2023\/11\/3dlogo.svg","contentUrl":"https:\/\/3dgence.com\/new\/wp-content\/uploads\/2023\/11\/3dlogo.svg","caption":"3DGence"},"image":{"@id":"https:\/\/3dgence.com\/new\/pl\/#\/schema\/logo\/image\/"}}]}},"_links":{"self":[{"href":"https:\/\/3dgence.com\/new\/pl\/wp-json\/wp\/v2\/pages\/253","targetHints":{"allow":["GET"]}}],"collection":[{"href":"https:\/\/3dgence.com\/new\/pl\/wp-json\/wp\/v2\/pages"}],"about":[{"href":"https:\/\/3dgence.com\/new\/pl\/wp-json\/wp\/v2\/types\/page"}],"author":[{"embeddable":true,"href":"https:\/\/3dgence.com\/new\/pl\/wp-json\/wp\/v2\/users\/1"}],"replies":[{"embeddable":true,"href":"https:\/\/3dgence.com\/new\/pl\/wp-json\/wp\/v2\/comments?post=253"}],"version-history":[{"count":3,"href":"https:\/\/3dgence.com\/new\/pl\/wp-json\/wp\/v2\/pages\/253\/revisions"}],"predecessor-version":[{"id":3017,"href":"https:\/\/3dgence.com\/new\/pl\/wp-json\/wp\/v2\/pages\/253\/revisions\/3017"}],"wp:attachment":[{"href":"https:\/\/3dgence.com\/new\/pl\/wp-json\/wp\/v2\/media?parent=253"}],"curies":[{"name":"wp","href":"https:\/\/api.w.org\/{rel}","templated":true}]}}