{"id":1558,"date":"2024-04-10T07:24:12","date_gmt":"2024-04-10T07:24:12","guid":{"rendered":"https:\/\/3dgence.com\/new\/?page_id=1558"},"modified":"2024-04-10T07:24:12","modified_gmt":"2024-04-10T07:24:12","slug":"peek","status":"publish","type":"page","link":"https:\/\/3dgence.com\/new\/peek\/","title":{"rendered":"Peek"},"content":{"rendered":"\t\t<section \n\t\t\tclass=\"hero-product\"\n\t\t\tstyle=\"\n\t\t\t\t--desktop-bg: url(https:\/\/3dgence.com\/new\/wp-content\/uploads\/2024\/04\/peek_banner.webp);\n\t\t\t\t--mobile-bg: url(https:\/\/3dgence.com\/new\/wp-content\/uploads\/2024\/04\/peek_banner-mob.webp);\n\t\t\t\"\n\t\t>\n\t\t\t<div class=\"wp-block-group\">\n\t\t\t\t<div class=\"hero-product__text-wrapper\">\n\t\t\t\t\t\n\n<h1 class=\"wp-block-heading\">PEEK<\/h1>\n\n\n\n<p>PEEK is a high-performance polymer from the PAEK family that offers a unique combination of properties.<\/p>\n\n\n\n<div class=\"wp-block-buttons is-layout-flex wp-block-buttons-is-layout-flex\">\n<div class=\"wp-block-button is-style-button-red\"><a class=\"wp-block-button__link wp-element-button\">Buy online<\/a><\/div>\n<\/div>\n\n\t\t\t\t<\/div>\n\t\t\t<\/div>\n\t\t<\/section>\n\t\t\n\n\n<div class=\"wp-block-group features-block is-layout-constrained wp-container-core-group-is-layout-a7c31ef8 wp-block-group-is-layout-constrained\" style=\"padding-right:0;padding-left:0\">\n<div class=\"wp-block-group fse-heading is-layout-constrained wp-block-group-is-layout-constrained\">\n<h2 class=\"wp-block-heading alignwide has-text-align-center has-gray-color has-text-color\" style=\"margin-bottom:0;font-size:2.81rem\">Features<\/h2>\n\n\n\n<div style=\"height:2px\" aria-hidden=\"true\" class=\"wp-block-spacer\"><\/div>\n<\/div>\n\n\n\n<div class=\"wp-block-media-text alignfull is-vertically-aligned-center is-stacked-on-mobile features-block__img-text\"><figure class=\"wp-block-media-text__media\"><img decoding=\"async\" src=\"https:\/\/3dgence.com\/new\/wp-content\/themes\/3dgence\/dist\/images\/PEEK_photo.webp\" alt=\"product image\"\/><\/figure><div class=\"wp-block-media-text__content\">\n<p>PEEK typical applications include elements of machines and devices in automotive, marine, nuclear, oil-well, electronics, medical, and aerospace industries. Parts from this material are often chosen as metal parts replacement.<\/p>\n\n\n\n<p>Usually the desirable state of PEEK is the semi-crystalline, which can be achieved after the annealing process of the printed model. In order to reach high dimensional accuracy of the models and the expected prints quality, the material needs high extrusion temperature, heated bed and the actively heated print chamber.<\/p>\n<\/div><\/div>\n\n\n\t\t<div class=\"description-tabs\">\n\t\t\t<div class=\"description-tabs__navigation\">\n\t\t\t\t\t\t\t\t\t\t<div class=\"description-tabs__navigation-label\">\n\t\t\t\t\t\t\tPEEK\t\t\t\t\t\t<\/div>\n\t\t\t\t\t\t\t\t\t\t\t\t<div class=\"description-tabs__navigation-label\">\n\t\t\t\t\t\t\tPEEK Aero\t\t\t\t\t\t<\/div>\n\t\t\t\t\t\t\t\t\t\t\t\t<div class=\"description-tabs__navigation-label\">\n\t\t\t\t\t\t\tVICTREX AM\u2122 200\t\t\t\t\t\t<\/div>\n\t\t\t\t\t\t\t\t\t\t\t\t<div class=\"description-tabs__navigation-label\">\n\t\t\t\t\t\t\tPEEK-CF\t\t\t\t\t\t<\/div>\n\t\t\t\t\t\t\t\t\t<\/div>\n\t\t\t<div class=\"description-tabs__content-wrapper\">\n\t\t\t\t\t\t\t\t\t\t<div class=\"description-tabs__tab-wrapper hidden\">\n\t\t\t\t\t\t\t<div class=\"description-tabs__top-row\">\n\t\t\t\t\t\t\t\t<div class=\"description-tabs__text-wrapper\">\n\t\t\t\t\t\t\t\t\t<h3 class=\"description-tabs__content-title\">PEEK<\/h3>\n\t\t\t\t\t\t\t\t\t<div class=\"description-tabs__text\">\n\t\t\t\t\t\t\t\t\t\t<p>3D printed PEEK models combine resistance to various chemicals, wear and fatigue. The material has exceptionally high-temperature resistance as well as very good mechanical properties.<\/p><p>As a result, it is a perfect material for Oil&amp;Gas, Aerospace and Automotive industries. Our PEEK printers INDUSTRY F340, INDUSTRY F350 and INDUSTRY F421 offer printing with soluble support ESM-10. This solution gives more design freedom and helps reduce costs and post-processing time.<\/p>\t\t\t\t\t\t\t\t\t<\/div>\n\t\t\t\t\t\t\t\t<\/div>\n\t\t\t\t\t\t\t\t\t\t\t\t\t\t\t\t\t<div class=\"description-tabs__product-image-wrapper\">\n\t\t\t\t\t\t\t\t\t\t<img loading=\"lazy\" decoding=\"async\" width=\"448\" height=\"367\" src=\"https:\/\/3dgence.com\/new\/wp-content\/themes\/3dgence\/dist\/images\/peek-img.webp\" class=\"description-tabs__product-image\">\n\t\t\t\t\t\t\t\t\t<\/div>\n\t\t\t\t\t\t\t\t\t\t\t\t\t\t\t\t<\/div>\n\t\t\t\t\t\t\t<div class=\"description-tabs__bottom-row\">\n\t\t\t\t\t\t\t\t\t\t\t\t\t\t\t\t\t<div class=\"description-tabs__product-chart-wrapper\">\n\t\t\t\t\t\t\t\t\t\t<img loading=\"lazy\" decoding=\"async\" width=\"673\" height=\"442\" src=\"https:\/\/3dgence.com\/new\/wp-content\/themes\/3dgence\/dist\/images\/peek-chart.webp\" class=\"description-tabs__product-chart\">\n\t\t\t\t\t\t\t\t\t<\/div>\n\t\t\t\t\t\t\t\t\t\t\t\t\t\t\t\t\t<div class=\"description-tabs__table-wrapper\">\n\t\t\t\t\t\t\t\t\t<div class=\"description-tabs__row\">\n\t\t\t\t\t\t\t\t\t\t<div class=\"description-tabs__icon-wrapper\">\n\t\t\t\t\t\t\t\t\t\t\t\t\t\t\t\t\t\t\t\t\t\t\t<img loading=\"lazy\" decoding=\"async\" width=\"35\" height=\"40\" src=\"https:\/\/3dgence.com\/new\/wp-content\/themes\/3dgence\/dist\/images\/brand_ico.svg\" class=\"description-tabs__icon\">\n\t\t\t\t\t\t\t\t\t\t\t\t\t\t\t\t\t\t\t\t\t\t<\/div>\n\t\t\t\t\t\t\t\t\t\t<div class=\"description-tabs__brand-text\">\n\t\t\t\t\t\t\t\t\t\t\tBrand:\t\t\t\t\t\t\t\t\t\t<\/div>\n\t\t\t\t\t\t\t\t\t\t<div class=\"description-tabs__logo-wrapper\">\n\t\t\t\t\t\t\t\t\t\t\t\t\t\t\t\t\t\t\t\t\t\t\t<img decoding=\"async\" src=\"https:\/\/3dgence.com\/new\/wp-content\/themes\/3dgence\/dist\/images\/3dg_logo.png\" class=\"description-tabs__logo\">\n\t\t\t\t\t\t\t\t\t\t\t\t\t\t\t\t\t\t\t\t\t\t<\/div>\n\t\t\t\t\t\t\t\t\t<\/div>\n\t\t\t\t\t\t\t\t\t<div class=\"description-tabs__row\">\n\t\t\t\t\t\t\t\t\t\t<div class=\"description-tabs__icon-wrapper\">\n\t\t\t\t\t\t\t\t\t\t\t\t\t\t\t\t\t\t\t\t\t\t\t<img loading=\"lazy\" decoding=\"async\" width=\"35\" height=\"40\" src=\"https:\/\/3dgence.com\/new\/wp-content\/themes\/3dgence\/dist\/images\/works_ico.svg\" class=\"description-tabs__icon\">\n\t\t\t\t\t\t\t\t\t\t\t\t\t\t\t\t\t\t\t\t\t\t<\/div>\n\t\t\t\t\t\t\t\t\t\t<div class=\"description-tabs__brand-text\">\n\t\t\t\t\t\t\t\t\t\t\tWorks with:\t\t\t\t\t\t\t\t\t\t<\/div>\n\t\t\t\t\t\t\t\t\t\t<div class=\"description-tabs__works-text\">\n\t\t\t\t\t\t\t\t\t\t\t<p><strong>INDUSTRY F421<\/strong> (module: M500+)<\/p><p><strong>INDUSTRY F350<\/strong> (module: M500+)<\/p>\t\t\t\t\t\t\t\t\t\t<\/div>\n\t\t\t\t\t\t\t\t\t<\/div>\n\t\t\t\t\t\t\t\t\t<div class=\"description-tabs__buttons-wrapper\">\n\t\t\t\t\t\t\t\t\t\t\t\t\t\t\t\t\t\t\t\t\t<div class=\"wp-block-button is-style-button-red\">\n\t\t\t\t\t\t\t\t\t\t\t\t<div class=\"wp-block-button__link wp-element-button\">\n\t\t\t\t\t\t\t\t\t\t\t\t\t<a href=\"https:\/\/localhost\/tab-test\/\" data-type=\"page\" data-id=\"1579\">Buy now<\/a>\t\t\t\t\t\t\t\t\t\t\t\t<\/div>\n\t\t\t\t\t\t\t\t\t\t\t<\/div>\n\t\t\t\t\t\t\t\t\t\t\t\t\t\t\t\t\t\t\t\t\t\t<div class=\"wp-block-button is-style-button-grey\">\n\t\t\t\t\t\t\t\t\t\t\t\t<div class=\"wp-block-button__link wp-element-button\">\n\t\t\t\t\t\t\t\t\t\t\t\t\t<a href=\"https:\/\/localhost\/tab-test\/\" data-type=\"page\" data-id=\"1579\">Technical data<\/a>\t\t\t\t\t\t\t\t\t\t\t\t<\/div>\n\t\t\t\t\t\t\t\t\t\t\t<\/div>\n\t\t\t\t\t\t\t\t\t\t\t\t\t\t\t\t\t\t\t\t\t\t<div class=\"wp-block-button is-style-button-grey\">\n\t\t\t\t\t\t\t\t\t\t\t\t<div class=\"wp-block-button__link wp-element-button\">\n\t\t\t\t\t\t\t\t\t\t\t\t\t<a href=\"https:\/\/localhost\/tab-test\/\" data-type=\"page\" data-id=\"1579\">Safety data sheet<\/a>\t\t\t\t\t\t\t\t\t\t\t\t<\/div>\n\t\t\t\t\t\t\t\t\t\t\t<\/div>\n\t\t\t\t\t\t\t\t\t\t\t\t\t\t\t\t\t\t\t\t<\/div>\n\t\t\t\t\t\t\t\t<\/div>\n\t\t\t\t\t\t\t<\/div>\n\t\t\t\t\t\t<\/div>\n\t\t\t\t\t\t\t\t\t\t\t\t<div class=\"description-tabs__tab-wrapper hidden\">\n\t\t\t\t\t\t\t<div class=\"description-tabs__top-row\">\n\t\t\t\t\t\t\t\t<div class=\"description-tabs__text-wrapper\">\n\t\t\t\t\t\t\t\t\t<h3 class=\"description-tabs__content-title\">PEEK Aero<\/h3>\n\t\t\t\t\t\t\t\t\t<div class=\"description-tabs__text\">\n\t\t\t\t\t\t\t\t\t\t\t\t\t\t\t\t\t\t\t<\/div>\n\t\t\t\t\t\t\t\t<\/div>\n\t\t\t\t\t\t\t\t\t\t\t\t\t\t\t<\/div>\n\t\t\t\t\t\t\t<div class=\"description-tabs__bottom-row\">\n\t\t\t\t\t\t\t\t\t\t\t\t\t\t\t\t<div class=\"description-tabs__table-wrapper\">\n\t\t\t\t\t\t\t\t\t<div class=\"description-tabs__row\">\n\t\t\t\t\t\t\t\t\t\t<div class=\"description-tabs__icon-wrapper\">\n\t\t\t\t\t\t\t\t\t\t\t\t\t\t\t\t\t\t\t\t\t<\/div>\n\t\t\t\t\t\t\t\t\t\t<div class=\"description-tabs__brand-text\">\n\t\t\t\t\t\t\t\t\t\t\t\t\t\t\t\t\t\t\t\t\t<\/div>\n\t\t\t\t\t\t\t\t\t\t<div class=\"description-tabs__logo-wrapper\">\n\t\t\t\t\t\t\t\t\t\t\t\t\t\t\t\t\t\t\t\t\t<\/div>\n\t\t\t\t\t\t\t\t\t<\/div>\n\t\t\t\t\t\t\t\t\t<div class=\"description-tabs__row\">\n\t\t\t\t\t\t\t\t\t\t<div class=\"description-tabs__icon-wrapper\">\n\t\t\t\t\t\t\t\t\t\t\t\t\t\t\t\t\t\t\t\t\t<\/div>\n\t\t\t\t\t\t\t\t\t\t<div class=\"description-tabs__brand-text\">\n\t\t\t\t\t\t\t\t\t\t\t\t\t\t\t\t\t\t\t\t\t<\/div>\n\t\t\t\t\t\t\t\t\t\t<div class=\"description-tabs__works-text\">\n\t\t\t\t\t\t\t\t\t\t\t\t\t\t\t\t\t\t\t\t\t<\/div>\n\t\t\t\t\t\t\t\t\t<\/div>\n\t\t\t\t\t\t\t\t\t<div class=\"description-tabs__buttons-wrapper\">\n\t\t\t\t\t\t\t\t\t\t\t\t\t\t\t\t\t\t\t<\/div>\n\t\t\t\t\t\t\t\t<\/div>\n\t\t\t\t\t\t\t<\/div>\n\t\t\t\t\t\t<\/div>\n\t\t\t\t\t\t\t\t\t\t\t\t<div class=\"description-tabs__tab-wrapper hidden\">\n\t\t\t\t\t\t\t<div class=\"description-tabs__top-row\">\n\t\t\t\t\t\t\t\t<div class=\"description-tabs__text-wrapper\">\n\t\t\t\t\t\t\t\t\t<h3 class=\"description-tabs__content-title\">VICTREX AM\u2122 200<\/h3>\n\t\t\t\t\t\t\t\t\t<div class=\"description-tabs__text\">\n\t\t\t\t\t\t\t\t\t\t\t\t\t\t\t\t\t\t\t<\/div>\n\t\t\t\t\t\t\t\t<\/div>\n\t\t\t\t\t\t\t\t\t\t\t\t\t\t\t<\/div>\n\t\t\t\t\t\t\t<div class=\"description-tabs__bottom-row\">\n\t\t\t\t\t\t\t\t\t\t\t\t\t\t\t\t<div class=\"description-tabs__table-wrapper\">\n\t\t\t\t\t\t\t\t\t<div class=\"description-tabs__row\">\n\t\t\t\t\t\t\t\t\t\t<div class=\"description-tabs__icon-wrapper\">\n\t\t\t\t\t\t\t\t\t\t\t\t\t\t\t\t\t\t\t\t\t<\/div>\n\t\t\t\t\t\t\t\t\t\t<div class=\"description-tabs__brand-text\">\n\t\t\t\t\t\t\t\t\t\t\t\t\t\t\t\t\t\t\t\t\t<\/div>\n\t\t\t\t\t\t\t\t\t\t<div class=\"description-tabs__logo-wrapper\">\n\t\t\t\t\t\t\t\t\t\t\t\t\t\t\t\t\t\t\t\t\t<\/div>\n\t\t\t\t\t\t\t\t\t<\/div>\n\t\t\t\t\t\t\t\t\t<div class=\"description-tabs__row\">\n\t\t\t\t\t\t\t\t\t\t<div class=\"description-tabs__icon-wrapper\">\n\t\t\t\t\t\t\t\t\t\t\t\t\t\t\t\t\t\t\t\t\t<\/div>\n\t\t\t\t\t\t\t\t\t\t<div class=\"description-tabs__brand-text\">\n\t\t\t\t\t\t\t\t\t\t\t\t\t\t\t\t\t\t\t\t\t<\/div>\n\t\t\t\t\t\t\t\t\t\t<div class=\"description-tabs__works-text\">\n\t\t\t\t\t\t\t\t\t\t\t\t\t\t\t\t\t\t\t\t\t<\/div>\n\t\t\t\t\t\t\t\t\t<\/div>\n\t\t\t\t\t\t\t\t\t<div class=\"description-tabs__buttons-wrapper\">\n\t\t\t\t\t\t\t\t\t\t\t\t\t\t\t\t\t\t\t<\/div>\n\t\t\t\t\t\t\t\t<\/div>\n\t\t\t\t\t\t\t<\/div>\n\t\t\t\t\t\t<\/div>\n\t\t\t\t\t\t\t\t\t\t\t\t<div class=\"description-tabs__tab-wrapper hidden\">\n\t\t\t\t\t\t\t<div class=\"description-tabs__top-row\">\n\t\t\t\t\t\t\t\t<div class=\"description-tabs__text-wrapper\">\n\t\t\t\t\t\t\t\t\t<h3 class=\"description-tabs__content-title\">PEEK-CF<\/h3>\n\t\t\t\t\t\t\t\t\t<div class=\"description-tabs__text\">\n\t\t\t\t\t\t\t\t\t\t\t\t\t\t\t\t\t\t\t<\/div>\n\t\t\t\t\t\t\t\t<\/div>\n\t\t\t\t\t\t\t\t\t\t\t\t\t\t\t<\/div>\n\t\t\t\t\t\t\t<div class=\"description-tabs__bottom-row\">\n\t\t\t\t\t\t\t\t\t\t\t\t\t\t\t\t<div class=\"description-tabs__table-wrapper\">\n\t\t\t\t\t\t\t\t\t<div class=\"description-tabs__row\">\n\t\t\t\t\t\t\t\t\t\t<div class=\"description-tabs__icon-wrapper\">\n\t\t\t\t\t\t\t\t\t\t\t\t\t\t\t\t\t\t\t\t\t<\/div>\n\t\t\t\t\t\t\t\t\t\t<div class=\"description-tabs__brand-text\">\n\t\t\t\t\t\t\t\t\t\t\t\t\t\t\t\t\t\t\t\t\t<\/div>\n\t\t\t\t\t\t\t\t\t\t<div class=\"description-tabs__logo-wrapper\">\n\t\t\t\t\t\t\t\t\t\t\t\t\t\t\t\t\t\t\t\t\t<\/div>\n\t\t\t\t\t\t\t\t\t<\/div>\n\t\t\t\t\t\t\t\t\t<div class=\"description-tabs__row\">\n\t\t\t\t\t\t\t\t\t\t<div class=\"description-tabs__icon-wrapper\">\n\t\t\t\t\t\t\t\t\t\t\t\t\t\t\t\t\t\t\t\t\t<\/div>\n\t\t\t\t\t\t\t\t\t\t<div class=\"description-tabs__brand-text\">\n\t\t\t\t\t\t\t\t\t\t\t\t\t\t\t\t\t\t\t\t\t<\/div>\n\t\t\t\t\t\t\t\t\t\t<div class=\"description-tabs__works-text\">\n\t\t\t\t\t\t\t\t\t\t\t\t\t\t\t\t\t\t\t\t\t<\/div>\n\t\t\t\t\t\t\t\t\t<\/div>\n\t\t\t\t\t\t\t\t\t<div class=\"description-tabs__buttons-wrapper\">\n\t\t\t\t\t\t\t\t\t\t\t\t\t\t\t\t\t\t\t<\/div>\n\t\t\t\t\t\t\t\t<\/div>\n\t\t\t\t\t\t\t<\/div>\n\t\t\t\t\t\t<\/div>\n\t\t\t\t\t\t\t\t\t<\/div>\n\t\t<\/div>\n\t\t<\/div>\n\n\n\n<div class=\"wp-block-group contact-block is-layout-constrained wp-block-group-is-layout-constrained\">\n<div class=\"wp-block-group fse-heading is-layout-constrained wp-block-group-is-layout-constrained\">\n<h2 class=\"wp-block-heading alignwide has-text-align-center has-gray-color has-text-color\" style=\"margin-bottom:0;font-size:2.81rem;text-transform:capitalize\">Contact<\/h2>\n\n\n\n<div style=\"height:2px\" aria-hidden=\"true\" class=\"wp-block-spacer\"><\/div>\n<\/div>\n\n\n\n<div class=\"wp-block-group contact-group__wrapper is-layout-constrained wp-block-group-is-layout-constrained\">\n<p class=\"has-text-align-center\">Nie znalaz\u0142e\u015b materia\u0142u, kt\u00f3rego potrzebujesz? lub nie wiesz kt\u00f3ry wybra\u0107? Napisz do nas!<\/p>\n\n\n\n<div class=\"wp-block-contact-form-7-contact-form-selector\">\n<div class=\"wpcf7 no-js\" id=\"wpcf7-f1544-o1\" lang=\"en-GB\" dir=\"ltr\" data-wpcf7-id=\"1544\">\n<div class=\"screen-reader-response\"><p role=\"status\" aria-live=\"polite\" aria-atomic=\"true\"><\/p> <ul><\/ul><\/div>\n<form action=\"\/new\/wp-json\/wp\/v2\/pages\/1558#wpcf7-f1544-o1\" method=\"post\" class=\"wpcf7-form init wpcf7-acceptance-as-validation\" aria-label=\"Contact form\" novalidate=\"novalidate\" data-status=\"init\">\n<fieldset class=\"hidden-fields-container\"><input type=\"hidden\" name=\"_wpcf7\" value=\"1544\" \/><input type=\"hidden\" name=\"_wpcf7_version\" value=\"6.1.1\" \/><input type=\"hidden\" name=\"_wpcf7_locale\" value=\"en_GB\" \/><input type=\"hidden\" name=\"_wpcf7_unit_tag\" value=\"wpcf7-f1544-o1\" \/><input type=\"hidden\" name=\"_wpcf7_container_post\" value=\"0\" \/><input type=\"hidden\" name=\"_wpcf7_posted_data_hash\" value=\"\" \/><input type=\"hidden\" name=\"_wpcf7_recaptcha_response\" value=\"\" \/>\n<\/fieldset>\n<div class=\"block-contact-form__form-wrapper\">\n<div class=\"block-contact-form__left\">\n    <div>\n        <span class=\"wpcf7-form-control-wrap\" data-name=\"your-name\"><input size=\"40\" maxlength=\"400\" class=\"wpcf7-form-control wpcf7-text wpcf7-validates-as-required\" aria-required=\"true\" aria-invalid=\"false\" placeholder=\"First and last name*\" value=\"\" type=\"text\" name=\"your-name\" \/><\/span> \n    <\/div>\n\n\n    <div>\n        <span class=\"wpcf7-form-control-wrap\" data-name=\"your-company\"><input size=\"40\" maxlength=\"400\" class=\"wpcf7-form-control wpcf7-text wpcf7-validates-as-required\" aria-required=\"true\" aria-invalid=\"false\" placeholder=\"Company*\" value=\"\" type=\"text\" name=\"your-company\" \/><\/span> \n    <\/div>\n\n    <div>\n        <span class=\"wpcf7-form-control-wrap\" data-name=\"your-email-company\"><input size=\"40\" maxlength=\"400\" class=\"wpcf7-form-control wpcf7-email wpcf7-validates-as-required wpcf7-text wpcf7-validates-as-email\" aria-required=\"true\" aria-invalid=\"false\" placeholder=\"Company E-mail*\" value=\"\" type=\"email\" name=\"your-email-company\" \/><\/span> \n    <\/div>\n    <div>\n        <span class=\"wpcf7-form-control-wrap\" data-name=\"tel\"><input size=\"40\" maxlength=\"400\" class=\"wpcf7-form-control wpcf7-tel wpcf7-validates-as-required wpcf7-text wpcf7-validates-as-tel\" aria-required=\"true\" aria-invalid=\"false\" placeholder=\"Telephone number*\" value=\"\" type=\"tel\" name=\"tel\" \/><\/span>\n    <\/div>\n<\/div>\n<div class=\"block-contact-form__right\">\n    <div>\n        <span class=\"wpcf7-form-control-wrap\" data-name=\"your-message\"><textarea cols=\"40\" rows=\"4\" maxlength=\"2000\" class=\"wpcf7-form-control wpcf7-textarea\" aria-invalid=\"false\" name=\"your-message\"><\/textarea><\/span>\n    <\/div>\n    <span class=\"wpcf7-form-control-wrap submission_id\"><input class=\"wpcf7-form-control wpcf7-submission_id_hidden wpcf7-validates-as-number\" readonly=\"readonly\" aria-invalid=\"false\" value=\"9282\" name=\"submission_id\" type=\"hidden\" \/><\/span>\n\n    <div>\n        <span class=\"wpcf7-form-control-wrap\" data-name=\"acceptance-379\"><span class=\"wpcf7-form-control wpcf7-acceptance\"><span class=\"wpcf7-list-item\"><label><input type=\"checkbox\" name=\"acceptance-379\" value=\"1\" aria-invalid=\"false\" \/><span class=\"wpcf7-list-item-label\">I agree to the <a href=\/policy\/>Privacy and cookie policy<\/a>.<\/span><\/label><\/span><\/span><\/span>\n    <\/div>\n    <input type=\"hidden\" id=\"zc_gad\" name=\"zc_gad\" value=\"\"\/>\n\n    <input class=\"wpcf7-form-control wpcf7-hidden\" id=\"formgclid\" value=\"gclid\" type=\"hidden\" name=\"formgclid\" \/>\n    <input class=\"wpcf7-form-control wpcf7-hidden\" id=\"formutmz\" value=\"\" type=\"hidden\" name=\"formutmz\" \/>\n<\/div>\n<\/div>\n<div class=\"block-contact-form__form-bottom\">\n    <div class=\"btn-wrapper\">\n        <input class=\"wpcf7-form-control wpcf7-submit has-spinner btn\" type=\"submit\" value=\"Ask for a quote\" \/>\n    <\/div>\n<\/div><div class=\"wpcf7-response-output\" aria-hidden=\"true\"><\/div>\n<\/form>\n<\/div>\n<\/div>\n<\/div>\n<\/div>\n","protected":false},"excerpt":{"rendered":"<p>Features PEEK typical applications include elements of machines and devices in automotive, marine, nuclear, oil-well, electronics, medical, and aerospace industries. Parts from this material are often chosen as metal parts replacement. Usually the desirable state of PEEK is the semi-crystalline, which can be achieved after the annealing process of the printed model. In order to [&hellip;]<\/p>\n","protected":false},"author":1,"featured_media":0,"parent":0,"menu_order":0,"comment_status":"closed","ping_status":"closed","template":"","meta":{"footnotes":""},"class_list":["post-1558","page","type-page","status-publish","hentry"],"yoast_head":"<!-- This site is optimized with the Yoast SEO plugin v25.9 - https:\/\/yoast.com\/wordpress\/plugins\/seo\/ -->\n<title>Peek - 3DGence<\/title>\n<meta name=\"robots\" content=\"index, follow, max-snippet:-1, max-image-preview:large, max-video-preview:-1\" \/>\n<link rel=\"canonical\" href=\"https:\/\/3dgence.com\/new\/peek\/\" \/>\n<meta property=\"og:locale\" content=\"en_GB\" \/>\n<meta property=\"og:type\" content=\"article\" \/>\n<meta property=\"og:title\" content=\"Peek - 3DGence\" \/>\n<meta property=\"og:description\" content=\"Features PEEK typical applications include elements of machines and devices in automotive, marine, nuclear, oil-well, electronics, medical, and aerospace industries. Parts from this material are often chosen as metal parts replacement. Usually the desirable state of PEEK is the semi-crystalline, which can be achieved after the annealing process of the printed model. In order to [&hellip;]\" \/>\n<meta property=\"og:url\" content=\"https:\/\/3dgence.com\/new\/peek\/\" \/>\n<meta property=\"og:site_name\" content=\"3DGence\" \/>\n<meta property=\"og:image\" content=\"https:\/\/3dgence.com\/new\/wp-content\/themes\/3dgence\/dist\/images\/PEEK_photo.webp\" \/>\n<meta name=\"twitter:card\" content=\"summary_large_image\" \/>\n<meta name=\"twitter:label1\" content=\"Estimated reading time\" \/>\n\t<meta name=\"twitter:data1\" content=\"1 minute\" \/>\n<script type=\"application\/ld+json\" class=\"yoast-schema-graph\">{\"@context\":\"https:\/\/schema.org\",\"@graph\":[{\"@type\":\"WebPage\",\"@id\":\"https:\/\/3dgence.com\/new\/peek\/\",\"url\":\"https:\/\/3dgence.com\/new\/peek\/\",\"name\":\"Peek - 3DGence\",\"isPartOf\":{\"@id\":\"https:\/\/3dgence.com\/new\/#website\"},\"primaryImageOfPage\":{\"@id\":\"https:\/\/3dgence.com\/new\/peek\/#primaryimage\"},\"image\":{\"@id\":\"https:\/\/3dgence.com\/new\/peek\/#primaryimage\"},\"thumbnailUrl\":\"https:\/\/3dgence.com\/new\/wp-content\/themes\/3dgence\/dist\/images\/PEEK_photo.webp\",\"datePublished\":\"2024-04-10T07:24:12+00:00\",\"breadcrumb\":{\"@id\":\"https:\/\/3dgence.com\/new\/peek\/#breadcrumb\"},\"inLanguage\":\"en-GB\",\"potentialAction\":[{\"@type\":\"ReadAction\",\"target\":[\"https:\/\/3dgence.com\/new\/peek\/\"]}]},{\"@type\":\"ImageObject\",\"inLanguage\":\"en-GB\",\"@id\":\"https:\/\/3dgence.com\/new\/peek\/#primaryimage\",\"url\":\"https:\/\/3dgence.com\/new\/wp-content\/themes\/3dgence\/dist\/images\/PEEK_photo.webp\",\"contentUrl\":\"https:\/\/3dgence.com\/new\/wp-content\/themes\/3dgence\/dist\/images\/PEEK_photo.webp\"},{\"@type\":\"BreadcrumbList\",\"@id\":\"https:\/\/3dgence.com\/new\/peek\/#breadcrumb\",\"itemListElement\":[{\"@type\":\"ListItem\",\"position\":1,\"name\":\"Home\",\"item\":\"https:\/\/3dgence.com\/new\/\"},{\"@type\":\"ListItem\",\"position\":2,\"name\":\"Peek\"}]},{\"@type\":\"WebSite\",\"@id\":\"https:\/\/3dgence.com\/new\/#website\",\"url\":\"https:\/\/3dgence.com\/new\/\",\"name\":\"3DGence\",\"description\":\"\",\"publisher\":{\"@id\":\"https:\/\/3dgence.com\/new\/#organization\"},\"potentialAction\":[{\"@type\":\"SearchAction\",\"target\":{\"@type\":\"EntryPoint\",\"urlTemplate\":\"https:\/\/3dgence.com\/new\/?s={search_term_string}\"},\"query-input\":{\"@type\":\"PropertyValueSpecification\",\"valueRequired\":true,\"valueName\":\"search_term_string\"}}],\"inLanguage\":\"en-GB\"},{\"@type\":\"Organization\",\"@id\":\"https:\/\/3dgence.com\/new\/#organization\",\"name\":\"3DGence\",\"url\":\"https:\/\/3dgence.com\/new\/\",\"logo\":{\"@type\":\"ImageObject\",\"inLanguage\":\"en-GB\",\"@id\":\"https:\/\/3dgence.com\/new\/#\/schema\/logo\/image\/\",\"url\":\"https:\/\/3dgence.com\/new\/wp-content\/uploads\/2023\/11\/3dlogo.svg\",\"contentUrl\":\"https:\/\/3dgence.com\/new\/wp-content\/uploads\/2023\/11\/3dlogo.svg\",\"caption\":\"3DGence\"},\"image\":{\"@id\":\"https:\/\/3dgence.com\/new\/#\/schema\/logo\/image\/\"}}]}<\/script>\n<!-- \/ Yoast SEO plugin. -->","yoast_head_json":{"title":"Peek - 3DGence","robots":{"index":"index","follow":"follow","max-snippet":"max-snippet:-1","max-image-preview":"max-image-preview:large","max-video-preview":"max-video-preview:-1"},"canonical":"https:\/\/3dgence.com\/new\/peek\/","og_locale":"en_GB","og_type":"article","og_title":"Peek - 3DGence","og_description":"Features PEEK typical applications include elements of machines and devices in automotive, marine, nuclear, oil-well, electronics, medical, and aerospace industries. Parts from this material are often chosen as metal parts replacement. Usually the desirable state of PEEK is the semi-crystalline, which can be achieved after the annealing process of the printed model. In order to [&hellip;]","og_url":"https:\/\/3dgence.com\/new\/peek\/","og_site_name":"3DGence","og_image":[{"url":"https:\/\/3dgence.com\/new\/wp-content\/themes\/3dgence\/dist\/images\/PEEK_photo.webp","type":"","width":"","height":""}],"twitter_card":"summary_large_image","twitter_misc":{"Estimated reading time":"1 minute"},"schema":{"@context":"https:\/\/schema.org","@graph":[{"@type":"WebPage","@id":"https:\/\/3dgence.com\/new\/peek\/","url":"https:\/\/3dgence.com\/new\/peek\/","name":"Peek - 3DGence","isPartOf":{"@id":"https:\/\/3dgence.com\/new\/#website"},"primaryImageOfPage":{"@id":"https:\/\/3dgence.com\/new\/peek\/#primaryimage"},"image":{"@id":"https:\/\/3dgence.com\/new\/peek\/#primaryimage"},"thumbnailUrl":"https:\/\/3dgence.com\/new\/wp-content\/themes\/3dgence\/dist\/images\/PEEK_photo.webp","datePublished":"2024-04-10T07:24:12+00:00","breadcrumb":{"@id":"https:\/\/3dgence.com\/new\/peek\/#breadcrumb"},"inLanguage":"en-GB","potentialAction":[{"@type":"ReadAction","target":["https:\/\/3dgence.com\/new\/peek\/"]}]},{"@type":"ImageObject","inLanguage":"en-GB","@id":"https:\/\/3dgence.com\/new\/peek\/#primaryimage","url":"https:\/\/3dgence.com\/new\/wp-content\/themes\/3dgence\/dist\/images\/PEEK_photo.webp","contentUrl":"https:\/\/3dgence.com\/new\/wp-content\/themes\/3dgence\/dist\/images\/PEEK_photo.webp"},{"@type":"BreadcrumbList","@id":"https:\/\/3dgence.com\/new\/peek\/#breadcrumb","itemListElement":[{"@type":"ListItem","position":1,"name":"Home","item":"https:\/\/3dgence.com\/new\/"},{"@type":"ListItem","position":2,"name":"Peek"}]},{"@type":"WebSite","@id":"https:\/\/3dgence.com\/new\/#website","url":"https:\/\/3dgence.com\/new\/","name":"3DGence","description":"","publisher":{"@id":"https:\/\/3dgence.com\/new\/#organization"},"potentialAction":[{"@type":"SearchAction","target":{"@type":"EntryPoint","urlTemplate":"https:\/\/3dgence.com\/new\/?s={search_term_string}"},"query-input":{"@type":"PropertyValueSpecification","valueRequired":true,"valueName":"search_term_string"}}],"inLanguage":"en-GB"},{"@type":"Organization","@id":"https:\/\/3dgence.com\/new\/#organization","name":"3DGence","url":"https:\/\/3dgence.com\/new\/","logo":{"@type":"ImageObject","inLanguage":"en-GB","@id":"https:\/\/3dgence.com\/new\/#\/schema\/logo\/image\/","url":"https:\/\/3dgence.com\/new\/wp-content\/uploads\/2023\/11\/3dlogo.svg","contentUrl":"https:\/\/3dgence.com\/new\/wp-content\/uploads\/2023\/11\/3dlogo.svg","caption":"3DGence"},"image":{"@id":"https:\/\/3dgence.com\/new\/#\/schema\/logo\/image\/"}}]}},"_links":{"self":[{"href":"https:\/\/3dgence.com\/new\/wp-json\/wp\/v2\/pages\/1558","targetHints":{"allow":["GET"]}}],"collection":[{"href":"https:\/\/3dgence.com\/new\/wp-json\/wp\/v2\/pages"}],"about":[{"href":"https:\/\/3dgence.com\/new\/wp-json\/wp\/v2\/types\/page"}],"author":[{"embeddable":true,"href":"https:\/\/3dgence.com\/new\/wp-json\/wp\/v2\/users\/1"}],"replies":[{"embeddable":true,"href":"https:\/\/3dgence.com\/new\/wp-json\/wp\/v2\/comments?post=1558"}],"version-history":[{"count":1,"href":"https:\/\/3dgence.com\/new\/wp-json\/wp\/v2\/pages\/1558\/revisions"}],"predecessor-version":[{"id":1559,"href":"https:\/\/3dgence.com\/new\/wp-json\/wp\/v2\/pages\/1558\/revisions\/1559"}],"wp:attachment":[{"href":"https:\/\/3dgence.com\/new\/wp-json\/wp\/v2\/media?parent=1558"}],"curies":[{"name":"wp","href":"https:\/\/api.w.org\/{rel}","templated":true}]}}