{"id":18612,"date":"2021-02-08T14:19:59","date_gmt":"2021-02-08T13:19:59","guid":{"rendered":"https:\/\/staging.3dgence.com\/firma\/dokumenty\/"},"modified":"2022-07-14T10:32:57","modified_gmt":"2022-07-14T08:32:57","slug":"dokumenty","status":"publish","type":"page","link":"https:\/\/3dgence.com\/pl\/firma\/dokumenty\/","title":{"rendered":"Dokumenty"},"content":{"rendered":"\t\t<div data-elementor-type=\"wp-page\" data-elementor-id=\"18612\" class=\"elementor elementor-18612 elementor-18606\" data-elementor-post-type=\"page\">\n\t\t\t\t\t\t<section class=\"elementor-section elementor-top-section elementor-element elementor-element-5ddf174a elementor-section-height-min-height nakladka header-row elementor-section-boxed elementor-section-height-default elementor-section-items-middle\" data-id=\"5ddf174a\" data-element_type=\"section\" data-settings=\"{&quot;background_background&quot;:&quot;classic&quot;}\">\n\t\t\t\t\t\t\t<div class=\"elementor-background-overlay\"><\/div>\n\t\t\t\t\t\t\t<div class=\"elementor-container elementor-column-gap-default\">\n\t\t\t\t\t<div class=\"elementor-column elementor-col-50 elementor-top-column elementor-element elementor-element-4728b9f4\" data-id=\"4728b9f4\" data-element_type=\"column\">\n\t\t\t<div class=\"elementor-widget-wrap elementor-element-populated\">\n\t\t\t\t\t\t<div class=\"elementor-element elementor-element-40edd1ec elementor-widget elementor-widget-heading\" data-id=\"40edd1ec\" data-element_type=\"widget\" data-widget_type=\"heading.default\">\n\t\t\t\t<div class=\"elementor-widget-container\">\n\t\t\t\t\t<h1 class=\"elementor-heading-title elementor-size-default\">Dokumenty<\/h1>\t\t\t\t<\/div>\n\t\t\t\t<\/div>\n\t\t\t\t\t<\/div>\n\t\t<\/div>\n\t\t\t\t<div class=\"elementor-column elementor-col-50 elementor-top-column elementor-element elementor-element-3f82d4b9 elementor-hidden-tablet elementor-hidden-phone\" data-id=\"3f82d4b9\" data-element_type=\"column\">\n\t\t\t<div class=\"elementor-widget-wrap\">\n\t\t\t\t\t\t\t<\/div>\n\t\t<\/div>\n\t\t\t\t\t<\/div>\n\t\t<\/section>\n\t\t\t\t<section class=\"elementor-section elementor-top-section elementor-element elementor-element-b0b562f elementor-section-boxed elementor-section-height-default elementor-section-height-default\" data-id=\"b0b562f\" data-element_type=\"section\">\n\t\t\t\t\t\t<div class=\"elementor-container elementor-column-gap-default\">\n\t\t\t\t\t<div class=\"elementor-column elementor-col-50 elementor-top-column elementor-element elementor-element-c801594\" data-id=\"c801594\" data-element_type=\"column\">\n\t\t\t<div class=\"elementor-widget-wrap elementor-element-populated\">\n\t\t\t\t\t\t<div class=\"elementor-element elementor-element-587c392 elementor-widget elementor-widget-heading\" data-id=\"587c392\" data-element_type=\"widget\" data-widget_type=\"heading.default\">\n\t\t\t\t<div class=\"elementor-widget-container\">\n\t\t\t\t\t<h2 class=\"elementor-heading-title elementor-size-default\">Og\u00f3lne Warunki Sprzeda\u017cy<\/h2>\t\t\t\t<\/div>\n\t\t\t\t<\/div>\n\t\t\t\t\t<\/div>\n\t\t<\/div>\n\t\t\t\t<div class=\"elementor-column elementor-col-50 elementor-top-column elementor-element elementor-element-bf48cb8\" data-id=\"bf48cb8\" data-element_type=\"column\">\n\t\t\t<div class=\"elementor-widget-wrap elementor-element-populated\">\n\t\t\t\t\t\t<div class=\"elementor-element elementor-element-e56522c elementor-align-left elementor-icon-list--layout-traditional elementor-list-item-link-full_width elementor-widget elementor-widget-icon-list\" data-id=\"e56522c\" data-element_type=\"widget\" data-widget_type=\"icon-list.default\">\n\t\t\t\t<div class=\"elementor-widget-container\">\n\t\t\t\t\t\t\t<ul class=\"elementor-icon-list-items\">\n\t\t\t\t\t\t\t<li class=\"elementor-icon-list-item\">\n\t\t\t\t\t\t\t\t\t\t\t<a href=\"https:\/\/3dgence.com\/wp-content\/uploads\/OGOLNE-WARUNKI-SPRZEDAZY.pdf\">\n\n\t\t\t\t\t\t\t\t\t\t\t\t<span class=\"elementor-icon-list-icon\">\n\t\t\t\t\t\t\t<svg xmlns=\"http:\/\/www.w3.org\/2000\/svg\" width=\"50\" height=\"50\" viewBox=\"0 0 50 50\"><g id=\"Group_1590\" data-name=\"Group 1590\" transform=\"translate(-628 -2421)\"><g id=\"Group_1486\" data-name=\"Group 1486\" transform=\"translate(-482 583)\"><g id=\"Group_1479\" data-name=\"Group 1479\"><circle id=\"Ellipse_56\" data-name=\"Ellipse 56\" cx=\"25\" cy=\"25\" r=\"25\" transform=\"translate(1110 1838)\" fill=\"#da2032\"><\/circle><g id=\"Group_1287\" data-name=\"Group 1287\" transform=\"translate(-391 -5545)\"><g id=\"Group_46\" data-name=\"Group 46\" transform=\"translate(1509.965 7381.968)\"><line id=\"Line_31\" data-name=\"Line 31\" x2=\"21.3\" transform=\"translate(5.4 35.3)\" fill=\"none\" stroke=\"#fff\" stroke-linecap=\"round\" stroke-linejoin=\"round\" stroke-width=\"1.5\"><\/line><line id=\"Line_32\" data-name=\"Line 32\" y2=\"16.9\" transform=\"translate(15.7 13.6)\" fill=\"none\" stroke=\"#fff\" stroke-linecap=\"round\" stroke-linejoin=\"round\" stroke-width=\"1.5\"><\/line><path id=\"Path_80\" data-name=\"Path 80\" d=\"M21.8,24.6l-6.1,6.1-6-6.1\" fill=\"none\" stroke=\"#fff\" stroke-linecap=\"round\" stroke-linejoin=\"round\" stroke-width=\"1.5\"><\/path><\/g><\/g><\/g><\/g><\/g><\/svg>\t\t\t\t\t\t<\/span>\n\t\t\t\t\t\t\t\t\t\t<span class=\"elementor-icon-list-text\"><\/span>\n\t\t\t\t\t\t\t\t\t\t\t<\/a>\n\t\t\t\t\t\t\t\t\t<\/li>\n\t\t\t\t\t\t<\/ul>\n\t\t\t\t\t\t<\/div>\n\t\t\t\t<\/div>\n\t\t\t\t\t<\/div>\n\t\t<\/div>\n\t\t\t\t\t<\/div>\n\t\t<\/section>\n\t\t\t\t<section class=\"elementor-section elementor-top-section elementor-element elementor-element-66cc728 elementor-section-boxed elementor-section-height-default elementor-section-height-default\" data-id=\"66cc728\" data-element_type=\"section\">\n\t\t\t\t\t\t<div class=\"elementor-container elementor-column-gap-default\">\n\t\t\t\t\t<div class=\"elementor-column elementor-col-50 elementor-top-column elementor-element elementor-element-f0fde49\" data-id=\"f0fde49\" data-element_type=\"column\">\n\t\t\t<div class=\"elementor-widget-wrap elementor-element-populated\">\n\t\t\t\t\t\t<div class=\"elementor-element elementor-element-d2cb988 elementor-widget elementor-widget-heading\" data-id=\"d2cb988\" data-element_type=\"widget\" data-widget_type=\"heading.default\">\n\t\t\t\t<div class=\"elementor-widget-container\">\n\t\t\t\t\t<h2 class=\"elementor-heading-title elementor-size-default\">Og\u00f3lne Warunki Zakupu<\/h2>\t\t\t\t<\/div>\n\t\t\t\t<\/div>\n\t\t\t\t\t<\/div>\n\t\t<\/div>\n\t\t\t\t<div class=\"elementor-column elementor-col-50 elementor-top-column elementor-element elementor-element-a462d10\" data-id=\"a462d10\" data-element_type=\"column\">\n\t\t\t<div class=\"elementor-widget-wrap elementor-element-populated\">\n\t\t\t\t\t\t<div class=\"elementor-element elementor-element-c37fef6 elementor-align-left elementor-icon-list--layout-traditional elementor-list-item-link-full_width elementor-widget elementor-widget-icon-list\" data-id=\"c37fef6\" data-element_type=\"widget\" data-widget_type=\"icon-list.default\">\n\t\t\t\t<div class=\"elementor-widget-container\">\n\t\t\t\t\t\t\t<ul class=\"elementor-icon-list-items\">\n\t\t\t\t\t\t\t<li class=\"elementor-icon-list-item\">\n\t\t\t\t\t\t\t\t\t\t\t<a href=\"https:\/\/3dgence.com\/wp-content\/uploads\/files\/OWZ\/OWZ.pdf\">\n\n\t\t\t\t\t\t\t\t\t\t\t\t<span class=\"elementor-icon-list-icon\">\n\t\t\t\t\t\t\t<svg xmlns=\"http:\/\/www.w3.org\/2000\/svg\" width=\"50\" height=\"50\" viewBox=\"0 0 50 50\"><g id=\"Group_1590\" data-name=\"Group 1590\" transform=\"translate(-628 -2421)\"><g id=\"Group_1486\" data-name=\"Group 1486\" transform=\"translate(-482 583)\"><g id=\"Group_1479\" data-name=\"Group 1479\"><circle id=\"Ellipse_56\" data-name=\"Ellipse 56\" cx=\"25\" cy=\"25\" r=\"25\" transform=\"translate(1110 1838)\" fill=\"#da2032\"><\/circle><g id=\"Group_1287\" data-name=\"Group 1287\" transform=\"translate(-391 -5545)\"><g id=\"Group_46\" data-name=\"Group 46\" transform=\"translate(1509.965 7381.968)\"><line id=\"Line_31\" data-name=\"Line 31\" x2=\"21.3\" transform=\"translate(5.4 35.3)\" fill=\"none\" stroke=\"#fff\" stroke-linecap=\"round\" stroke-linejoin=\"round\" stroke-width=\"1.5\"><\/line><line id=\"Line_32\" data-name=\"Line 32\" y2=\"16.9\" transform=\"translate(15.7 13.6)\" fill=\"none\" stroke=\"#fff\" stroke-linecap=\"round\" stroke-linejoin=\"round\" stroke-width=\"1.5\"><\/line><path id=\"Path_80\" data-name=\"Path 80\" d=\"M21.8,24.6l-6.1,6.1-6-6.1\" fill=\"none\" stroke=\"#fff\" stroke-linecap=\"round\" stroke-linejoin=\"round\" stroke-width=\"1.5\"><\/path><\/g><\/g><\/g><\/g><\/g><\/svg>\t\t\t\t\t\t<\/span>\n\t\t\t\t\t\t\t\t\t\t<span class=\"elementor-icon-list-text\"><\/span>\n\t\t\t\t\t\t\t\t\t\t\t<\/a>\n\t\t\t\t\t\t\t\t\t<\/li>\n\t\t\t\t\t\t<\/ul>\n\t\t\t\t\t\t<\/div>\n\t\t\t\t<\/div>\n\t\t\t\t\t<\/div>\n\t\t<\/div>\n\t\t\t\t\t<\/div>\n\t\t<\/section>\n\t\t\t\t<\/div>\n\t\t","protected":false},"excerpt":{"rendered":"<p>Dokumenty Og\u00f3lne Warunki Sprzeda\u017cy Og\u00f3lne Warunki Zakupu<\/p>\n","protected":false},"author":4,"featured_media":0,"parent":5221,"menu_order":0,"comment_status":"closed","ping_status":"closed","template":"elementor_header_footer","meta":{"_acf_changed":false,"footnotes":""},"class_list":["post-18612","page","type-page","status-publish","hentry"],"acf":[],"yoast_head":"<!-- This site is optimized with the Yoast SEO Premium plugin v24.8 (Yoast SEO v24.8.1) - https:\/\/yoast.com\/wordpress\/plugins\/seo\/ -->\n<title>Dokumenty - 3DGence<\/title>\n<meta name=\"robots\" content=\"noindex, nofollow\" \/>\n<meta property=\"og:locale\" content=\"pl_PL\" \/>\n<meta property=\"og:type\" content=\"article\" \/>\n<meta property=\"og:title\" content=\"Dokumenty\" \/>\n<meta property=\"og:description\" content=\"Dokumenty Og\u00f3lne Warunki Sprzeda\u017cy Og\u00f3lne Warunki Zakupu\" \/>\n<meta property=\"og:url\" content=\"https:\/\/3dgence.com\/pl\/firma\/dokumenty\/\" \/>\n<meta property=\"og:site_name\" content=\"3DGence\" \/>\n<meta property=\"article:publisher\" content=\"https:\/\/www.facebook.com\/3dgence\" \/>\n<meta property=\"article:modified_time\" content=\"2022-07-14T08:32:57+00:00\" \/>\n<meta name=\"twitter:card\" content=\"summary_large_image\" \/>\n<script type=\"application\/ld+json\" class=\"yoast-schema-graph\">{\"@context\":\"https:\/\/schema.org\",\"@graph\":[{\"@type\":\"WebPage\",\"@id\":\"https:\/\/3dgence.com\/pl\/firma\/dokumenty\/\",\"url\":\"https:\/\/3dgence.com\/pl\/firma\/dokumenty\/\",\"name\":\"Dokumenty - 3DGence\",\"isPartOf\":{\"@id\":\"https:\/\/www.3dgence.com\/pl\/#website\"},\"datePublished\":\"2021-02-08T13:19:59+00:00\",\"dateModified\":\"2022-07-14T08:32:57+00:00\",\"breadcrumb\":{\"@id\":\"https:\/\/3dgence.com\/pl\/firma\/dokumenty\/#breadcrumb\"},\"inLanguage\":\"pl-PL\",\"potentialAction\":[{\"@type\":\"ReadAction\",\"target\":[\"https:\/\/3dgence.com\/pl\/firma\/dokumenty\/\"]}]},{\"@type\":\"BreadcrumbList\",\"@id\":\"https:\/\/3dgence.com\/pl\/firma\/dokumenty\/#breadcrumb\",\"itemListElement\":[{\"@type\":\"ListItem\",\"position\":1,\"name\":\"Home\",\"item\":\"https:\/\/3dgence.com\/pl\/\"},{\"@type\":\"ListItem\",\"position\":2,\"name\":\"O nas\",\"item\":\"https:\/\/3dgence.com\/pl\/firma\/\"},{\"@type\":\"ListItem\",\"position\":3,\"name\":\"Dokumenty\"}]},{\"@type\":\"WebSite\",\"@id\":\"https:\/\/www.3dgence.com\/pl\/#website\",\"url\":\"https:\/\/www.3dgence.com\/pl\/\",\"name\":\"3DGence\",\"description\":\"Industrial 3D printing solutions\",\"publisher\":{\"@id\":\"https:\/\/www.3dgence.com\/pl\/#organization\"},\"potentialAction\":[{\"@type\":\"SearchAction\",\"target\":{\"@type\":\"EntryPoint\",\"urlTemplate\":\"https:\/\/www.3dgence.com\/pl\/?s={search_term_string}\"},\"query-input\":{\"@type\":\"PropertyValueSpecification\",\"valueRequired\":true,\"valueName\":\"search_term_string\"}}],\"inLanguage\":\"pl-PL\"},{\"@type\":\"Organization\",\"@id\":\"https:\/\/www.3dgence.com\/pl\/#organization\",\"name\":\"3DGENCE\",\"url\":\"https:\/\/www.3dgence.com\/pl\/\",\"logo\":{\"@type\":\"ImageObject\",\"inLanguage\":\"pl-PL\",\"@id\":\"https:\/\/www.3dgence.com\/pl\/#\/schema\/logo\/image\/\",\"url\":\"https:\/\/3dgence.com\/wp-content\/uploads\/2020\/03\/3dgence_white_web.png\",\"contentUrl\":\"https:\/\/3dgence.com\/wp-content\/uploads\/2020\/03\/3dgence_white_web.png\",\"width\":1200,\"height\":848,\"caption\":\"3DGENCE\"},\"image\":{\"@id\":\"https:\/\/www.3dgence.com\/pl\/#\/schema\/logo\/image\/\"},\"sameAs\":[\"https:\/\/www.facebook.com\/3dgence\"]}]}<\/script>\n<!-- \/ Yoast SEO Premium plugin. -->","yoast_head_json":{"title":"Dokumenty - 3DGence","robots":{"index":"noindex","follow":"nofollow"},"og_locale":"pl_PL","og_type":"article","og_title":"Dokumenty","og_description":"Dokumenty Og\u00f3lne Warunki Sprzeda\u017cy Og\u00f3lne Warunki Zakupu","og_url":"https:\/\/3dgence.com\/pl\/firma\/dokumenty\/","og_site_name":"3DGence","article_publisher":"https:\/\/www.facebook.com\/3dgence","article_modified_time":"2022-07-14T08:32:57+00:00","twitter_card":"summary_large_image","schema":{"@context":"https:\/\/schema.org","@graph":[{"@type":"WebPage","@id":"https:\/\/3dgence.com\/pl\/firma\/dokumenty\/","url":"https:\/\/3dgence.com\/pl\/firma\/dokumenty\/","name":"Dokumenty - 3DGence","isPartOf":{"@id":"https:\/\/www.3dgence.com\/pl\/#website"},"datePublished":"2021-02-08T13:19:59+00:00","dateModified":"2022-07-14T08:32:57+00:00","breadcrumb":{"@id":"https:\/\/3dgence.com\/pl\/firma\/dokumenty\/#breadcrumb"},"inLanguage":"pl-PL","potentialAction":[{"@type":"ReadAction","target":["https:\/\/3dgence.com\/pl\/firma\/dokumenty\/"]}]},{"@type":"BreadcrumbList","@id":"https:\/\/3dgence.com\/pl\/firma\/dokumenty\/#breadcrumb","itemListElement":[{"@type":"ListItem","position":1,"name":"Home","item":"https:\/\/3dgence.com\/pl\/"},{"@type":"ListItem","position":2,"name":"O nas","item":"https:\/\/3dgence.com\/pl\/firma\/"},{"@type":"ListItem","position":3,"name":"Dokumenty"}]},{"@type":"WebSite","@id":"https:\/\/www.3dgence.com\/pl\/#website","url":"https:\/\/www.3dgence.com\/pl\/","name":"3DGence","description":"Industrial 3D printing solutions","publisher":{"@id":"https:\/\/www.3dgence.com\/pl\/#organization"},"potentialAction":[{"@type":"SearchAction","target":{"@type":"EntryPoint","urlTemplate":"https:\/\/www.3dgence.com\/pl\/?s={search_term_string}"},"query-input":{"@type":"PropertyValueSpecification","valueRequired":true,"valueName":"search_term_string"}}],"inLanguage":"pl-PL"},{"@type":"Organization","@id":"https:\/\/www.3dgence.com\/pl\/#organization","name":"3DGENCE","url":"https:\/\/www.3dgence.com\/pl\/","logo":{"@type":"ImageObject","inLanguage":"pl-PL","@id":"https:\/\/www.3dgence.com\/pl\/#\/schema\/logo\/image\/","url":"https:\/\/3dgence.com\/wp-content\/uploads\/2020\/03\/3dgence_white_web.png","contentUrl":"https:\/\/3dgence.com\/wp-content\/uploads\/2020\/03\/3dgence_white_web.png","width":1200,"height":848,"caption":"3DGENCE"},"image":{"@id":"https:\/\/www.3dgence.com\/pl\/#\/schema\/logo\/image\/"},"sameAs":["https:\/\/www.facebook.com\/3dgence"]}]}},"_links":{"self":[{"href":"https:\/\/3dgence.com\/pl\/wp-json\/wp\/v2\/pages\/18612","targetHints":{"allow":["GET"]}}],"collection":[{"href":"https:\/\/3dgence.com\/pl\/wp-json\/wp\/v2\/pages"}],"about":[{"href":"https:\/\/3dgence.com\/pl\/wp-json\/wp\/v2\/types\/page"}],"author":[{"embeddable":true,"href":"https:\/\/3dgence.com\/pl\/wp-json\/wp\/v2\/users\/4"}],"replies":[{"embeddable":true,"href":"https:\/\/3dgence.com\/pl\/wp-json\/wp\/v2\/comments?post=18612"}],"version-history":[{"count":5,"href":"https:\/\/3dgence.com\/pl\/wp-json\/wp\/v2\/pages\/18612\/revisions"}],"predecessor-version":[{"id":25353,"href":"https:\/\/3dgence.com\/pl\/wp-json\/wp\/v2\/pages\/18612\/revisions\/25353"}],"up":[{"embeddable":true,"href":"https:\/\/3dgence.com\/pl\/wp-json\/wp\/v2\/pages\/5221"}],"wp:attachment":[{"href":"https:\/\/3dgence.com\/pl\/wp-json\/wp\/v2\/media?parent=18612"}],"curies":[{"name":"wp","href":"https:\/\/api.w.org\/{rel}","templated":true}]}}