{"id":19320,"date":"2021-03-25T11:16:39","date_gmt":"2021-03-25T10:16:39","guid":{"rendered":"https:\/\/staging.3dgence.com\/uslugi-3d\/drukarnia-3d\/wyceniarka\/"},"modified":"2022-07-13T16:01:42","modified_gmt":"2022-07-13T14:01:42","slug":"wycena-druku-3d-online-b6x64urkywzxhrrgjfsm","status":"publish","type":"page","link":"https:\/\/3dgence.com\/pl\/uslugi-3d\/wycena-druku-3d-online-b6x64urkywzxhrrgjfsm\/","title":{"rendered":"wyceniarka"},"content":{"rendered":"\t\t<div data-elementor-type=\"wp-page\" data-elementor-id=\"19320\" class=\"elementor elementor-19320 elementor-18638\" data-elementor-post-type=\"page\">\n\t\t\t\t\t\t<section class=\"elementor-section elementor-top-section elementor-element elementor-element-65368e0 elementor-section-height-min-height nakladka elementor-section-content-middle elementor-section-boxed elementor-section-height-default elementor-section-items-middle\" data-id=\"65368e0\" data-element_type=\"section\" data-settings=\"{&quot;background_background&quot;:&quot;classic&quot;}\">\n\t\t\t\t\t\t\t<div class=\"elementor-background-overlay\"><\/div>\n\t\t\t\t\t\t\t<div class=\"elementor-container elementor-column-gap-default\">\n\t\t\t\t\t<div class=\"elementor-column elementor-col-50 elementor-top-column elementor-element elementor-element-a54428d\" data-id=\"a54428d\" data-element_type=\"column\">\n\t\t\t<div class=\"elementor-widget-wrap\">\n\t\t\t\t\t\t\t<\/div>\n\t\t<\/div>\n\t\t\t\t<div class=\"elementor-column elementor-col-50 elementor-top-column elementor-element elementor-element-2b0e61d elementor-hidden-tablet elementor-hidden-phone\" data-id=\"2b0e61d\" data-element_type=\"column\">\n\t\t\t<div class=\"elementor-widget-wrap\">\n\t\t\t\t\t\t\t<\/div>\n\t\t<\/div>\n\t\t\t\t\t<\/div>\n\t\t<\/section>\n\t\t\t\t<section class=\"elementor-section elementor-top-section elementor-element elementor-element-c3edb9e elementor-section-boxed elementor-section-height-default elementor-section-height-default\" data-id=\"c3edb9e\" data-element_type=\"section\">\n\t\t\t\t\t\t<div class=\"elementor-container elementor-column-gap-default\">\n\t\t\t\t\t<div class=\"elementor-column elementor-col-100 elementor-top-column elementor-element elementor-element-e9e303f\" data-id=\"e9e303f\" data-element_type=\"column\">\n\t\t\t<div class=\"elementor-widget-wrap elementor-element-populated\">\n\t\t\t\t\t\t<div class=\"elementor-element elementor-element-49e4947 elementor-widget elementor-widget-heading\" data-id=\"49e4947\" data-element_type=\"widget\" data-widget_type=\"heading.default\">\n\t\t\t\t<div class=\"elementor-widget-container\">\n\t\t\t\t\t<h1 class=\"elementor-heading-title elementor-size-default\">Wycena druku 3D online<\/h1>\t\t\t\t<\/div>\n\t\t\t\t<\/div>\n\t\t\t\t<div class=\"elementor-element elementor-element-be2ad42 elementor-widget elementor-widget-heading\" data-id=\"be2ad42\" data-element_type=\"widget\" data-widget_type=\"heading.default\">\n\t\t\t\t<div class=\"elementor-widget-container\">\n\t\t\t\t\t<h2 class=\"elementor-heading-title elementor-size-default\">Zastanawiasz si\u0119 nad cen\u0105 druku 3D dla swojego projektu? Prze\u015blij plik z projektem poni\u017cej, wybierz ustawienia , poznaj cen\u0119 i zam\u00f3w online.<\/h2>\t\t\t\t<\/div>\n\t\t\t\t<\/div>\n\t\t\t\t\t<\/div>\n\t\t<\/div>\n\t\t\t\t\t<\/div>\n\t\t<\/section>\n\t\t\t\t<section class=\"elementor-section elementor-top-section elementor-element elementor-element-7e4bf4a4 elementor-section-content-middle elementor-section-boxed elementor-section-height-default elementor-section-height-default\" data-id=\"7e4bf4a4\" data-element_type=\"section\" id=\"3DPRINTING\" data-settings=\"{&quot;background_background&quot;:&quot;classic&quot;}\">\n\t\t\t\t\t\t<div class=\"elementor-container elementor-column-gap-default\">\n\t\t\t\t\t<div class=\"elementor-column elementor-col-100 elementor-top-column elementor-element elementor-element-2058264\" data-id=\"2058264\" data-element_type=\"column\">\n\t\t\t<div class=\"elementor-widget-wrap elementor-element-populated\">\n\t\t\t\t\t\t<div class=\"elementor-element elementor-element-68fb7ff elementor-widget elementor-widget-html\" data-id=\"68fb7ff\" data-element_type=\"widget\" data-widget_type=\"html.default\">\n\t\t\t\t<div class=\"elementor-widget-container\">\n\t\t\t\t\t<html>\r\n<body>\r\n\r\n<iframe src=\"https:\/\/console.amfg.ai\/client-app\/?token=1607333784785&language=PL#\/\" height=\"720\">\r\n<p>Your browser does not support iframes.<\/p>\r\n<\/iframe>\r\n\r\n<\/body>\r\n<\/html>\r\n\t\t\t\t<\/div>\n\t\t\t\t<\/div>\n\t\t\t\t\t<\/div>\n\t\t<\/div>\n\t\t\t\t\t<\/div>\n\t\t<\/section>\n\t\t\t\t<section class=\"elementor-section elementor-top-section elementor-element elementor-element-a569de0 titleh2 elementor-hidden-tablet elementor-hidden-phone elementor-section-boxed elementor-section-height-default elementor-section-height-default\" data-id=\"a569de0\" data-element_type=\"section\" id=\"kontakt\">\n\t\t\t\t\t\t<div class=\"elementor-container elementor-column-gap-default\">\n\t\t\t\t\t<div class=\"elementor-column elementor-col-100 elementor-top-column elementor-element elementor-element-ffe7bc8\" data-id=\"ffe7bc8\" data-element_type=\"column\">\n\t\t\t<div class=\"elementor-widget-wrap elementor-element-populated\">\n\t\t\t\t\t\t<div class=\"elementor-element elementor-element-5c6e490 d-inline elementor-widget elementor-widget-heading\" data-id=\"5c6e490\" data-element_type=\"widget\" data-widget_type=\"heading.default\">\n\t\t\t\t<div class=\"elementor-widget-container\">\n\t\t\t\t\t<h2 class=\"elementor-heading-title elementor-size-default\">Kontakt<\/h2>\t\t\t\t<\/div>\n\t\t\t\t<\/div>\n\t\t\t\t\t<\/div>\n\t\t<\/div>\n\t\t\t\t\t<\/div>\n\t\t<\/section>\n\t\t\t\t<section class=\"elementor-section elementor-top-section elementor-element elementor-element-4afe1f7 elementor-section-boxed elementor-section-height-default elementor-section-height-default\" data-id=\"4afe1f7\" data-element_type=\"section\">\n\t\t\t\t\t\t<div class=\"elementor-container elementor-column-gap-default\">\n\t\t\t\t\t<div class=\"elementor-column elementor-col-100 elementor-top-column elementor-element elementor-element-fbc6782\" data-id=\"fbc6782\" data-element_type=\"column\" data-settings=\"{&quot;background_background&quot;:&quot;classic&quot;}\">\n\t\t\t<div class=\"elementor-widget-wrap elementor-element-populated\">\n\t\t\t\t\t\t<section class=\"elementor-section elementor-inner-section elementor-element elementor-element-8c8727d elementor-section-boxed elementor-section-height-default elementor-section-height-default\" data-id=\"8c8727d\" data-element_type=\"section\" data-settings=\"{&quot;background_background&quot;:&quot;classic&quot;}\">\n\t\t\t\t\t\t\t<div class=\"elementor-background-overlay\"><\/div>\n\t\t\t\t\t\t\t<div class=\"elementor-container elementor-column-gap-default\">\n\t\t\t\t\t<div class=\"elementor-column elementor-col-100 elementor-inner-column elementor-element elementor-element-ffd97d1\" data-id=\"ffd97d1\" data-element_type=\"column\">\n\t\t\t<div class=\"elementor-widget-wrap elementor-element-populated\">\n\t\t\t\t\t\t<div class=\"elementor-element elementor-element-0ba6a8f elementor-widget elementor-widget-shortcode\" data-id=\"0ba6a8f\" data-element_type=\"widget\" data-widget_type=\"shortcode.default\">\n\t\t\t\t<div class=\"elementor-widget-container\">\n\t\t\t\t\t\t\t<div class=\"elementor-shortcode\">\n<div class=\"wpcf7 no-js\" id=\"wpcf7-f8927-o1\" lang=\"en-GB\" dir=\"ltr\" data-wpcf7-id=\"8927\">\n<div class=\"screen-reader-response\"><p role=\"status\" aria-live=\"polite\" aria-atomic=\"true\"><\/p> <ul><\/ul><\/div>\n<form action=\"\/pl\/wp-json\/wp\/v2\/pages\/19320#wpcf7-f8927-o1\" method=\"post\" class=\"wpcf7-form init\" aria-label=\"Contact form\" novalidate=\"novalidate\" data-status=\"init\">\n<div style=\"display: none;\">\n<input type=\"hidden\" name=\"_wpcf7\" value=\"8927\" \/>\n<input type=\"hidden\" name=\"_wpcf7_version\" value=\"6.0.6\" \/>\n<input type=\"hidden\" name=\"_wpcf7_locale\" value=\"en_GB\" \/>\n<input type=\"hidden\" name=\"_wpcf7_unit_tag\" value=\"wpcf7-f8927-o1\" \/>\n<input type=\"hidden\" name=\"_wpcf7_container_post\" value=\"0\" \/>\n<input type=\"hidden\" name=\"_wpcf7_posted_data_hash\" value=\"\" \/>\n<input type=\"hidden\" name=\"_wpcf7_recaptcha_response\" value=\"\" \/>\n<\/div>\n<div class=\"col-lg=12\">\n\t<div class=\"row\">\n\t\t<div class=\"col-12\">\n\t\t\t<p><span class=\"wpcf7-form-control-wrap\" data-name=\"your-name\"><input size=\"40\" maxlength=\"400\" class=\"wpcf7-form-control wpcf7-text wpcf7-validates-as-required w-100 mb-2 border p-2 pl-3 text-dark\" aria-required=\"true\" aria-invalid=\"false\" placeholder=\"Imi\u0119 i nazwisko*\" value=\"\" type=\"text\" name=\"your-name\" \/><\/span>\n\t\t\t<\/p>\n\t\t<\/div>\n\t\t<div class=\"col-12\">\n\t\t\t<p><span class=\"wpcf7-form-control-wrap\" data-name=\"your-company\"><input size=\"40\" maxlength=\"400\" class=\"wpcf7-form-control wpcf7-text wpcf7-validates-as-required w-100 mb-2 border p-2 pl-3 text-dark\" aria-required=\"true\" aria-invalid=\"false\" placeholder=\"Firma*\" value=\"\" type=\"text\" name=\"your-company\" \/><\/span>\n\t\t\t<\/p>\n\t\t<\/div>\n\t\t<div class=\"col-12\">\n\t\t\t<p><span class=\"wpcf7-form-control-wrap\" data-name=\"your-email-company\"><input size=\"40\" maxlength=\"400\" class=\"wpcf7-form-control wpcf7-email wpcf7-validates-as-required wpcf7-text wpcf7-validates-as-email w-100 mb-2 border p-2 pl-3 text-dark\" aria-required=\"true\" aria-invalid=\"false\" placeholder=\"Firmowy E-mail*\" value=\"\" type=\"email\" name=\"your-email-company\" \/><\/span>\n\t\t\t<\/p>\n\t\t<\/div>\n\t\t<div class=\"col-12\">\n\t\t\t<p><span class=\"wpcf7-form-control-wrap\" data-name=\"tel\"><input size=\"40\" maxlength=\"400\" class=\"wpcf7-form-control wpcf7-tel wpcf7-validates-as-required wpcf7-text wpcf7-validates-as-tel w-100 mb-2 border p-2 pl-3 text-dark\" aria-required=\"true\" aria-invalid=\"false\" placeholder=\"Numer telefonu*\" value=\"\" type=\"tel\" name=\"tel\" \/><\/span>\n\t\t\t<\/p>\n\t\t<\/div>\n\t\t<div class=\"col-12\">\n\t\t\t<p><span class=\"wpcf7-form-control-wrap\" data-name=\"your-message\"><textarea cols=\"40\" rows=\"4\" maxlength=\"2000\" class=\"wpcf7-form-control wpcf7-textarea w-100 mb-2 border p-2 pl-3 text-dark\" aria-invalid=\"false\" placeholder=\"Jak mo\u017cemy Ci pom\u00f3c?\" name=\"your-message\"><\/textarea><\/span>\n\t\t\t<\/p>\n\t\t<\/div>\n\t\t<p><span class=\"wpcf7-form-control-wrap submission_id\"><input class=\"wpcf7-form-control wpcf7-submission_id_hidden wpcf7-validates-as-number\" readonly=\"readonly\" aria-invalid=\"false\" value=\"94165\" name=\"submission_id\" type=\"hidden\" \/><\/span>\n\t\t<\/p>\n\t\t<div class=\"col-12\">\n\t\t\t<p><span class=\"wpcf7-form-control-wrap\" data-name=\"upload-file-506\"><input size=\"40\" class=\"wpcf7-form-control wpcf7-drag-n-drop-file d-none\" id=\"upload\" aria-invalid=\"false\" type=\"file\" multiple=\"multiple\" data-name=\"upload-file-506\" data-type=\"jpeg|jpg|pdf|png|gif|stl|igs|dwg|dxf|dgn|obj|stp|x_t|iges|step|sat|ipt|par|x_t\" data-limit=\"10000000\" data-id=\"8927\" data-version=\"free version 1.3.8.8\" accept=\".jpeg, .jpg, .pdf, .png, .gif, .stl, .igs, .dwg, .dxf, .dgn, .obj, .stp, .x_t, .iges, .step, .sat, .ipt, .par, .x_t\" \/><\/span>\n\t\t\t<\/p>\n\t\t<\/div>\n\t\t<div class=\"col-12\">\n\t\t\t<p><span class=\"wpcf7-form-control-wrap\" data-name=\"acceptance-379\"><span class=\"wpcf7-form-control wpcf7-acceptance\"><span class=\"wpcf7-list-item\"><label><input type=\"checkbox\" name=\"acceptance-379\" value=\"1\" aria-invalid=\"false\" \/><span class=\"wpcf7-list-item-label\">Zgadzam si\u0119 na <a href=https:\/\/3dgence.com\/pl\/policy\/>Polityka prywatno\u015bci<\/a>.<\/span><\/label><\/span><\/span><\/span>\n\t\t\t<\/p>\n\t\t<\/div>\n\t\t<p><input type=\"hidden\" id=\"zc_gad\" name=\"zc_gad\" value=\"\" \/>\n\t\t<\/p>\n\t<input class=\"wpcf7-form-control wpcf7-hidden\" id=\"formgclid\" value=\"gclid\" type=\"hidden\" name=\"formgclid\" \/>\n\t<input class=\"wpcf7-form-control wpcf7-hidden\" id=\"formutmz\" value=\"\" type=\"hidden\" name=\"formutmz\" \/>\n\t\t<div class=\"col-12\">\n\t\t\t<p><input class=\"wpcf7-form-control wpcf7-submit has-spinner btn float-right\" type=\"submit\" value=\"Otrzymaj bezp\u0142atn\u0105 wycen\u0119\" \/>\n\t\t\t<\/p>\n\t\t<\/div>\n\t<\/div>\n<\/div><input type='hidden' class='wpcf7-pum' value='{\"closepopup\":false,\"closedelay\":0,\"openpopup\":false,\"openpopup_id\":0}' \/><div class=\"wpcf7-response-output\" aria-hidden=\"true\"><\/div>\n<\/form>\n<\/div>\n<\/div>\n\t\t\t\t\t\t<\/div>\n\t\t\t\t<\/div>\n\t\t\t\t\t<\/div>\n\t\t<\/div>\n\t\t\t\t\t<\/div>\n\t\t<\/section>\n\t\t\t\t\t<\/div>\n\t\t<\/div>\n\t\t\t\t\t<\/div>\n\t\t<\/section>\n\t\t\t\t<\/div>\n\t\t","protected":false},"excerpt":{"rendered":"<p>Wycena druku 3D online Zastanawiasz si\u0119 nad cen\u0105 druku 3D dla swojego projektu? Prze\u015blij plik z projektem poni\u017cej, wybierz ustawienia , poznaj cen\u0119 i zam\u00f3w online. Your browser does not support iframes. Kontakt<\/p>\n","protected":false},"author":4,"featured_media":0,"parent":10737,"menu_order":0,"comment_status":"closed","ping_status":"closed","template":"elementor_header_footer","meta":{"_acf_changed":false,"footnotes":""},"class_list":["post-19320","page","type-page","status-publish","hentry"],"acf":[],"yoast_head":"<!-- This site is optimized with the Yoast SEO Premium plugin v24.8 (Yoast SEO v24.8.1) - https:\/\/yoast.com\/wordpress\/plugins\/seo\/ -->\n<title>Wycena druku 3D online<\/title>\n<meta name=\"description\" content=\"Zastanawiasz si\u0119 nad cen\u0105 druku 3D dla swojego projektu? Prze\u015blij plik z projektem, wybierz ustawienia , poznaj cen\u0119 i zam\u00f3w online.\" \/>\n<meta name=\"robots\" content=\"index, follow, max-snippet:-1, max-image-preview:large, max-video-preview:-1\" \/>\n<link rel=\"canonical\" href=\"https:\/\/3dgence.com\/pl\/uslugi-3d\/wycena-druku-3d-online-b6x64urkywzxhrrgjfsm\/\" \/>\n<meta property=\"og:locale\" content=\"pl_PL\" \/>\n<meta property=\"og:type\" content=\"article\" \/>\n<meta property=\"og:title\" content=\"wyceniarka\" \/>\n<meta property=\"og:description\" content=\"Zastanawiasz si\u0119 nad cen\u0105 druku 3D dla swojego projektu? Prze\u015blij plik z projektem, wybierz ustawienia , poznaj cen\u0119 i zam\u00f3w online.\" \/>\n<meta property=\"og:url\" content=\"https:\/\/3dgence.com\/pl\/uslugi-3d\/wycena-druku-3d-online-b6x64urkywzxhrrgjfsm\/\" \/>\n<meta property=\"og:site_name\" content=\"3DGence\" \/>\n<meta property=\"article:publisher\" content=\"https:\/\/www.facebook.com\/3dgence\" \/>\n<meta property=\"article:modified_time\" content=\"2022-07-13T14:01:42+00:00\" \/>\n<meta name=\"twitter:card\" content=\"summary_large_image\" \/>\n<script type=\"application\/ld+json\" class=\"yoast-schema-graph\">{\"@context\":\"https:\/\/schema.org\",\"@graph\":[{\"@type\":\"WebPage\",\"@id\":\"https:\/\/3dgence.com\/pl\/uslugi-3d\/wycena-druku-3d-online-b6x64urkywzxhrrgjfsm\/\",\"url\":\"https:\/\/3dgence.com\/pl\/uslugi-3d\/wycena-druku-3d-online-b6x64urkywzxhrrgjfsm\/\",\"name\":\"Wycena druku 3D online\",\"isPartOf\":{\"@id\":\"https:\/\/3dgence.com\/pl\/#website\"},\"datePublished\":\"2021-03-25T10:16:39+00:00\",\"dateModified\":\"2022-07-13T14:01:42+00:00\",\"description\":\"Zastanawiasz si\u0119 nad cen\u0105 druku 3D dla swojego projektu? Prze\u015blij plik z projektem, wybierz ustawienia , poznaj cen\u0119 i zam\u00f3w online.\",\"breadcrumb\":{\"@id\":\"https:\/\/3dgence.com\/pl\/uslugi-3d\/wycena-druku-3d-online-b6x64urkywzxhrrgjfsm\/#breadcrumb\"},\"inLanguage\":\"pl-PL\",\"potentialAction\":[{\"@type\":\"ReadAction\",\"target\":[\"https:\/\/3dgence.com\/pl\/uslugi-3d\/wycena-druku-3d-online-b6x64urkywzxhrrgjfsm\/\"]}]},{\"@type\":\"BreadcrumbList\",\"@id\":\"https:\/\/3dgence.com\/pl\/uslugi-3d\/wycena-druku-3d-online-b6x64urkywzxhrrgjfsm\/#breadcrumb\",\"itemListElement\":[{\"@type\":\"ListItem\",\"position\":1,\"name\":\"Home\",\"item\":\"https:\/\/3dgence.com\/pl\/\"},{\"@type\":\"ListItem\",\"position\":2,\"name\":\"Us\u0142ugi 3D\",\"item\":\"https:\/\/www.3dgence.com\/pl\/uslugi-3d\/\"},{\"@type\":\"ListItem\",\"position\":3,\"name\":\"wyceniarka\"}]},{\"@type\":\"WebSite\",\"@id\":\"https:\/\/3dgence.com\/pl\/#website\",\"url\":\"https:\/\/3dgence.com\/pl\/\",\"name\":\"3DGence\",\"description\":\"Industrial 3D printing solutions\",\"publisher\":{\"@id\":\"https:\/\/3dgence.com\/pl\/#organization\"},\"potentialAction\":[{\"@type\":\"SearchAction\",\"target\":{\"@type\":\"EntryPoint\",\"urlTemplate\":\"https:\/\/3dgence.com\/pl\/?s={search_term_string}\"},\"query-input\":{\"@type\":\"PropertyValueSpecification\",\"valueRequired\":true,\"valueName\":\"search_term_string\"}}],\"inLanguage\":\"pl-PL\"},{\"@type\":\"Organization\",\"@id\":\"https:\/\/3dgence.com\/pl\/#organization\",\"name\":\"3DGENCE\",\"url\":\"https:\/\/3dgence.com\/pl\/\",\"logo\":{\"@type\":\"ImageObject\",\"inLanguage\":\"pl-PL\",\"@id\":\"https:\/\/3dgence.com\/pl\/#\/schema\/logo\/image\/\",\"url\":\"https:\/\/3dgence.com\/wp-content\/uploads\/2020\/03\/3dgence_white_web.png\",\"contentUrl\":\"https:\/\/3dgence.com\/wp-content\/uploads\/2020\/03\/3dgence_white_web.png\",\"width\":1200,\"height\":848,\"caption\":\"3DGENCE\"},\"image\":{\"@id\":\"https:\/\/3dgence.com\/pl\/#\/schema\/logo\/image\/\"},\"sameAs\":[\"https:\/\/www.facebook.com\/3dgence\"]}]}<\/script>\n<!-- \/ Yoast SEO Premium plugin. -->","yoast_head_json":{"title":"Wycena druku 3D online","description":"Zastanawiasz si\u0119 nad cen\u0105 druku 3D dla swojego projektu? Prze\u015blij plik z projektem, wybierz ustawienia , poznaj cen\u0119 i zam\u00f3w online.","robots":{"index":"index","follow":"follow","max-snippet":"max-snippet:-1","max-image-preview":"max-image-preview:large","max-video-preview":"max-video-preview:-1"},"canonical":"https:\/\/3dgence.com\/pl\/uslugi-3d\/wycena-druku-3d-online-b6x64urkywzxhrrgjfsm\/","og_locale":"pl_PL","og_type":"article","og_title":"wyceniarka","og_description":"Zastanawiasz si\u0119 nad cen\u0105 druku 3D dla swojego projektu? Prze\u015blij plik z projektem, wybierz ustawienia , poznaj cen\u0119 i zam\u00f3w online.","og_url":"https:\/\/3dgence.com\/pl\/uslugi-3d\/wycena-druku-3d-online-b6x64urkywzxhrrgjfsm\/","og_site_name":"3DGence","article_publisher":"https:\/\/www.facebook.com\/3dgence","article_modified_time":"2022-07-13T14:01:42+00:00","twitter_card":"summary_large_image","schema":{"@context":"https:\/\/schema.org","@graph":[{"@type":"WebPage","@id":"https:\/\/3dgence.com\/pl\/uslugi-3d\/wycena-druku-3d-online-b6x64urkywzxhrrgjfsm\/","url":"https:\/\/3dgence.com\/pl\/uslugi-3d\/wycena-druku-3d-online-b6x64urkywzxhrrgjfsm\/","name":"Wycena druku 3D online","isPartOf":{"@id":"https:\/\/3dgence.com\/pl\/#website"},"datePublished":"2021-03-25T10:16:39+00:00","dateModified":"2022-07-13T14:01:42+00:00","description":"Zastanawiasz si\u0119 nad cen\u0105 druku 3D dla swojego projektu? Prze\u015blij plik z projektem, wybierz ustawienia , poznaj cen\u0119 i zam\u00f3w online.","breadcrumb":{"@id":"https:\/\/3dgence.com\/pl\/uslugi-3d\/wycena-druku-3d-online-b6x64urkywzxhrrgjfsm\/#breadcrumb"},"inLanguage":"pl-PL","potentialAction":[{"@type":"ReadAction","target":["https:\/\/3dgence.com\/pl\/uslugi-3d\/wycena-druku-3d-online-b6x64urkywzxhrrgjfsm\/"]}]},{"@type":"BreadcrumbList","@id":"https:\/\/3dgence.com\/pl\/uslugi-3d\/wycena-druku-3d-online-b6x64urkywzxhrrgjfsm\/#breadcrumb","itemListElement":[{"@type":"ListItem","position":1,"name":"Home","item":"https:\/\/3dgence.com\/pl\/"},{"@type":"ListItem","position":2,"name":"Us\u0142ugi 3D","item":"https:\/\/www.3dgence.com\/pl\/uslugi-3d\/"},{"@type":"ListItem","position":3,"name":"wyceniarka"}]},{"@type":"WebSite","@id":"https:\/\/3dgence.com\/pl\/#website","url":"https:\/\/3dgence.com\/pl\/","name":"3DGence","description":"Industrial 3D printing solutions","publisher":{"@id":"https:\/\/3dgence.com\/pl\/#organization"},"potentialAction":[{"@type":"SearchAction","target":{"@type":"EntryPoint","urlTemplate":"https:\/\/3dgence.com\/pl\/?s={search_term_string}"},"query-input":{"@type":"PropertyValueSpecification","valueRequired":true,"valueName":"search_term_string"}}],"inLanguage":"pl-PL"},{"@type":"Organization","@id":"https:\/\/3dgence.com\/pl\/#organization","name":"3DGENCE","url":"https:\/\/3dgence.com\/pl\/","logo":{"@type":"ImageObject","inLanguage":"pl-PL","@id":"https:\/\/3dgence.com\/pl\/#\/schema\/logo\/image\/","url":"https:\/\/3dgence.com\/wp-content\/uploads\/2020\/03\/3dgence_white_web.png","contentUrl":"https:\/\/3dgence.com\/wp-content\/uploads\/2020\/03\/3dgence_white_web.png","width":1200,"height":848,"caption":"3DGENCE"},"image":{"@id":"https:\/\/3dgence.com\/pl\/#\/schema\/logo\/image\/"},"sameAs":["https:\/\/www.facebook.com\/3dgence"]}]}},"_links":{"self":[{"href":"https:\/\/3dgence.com\/pl\/wp-json\/wp\/v2\/pages\/19320","targetHints":{"allow":["GET"]}}],"collection":[{"href":"https:\/\/3dgence.com\/pl\/wp-json\/wp\/v2\/pages"}],"about":[{"href":"https:\/\/3dgence.com\/pl\/wp-json\/wp\/v2\/types\/page"}],"author":[{"embeddable":true,"href":"https:\/\/3dgence.com\/pl\/wp-json\/wp\/v2\/users\/4"}],"replies":[{"embeddable":true,"href":"https:\/\/3dgence.com\/pl\/wp-json\/wp\/v2\/comments?post=19320"}],"version-history":[{"count":26,"href":"https:\/\/3dgence.com\/pl\/wp-json\/wp\/v2\/pages\/19320\/revisions"}],"predecessor-version":[{"id":31840,"href":"https:\/\/3dgence.com\/pl\/wp-json\/wp\/v2\/pages\/19320\/revisions\/31840"}],"up":[{"embeddable":true,"href":"https:\/\/3dgence.com\/pl\/wp-json\/wp\/v2\/pages\/10737"}],"wp:attachment":[{"href":"https:\/\/3dgence.com\/pl\/wp-json\/wp\/v2\/media?parent=19320"}],"curies":[{"name":"wp","href":"https:\/\/api.w.org\/{rel}","templated":true}]}}