{"id":5150,"date":"2019-12-19T12:26:33","date_gmt":"2019-12-19T11:26:33","guid":{"rendered":"https:\/\/3dgence.com\/?page_id=5150"},"modified":"2023-07-17T12:56:01","modified_gmt":"2023-07-17T10:56:01","slug":"wiedza","status":"publish","type":"page","link":"https:\/\/3dgence.com\/pl\/wiedza\/","title":{"rendered":"Knowledge"},"content":{"rendered":"\t\t<div data-elementor-type=\"wp-page\" data-elementor-id=\"5150\" class=\"elementor elementor-5150 elementor-1070\" data-elementor-post-type=\"page\">\n\t\t\t\t\t\t<section class=\"elementor-section elementor-top-section elementor-element elementor-element-19ec8a5 elementor-section-full_width slidersekcja elementor-section-height-default elementor-section-height-default\" data-id=\"19ec8a5\" data-element_type=\"section\">\n\t\t\t\t\t\t<div class=\"elementor-container elementor-column-gap-default\">\n\t\t\t\t\t<div class=\"elementor-column elementor-col-100 elementor-top-column elementor-element elementor-element-6f83875\" data-id=\"6f83875\" data-element_type=\"column\">\n\t\t\t<div class=\"elementor-widget-wrap elementor-element-populated\">\n\t\t\t\t\t\t<div class=\"elementor-element elementor-element-407c7e6 elementor-widget elementor-widget-shortcode\" data-id=\"407c7e6\" data-element_type=\"widget\" data-widget_type=\"shortcode.default\">\n\t\t\t\t<div class=\"elementor-widget-container\">\n\t\t\t\t\t\t\t<div class=\"elementor-shortcode\"><\/div>\n\t\t\t\t\t\t<\/div>\n\t\t\t\t<\/div>\n\t\t\t\t\t<\/div>\n\t\t<\/div>\n\t\t\t\t\t<\/div>\n\t\t<\/section>\n\t\t\t\t<section class=\"elementor-section elementor-top-section elementor-element elementor-element-5c422cd elementor-section-boxed elementor-section-height-default elementor-section-height-default\" data-id=\"5c422cd\" data-element_type=\"section\" data-settings=\"{&quot;background_background&quot;:&quot;classic&quot;}\">\n\t\t\t\t\t\t\t<div class=\"elementor-background-overlay\"><\/div>\n\t\t\t\t\t\t\t<div class=\"elementor-container elementor-column-gap-default\">\n\t\t\t\t\t<div class=\"elementor-column elementor-col-100 elementor-top-column elementor-element elementor-element-9020d72\" data-id=\"9020d72\" data-element_type=\"column\" data-settings=\"{&quot;background_background&quot;:&quot;classic&quot;}\">\n\t\t\t<div class=\"elementor-widget-wrap elementor-element-populated\">\n\t\t\t\t\t\t<div class=\"elementor-element elementor-element-f697e07 elementor-widget elementor-widget-heading\" data-id=\"f697e07\" data-element_type=\"widget\" data-widget_type=\"heading.default\">\n\t\t\t\t<div class=\"elementor-widget-container\">\n\t\t\t\t\t<h1 class=\"elementor-heading-title elementor-size-default\">Wejd\u017a do \u015bwiata druku 3D i zdob\u0105d\u017a najnowsze informacje<\/h1>\t\t\t\t<\/div>\n\t\t\t\t<\/div>\n\t\t\t\t<div class=\"elementor-element elementor-element-7bab03a elementor-widget elementor-widget-text-editor\" data-id=\"7bab03a\" data-element_type=\"widget\" data-widget_type=\"text-editor.default\">\n\t\t\t\t<div class=\"elementor-widget-container\">\n\t\t\t\t\t\t\t\t\t<p>Drukowanie 3D nigdy nie by\u0142o bardziej dost\u0119pne. Technologia ta znacznie si\u0119 rozwin\u0119\u0142a na przestrzeni lat i odgrywa wa\u017cn\u0105 rol\u0119 w wielu zastosowaniach. Coraz wi\u0119cej firm decyduje si\u0119 na wdro\u017cenie druku 3D w celu optymalizacji swoich proces\u00f3w biznesowych.<\/p>\r\n<p>Korzystaj z zalet wytwarzania przyrostowego na co dzie\u0144 w produkcji cz\u0119\u015bci zamiennych do maszyn, linii produkcyjnych, oprzyrz\u0105dowania i prototyp\u00f3w.<\/p>\r\n<p>Zobacz zastosowanie druku 3D w r\u00f3\u017cnych bran\u017cach, odkrywaj inspiruj\u0105ce studia przypadk\u00f3w, najnowsze wiadomo\u015bci i wyczerpuj\u0105ce artyku\u0142y. Jest to \u017ar\u00f3d\u0142o wiedzy na temat wszystkich rzeczy zwi\u0105zanych z technologi\u0105 druku 3D. Ucz si\u0119 z do\u015bwiadczenia 3DGence.<\/p>\t\t\t\t\t\t\t\t<\/div>\n\t\t\t\t<\/div>\n\t\t\t\t\t<\/div>\n\t\t<\/div>\n\t\t\t\t\t<\/div>\n\t\t<\/section>\n\t\t\t\t<section class=\"elementor-section elementor-top-section elementor-element elementor-element-1dd003c2 spotlight-article elementor-section-boxed elementor-section-height-default elementor-section-height-default\" data-id=\"1dd003c2\" data-element_type=\"section\">\n\t\t\t\t\t\t<div class=\"elementor-container elementor-column-gap-default\">\n\t\t\t\t\t<div class=\"elementor-column elementor-col-100 elementor-top-column elementor-element elementor-element-3c30904a\" data-id=\"3c30904a\" data-element_type=\"column\">\n\t\t\t<div class=\"elementor-widget-wrap elementor-element-populated\">\n\t\t\t\t\t\t<div class=\"elementor-element elementor-element-34662646 elementor-widget elementor-widget-heading\" data-id=\"34662646\" data-element_type=\"widget\" data-widget_type=\"heading.default\">\n\t\t\t\t<div class=\"elementor-widget-container\">\n\t\t\t\t\t<h2 class=\"elementor-heading-title elementor-size-default\">Wyr\u00f3\u017cniony artyku\u0142<\/h2>\t\t\t\t<\/div>\n\t\t\t\t<\/div>\n\t\t\t\t<div class=\"elementor-element elementor-element-59947204 elementor-grid-1 elementor-posts--align-left promo-post elementor-grid-tablet-2 elementor-grid-mobile-1 elementor-posts--thumbnail-top elementor-widget elementor-widget-posts\" data-id=\"59947204\" data-element_type=\"widget\" data-settings=\"{&quot;classic_columns&quot;:&quot;1&quot;,&quot;classic_columns_tablet&quot;:&quot;2&quot;,&quot;classic_columns_mobile&quot;:&quot;1&quot;,&quot;classic_row_gap&quot;:{&quot;unit&quot;:&quot;px&quot;,&quot;size&quot;:35,&quot;sizes&quot;:[]},&quot;classic_row_gap_tablet&quot;:{&quot;unit&quot;:&quot;px&quot;,&quot;size&quot;:&quot;&quot;,&quot;sizes&quot;:[]},&quot;classic_row_gap_mobile&quot;:{&quot;unit&quot;:&quot;px&quot;,&quot;size&quot;:&quot;&quot;,&quot;sizes&quot;:[]}}\" data-widget_type=\"posts.classic\">\n\t\t\t\t<div class=\"elementor-widget-container\">\n\t\t\t\t\t\t\t<div class=\"elementor-posts-container elementor-posts elementor-posts--skin-classic elementor-grid\">\n\t\t\t\t<article class=\"elementor-post elementor-grid-item post-58866 3dnews type-3dnews status-publish format-standard has-post-thumbnail hentry tag-3d-services-pl tag-top-article-pl\">\n\t\t\t\t<a class=\"elementor-post__thumbnail__link\" href=\"https:\/\/3dgence.com\/pl\/3dnews\/uslugi-inzynieryjne-3dgence-services-faq\/\" tabindex=\"-1\" >\n\t\t\t<div class=\"elementor-post__thumbnail\"><img fetchpriority=\"high\" decoding=\"async\" width=\"640\" height=\"150\" src=\"https:\/\/3dgence.com\/wp-content\/uploads\/2023\/10\/banner_1920x450px__3DServices_v1-1024x240.jpg\" class=\"attachment-large size-large wp-image-58856\" alt=\"3DGence Services \u2014 FAQ\" srcset=\"https:\/\/3dgence.com\/wp-content\/uploads\/2023\/10\/banner_1920x450px__3DServices_v1-1024x240.jpg 1024w, https:\/\/3dgence.com\/wp-content\/uploads\/2023\/10\/banner_1920x450px__3DServices_v1-768x180.jpg 768w, https:\/\/3dgence.com\/wp-content\/uploads\/2023\/10\/banner_1920x450px__3DServices_v1-1536x360.jpg 1536w, https:\/\/3dgence.com\/wp-content\/uploads\/2023\/10\/banner_1920x450px__3DServices_v1-24x6.jpg 24w, https:\/\/3dgence.com\/wp-content\/uploads\/2023\/10\/banner_1920x450px__3DServices_v1-36x8.jpg 36w, https:\/\/3dgence.com\/wp-content\/uploads\/2023\/10\/banner_1920x450px__3DServices_v1-48x11.jpg 48w, https:\/\/3dgence.com\/wp-content\/uploads\/2023\/10\/banner_1920x450px__3DServices_v1.jpg 1920w\" sizes=\"(max-width: 640px) 100vw, 640px\" \/><\/div>\n\t\t<\/a>\n\t\t\t\t<div class=\"elementor-post__text\">\n\t\t\t\t<h3 class=\"elementor-post__title\">\n\t\t\t<a href=\"https:\/\/3dgence.com\/pl\/3dnews\/uslugi-inzynieryjne-3dgence-services-faq\/\" >\n\t\t\t\tUs\u0142ugi in\u017cynieryjne 3DGence Services \u2014 FAQ\t\t\t<\/a>\n\t\t<\/h3>\n\t\t\t\t<div class=\"elementor-post__excerpt\">\n\t\t\t<p>W ostatnich miesi\u0105cach obserwujemy rosn\u0105ce zainteresowanie firm przemys\u0142owych us\u0142ugami druku 3D oraz wsparcia in\u017cynieryjnego. W czasach niepewno\u015bci gospodarczej firmy wykazuj\u0105 wi\u0119ksz\u0105 ostro\u017cno\u015b\u0107 inwestycyjn\u0105 przy zakupie nowych urz\u0105dze\u0144 czy zwi\u0119kszeniu zatrudnienia. Wiele przedsi\u0119biorstw sk\u0142ania si\u0119 za to ku outsourcingowi i us\u0142ugom. Naprzeciw ich potrzebom wychodzi oferta 3DGence<\/p>\n\t\t<\/div>\n\t\t\n\t\t<a class=\"elementor-post__read-more\" href=\"https:\/\/3dgence.com\/pl\/3dnews\/uslugi-inzynieryjne-3dgence-services-faq\/\" aria-label=\"Read more about Us\u0142ugi in\u017cynieryjne 3DGence Services \u2014 FAQ\" tabindex=\"-1\" >\n\t\t\tCzytaj wi\u0119cej &gt;\t\t<\/a>\n\n\t\t\t\t<\/div>\n\t\t\t\t<\/article>\n\t\t\t\t<\/div>\n\t\t\n\t\t\t\t\t\t<\/div>\n\t\t\t\t<\/div>\n\t\t\t\t\t<\/div>\n\t\t<\/div>\n\t\t\t\t\t<\/div>\n\t\t<\/section>\n\t\t\t\t<section class=\"elementor-section elementor-top-section elementor-element elementor-element-44b2b16 elementor-section-full_width slidersekcja elementor-section-height-default elementor-section-height-default\" data-id=\"44b2b16\" data-element_type=\"section\">\n\t\t\t\t\t\t<div class=\"elementor-container elementor-column-gap-default\">\n\t\t\t\t\t<div class=\"elementor-column elementor-col-100 elementor-top-column elementor-element elementor-element-6fcf99c\" data-id=\"6fcf99c\" data-element_type=\"column\">\n\t\t\t<div class=\"elementor-widget-wrap elementor-element-populated\">\n\t\t\t\t\t\t<div class=\"elementor-element elementor-element-a537931 load-css-more elementor-widget elementor-widget-shortcode\" data-id=\"a537931\" data-element_type=\"widget\" data-widget_type=\"shortcode.default\">\n\t\t\t\t<div class=\"elementor-widget-container\">\n\t\t\t\t\t\t\t<div class=\"elementor-shortcode\">\n    <style>\n        #ajax_fitler_search_results {\n            margin: 0 auto !important;\n            display: grid !important;\n            grid-template-columns: repeat(3, 1fr) !important;\n            grid-auto-rows: 1fr !important;\n            grid-column-gap: 30px !important;\n            grid-row-gap: 30px !important;\n            margin-bottom: 25px !important;\n        }\n\n\n        @media (max-width: 992px) {\n            #ajax_fitler_search_results {\n\n                grid-template-columns: repeat(1, 1fr) !important\n            }\n        }\n    <\/style>\n\n    <\/div>\n\t\t\t\t\t\t<\/div>\n\t\t\t\t<\/div>\n\t\t\t\t<div class=\"elementor-element elementor-element-de41605 elementor-widget elementor-widget-html\" data-id=\"de41605\" data-element_type=\"widget\" data-widget_type=\"html.default\">\n\t\t\t\t<div class=\"elementor-widget-container\">\n\t\t\t\t\t<div class=\"container\">\r\n    <div id=\"my-ajax-filter-search\">\r\n\r\n        <form id=\"knowledgeform\" name=\"knowledgeform\" action=\"\" method=\"get\">\r\n            <div class=\"row mb-5\">\r\n                <div class=\"col-lg-3 d-block mx-auto\">\r\n\r\n                    <select style=\"font-size: 35px;\" name=\"kategoria\" id=\"kategoria\" class=\"bg-white p-3\" onchange=\"return submitAction(event);\">\r\n                        <option style=\"font-size: 16px;\" value=\"\">Show all<\/option>\r\n                        <option style=\"font-size: 16px;\" value=\"Case study\">Case study<\/option>\r\n                        <option style=\"font-size: 16px;\" value=\"White paper\">White paper<\/option>\r\n                        <option style=\"font-size: 16px;\" value=\"News\">News<\/option>\r\n                        <option style=\"font-size: 16px;\" value=\"Article\">Article<\/option>\r\n                    <\/select>\r\n                <\/div>\r\n            <\/div>\r\n            <div class=\"row mb-5\">\r\n                <div class=\"col-lg-3\">\r\n\r\n                    <select name=\"printer\" id=\"printer\" class=\"bg-white p-2\" onchange=\"return submitAction(event);\">\r\n                        <option value=\"\">Printer<\/option>\r\n                        <option value=\"\">All<\/option>\r\n                        \r\n                    <\/select>\r\n                <\/div>\r\n                <div class=\"col-lg-3\">\r\n\r\n                    <select name=\"material\" id=\"material\" class=\"bg-white p-2\" onchange=\"return submitAction(event);\">\r\n                        <option value=\"\">Material<\/option>\r\n                        <option value=\"\">All<\/option>\r\n                        \r\n                    <\/select>\r\n                <\/div>\r\n                <div class=\"col-lg-3\">\r\n\r\n                    <select name=\"application\" id=\"application\" class=\"bg-white p-2\" onchange=\"return submitAction(event);\">\r\n                        <option value=\"\">Application<\/option>\r\n                        <option value=\"\">All<\/option>\r\n                        \r\n                    <\/select>\r\n                <\/div>\r\n                <div class=\"col-lg-3\">\r\n\r\n                    <select name=\"iindustry\" id=\"iindustry\" class=\"bg-white p-2\" onchange=\"return submitAction(event);\">\r\n                        <option value=\"\">Industry<\/option>\r\n                        <option value=\"\">All<\/option>\r\n                        \r\n                    <\/select>\r\n                <\/div>\r\n\r\n\r\n            <\/div>\r\n\r\n        <\/form>\r\n        <input type=\"checkbox\" id=\"load-more\"\/>\r\n        <ul id=\"ajax_fitler_search_results\" class=\"load-button-knowledge-content\"><\/ul>\r\n\r\n\r\n        <label class=\"load-more-btn load-check\" for=\"load-more\">\r\n            <span class=\"unloaded\">Poka\u017c wi\u0119cej<\/span>\r\n        <\/label>\r\n\r\n    <\/div>\r\n<\/div>\t\t\t\t<\/div>\n\t\t\t\t<\/div>\n\t\t\t\t\t<\/div>\n\t\t<\/div>\n\t\t\t\t\t<\/div>\n\t\t<\/section>\n\t\t\t\t<\/div>\n\t\t","protected":false},"excerpt":{"rendered":"<p>Wejd\u017a do \u015bwiata druku 3D i zdob\u0105d\u017a najnowsze informacje Drukowanie 3D nigdy nie by\u0142o bardziej dost\u0119pne. Technologia ta znacznie si\u0119 rozwin\u0119\u0142a na przestrzeni lat i odgrywa wa\u017cn\u0105 rol\u0119 w wielu zastosowaniach. Coraz wi\u0119cej firm decyduje si\u0119 na wdro\u017cenie druku 3D w celu optymalizacji swoich proces\u00f3w biznesowych. Korzystaj z zalet wytwarzania przyrostowego na co dzie\u0144 w [&hellip;]<\/p>\n","protected":false},"author":4,"featured_media":0,"parent":0,"menu_order":0,"comment_status":"closed","ping_status":"closed","template":"elementor_header_footer","meta":{"_acf_changed":false,"footnotes":""},"class_list":["post-5150","page","type-page","status-publish","hentry"],"acf":[],"yoast_head":"<!-- This site is optimized with the Yoast SEO Premium plugin v24.8 (Yoast SEO v24.8.1) - https:\/\/yoast.com\/wordpress\/plugins\/seo\/ -->\n<title>Baza wiedzy o druku 3D - artyku\u0142y, studia przypadk\u00f3w | 3DGence<\/title>\n<meta name=\"description\" content=\"Zobacz zastosowanie druku 3D w r\u00f3\u017cnych bran\u017cach, odkrywaj inspiruj\u0105ce studia przypadk\u00f3w, wiadomo\u015bci i wyczerpuj\u0105ce artyku\u0142y. Ucz si\u0119 z do\u015bwiadczenia 3DGence.\" \/>\n<meta name=\"robots\" content=\"index, follow, max-snippet:-1, max-image-preview:large, max-video-preview:-1\" \/>\n<link rel=\"canonical\" href=\"https:\/\/3dgence.com\/pl\/wiedza\/\" \/>\n<meta property=\"og:locale\" content=\"pl_PL\" \/>\n<meta property=\"og:type\" content=\"article\" \/>\n<meta property=\"og:title\" content=\"Knowledge\" \/>\n<meta property=\"og:description\" content=\"Zobacz zastosowanie druku 3D w r\u00f3\u017cnych bran\u017cach, odkrywaj inspiruj\u0105ce studia przypadk\u00f3w, wiadomo\u015bci i wyczerpuj\u0105ce artyku\u0142y. Ucz si\u0119 z do\u015bwiadczenia 3DGence.\" \/>\n<meta property=\"og:url\" content=\"https:\/\/3dgence.com\/pl\/wiedza\/\" \/>\n<meta property=\"og:site_name\" content=\"3DGence\" \/>\n<meta property=\"article:publisher\" content=\"https:\/\/www.facebook.com\/3dgence\" \/>\n<meta property=\"article:modified_time\" content=\"2023-07-17T10:56:01+00:00\" \/>\n<meta name=\"twitter:card\" content=\"summary_large_image\" \/>\n<meta name=\"twitter:label1\" content=\"Szacowany czas czytania\" \/>\n\t<meta name=\"twitter:data1\" content=\"2 minuty\" \/>\n<script type=\"application\/ld+json\" class=\"yoast-schema-graph\">{\"@context\":\"https:\/\/schema.org\",\"@graph\":[{\"@type\":\"WebPage\",\"@id\":\"https:\/\/3dgence.com\/pl\/wiedza\/\",\"url\":\"https:\/\/3dgence.com\/pl\/wiedza\/\",\"name\":\"Baza wiedzy o druku 3D - artyku\u0142y, studia przypadk\u00f3w | 3DGence\",\"isPartOf\":{\"@id\":\"https:\/\/3dgence.com\/pl\/#website\"},\"datePublished\":\"2019-12-19T11:26:33+00:00\",\"dateModified\":\"2023-07-17T10:56:01+00:00\",\"description\":\"Zobacz zastosowanie druku 3D w r\u00f3\u017cnych bran\u017cach, odkrywaj inspiruj\u0105ce studia przypadk\u00f3w, wiadomo\u015bci i wyczerpuj\u0105ce artyku\u0142y. Ucz si\u0119 z do\u015bwiadczenia 3DGence.\",\"breadcrumb\":{\"@id\":\"https:\/\/3dgence.com\/pl\/wiedza\/#breadcrumb\"},\"inLanguage\":\"pl-PL\",\"potentialAction\":[{\"@type\":\"ReadAction\",\"target\":[\"https:\/\/3dgence.com\/pl\/wiedza\/\"]}]},{\"@type\":\"BreadcrumbList\",\"@id\":\"https:\/\/3dgence.com\/pl\/wiedza\/#breadcrumb\",\"itemListElement\":[{\"@type\":\"ListItem\",\"position\":1,\"name\":\"Home\",\"item\":\"https:\/\/3dgence.com\/pl\/\"},{\"@type\":\"ListItem\",\"position\":2,\"name\":\"Knowledge\"}]},{\"@type\":\"WebSite\",\"@id\":\"https:\/\/3dgence.com\/pl\/#website\",\"url\":\"https:\/\/3dgence.com\/pl\/\",\"name\":\"3DGence\",\"description\":\"Industrial 3D printing solutions\",\"publisher\":{\"@id\":\"https:\/\/3dgence.com\/pl\/#organization\"},\"potentialAction\":[{\"@type\":\"SearchAction\",\"target\":{\"@type\":\"EntryPoint\",\"urlTemplate\":\"https:\/\/3dgence.com\/pl\/?s={search_term_string}\"},\"query-input\":{\"@type\":\"PropertyValueSpecification\",\"valueRequired\":true,\"valueName\":\"search_term_string\"}}],\"inLanguage\":\"pl-PL\"},{\"@type\":\"Organization\",\"@id\":\"https:\/\/3dgence.com\/pl\/#organization\",\"name\":\"3DGENCE\",\"url\":\"https:\/\/3dgence.com\/pl\/\",\"logo\":{\"@type\":\"ImageObject\",\"inLanguage\":\"pl-PL\",\"@id\":\"https:\/\/3dgence.com\/pl\/#\/schema\/logo\/image\/\",\"url\":\"https:\/\/3dgence.com\/wp-content\/uploads\/2020\/03\/3dgence_white_web.png\",\"contentUrl\":\"https:\/\/3dgence.com\/wp-content\/uploads\/2020\/03\/3dgence_white_web.png\",\"width\":1200,\"height\":848,\"caption\":\"3DGENCE\"},\"image\":{\"@id\":\"https:\/\/3dgence.com\/pl\/#\/schema\/logo\/image\/\"},\"sameAs\":[\"https:\/\/www.facebook.com\/3dgence\"]}]}<\/script>\n<!-- \/ Yoast SEO Premium plugin. -->","yoast_head_json":{"title":"Baza wiedzy o druku 3D - artyku\u0142y, studia przypadk\u00f3w | 3DGence","description":"Zobacz zastosowanie druku 3D w r\u00f3\u017cnych bran\u017cach, odkrywaj inspiruj\u0105ce studia przypadk\u00f3w, wiadomo\u015bci i wyczerpuj\u0105ce artyku\u0142y. Ucz si\u0119 z do\u015bwiadczenia 3DGence.","robots":{"index":"index","follow":"follow","max-snippet":"max-snippet:-1","max-image-preview":"max-image-preview:large","max-video-preview":"max-video-preview:-1"},"canonical":"https:\/\/3dgence.com\/pl\/wiedza\/","og_locale":"pl_PL","og_type":"article","og_title":"Knowledge","og_description":"Zobacz zastosowanie druku 3D w r\u00f3\u017cnych bran\u017cach, odkrywaj inspiruj\u0105ce studia przypadk\u00f3w, wiadomo\u015bci i wyczerpuj\u0105ce artyku\u0142y. Ucz si\u0119 z do\u015bwiadczenia 3DGence.","og_url":"https:\/\/3dgence.com\/pl\/wiedza\/","og_site_name":"3DGence","article_publisher":"https:\/\/www.facebook.com\/3dgence","article_modified_time":"2023-07-17T10:56:01+00:00","twitter_card":"summary_large_image","twitter_misc":{"Szacowany czas czytania":"2 minuty"},"schema":{"@context":"https:\/\/schema.org","@graph":[{"@type":"WebPage","@id":"https:\/\/3dgence.com\/pl\/wiedza\/","url":"https:\/\/3dgence.com\/pl\/wiedza\/","name":"Baza wiedzy o druku 3D - artyku\u0142y, studia przypadk\u00f3w | 3DGence","isPartOf":{"@id":"https:\/\/3dgence.com\/pl\/#website"},"datePublished":"2019-12-19T11:26:33+00:00","dateModified":"2023-07-17T10:56:01+00:00","description":"Zobacz zastosowanie druku 3D w r\u00f3\u017cnych bran\u017cach, odkrywaj inspiruj\u0105ce studia przypadk\u00f3w, wiadomo\u015bci i wyczerpuj\u0105ce artyku\u0142y. Ucz si\u0119 z do\u015bwiadczenia 3DGence.","breadcrumb":{"@id":"https:\/\/3dgence.com\/pl\/wiedza\/#breadcrumb"},"inLanguage":"pl-PL","potentialAction":[{"@type":"ReadAction","target":["https:\/\/3dgence.com\/pl\/wiedza\/"]}]},{"@type":"BreadcrumbList","@id":"https:\/\/3dgence.com\/pl\/wiedza\/#breadcrumb","itemListElement":[{"@type":"ListItem","position":1,"name":"Home","item":"https:\/\/3dgence.com\/pl\/"},{"@type":"ListItem","position":2,"name":"Knowledge"}]},{"@type":"WebSite","@id":"https:\/\/3dgence.com\/pl\/#website","url":"https:\/\/3dgence.com\/pl\/","name":"3DGence","description":"Industrial 3D printing solutions","publisher":{"@id":"https:\/\/3dgence.com\/pl\/#organization"},"potentialAction":[{"@type":"SearchAction","target":{"@type":"EntryPoint","urlTemplate":"https:\/\/3dgence.com\/pl\/?s={search_term_string}"},"query-input":{"@type":"PropertyValueSpecification","valueRequired":true,"valueName":"search_term_string"}}],"inLanguage":"pl-PL"},{"@type":"Organization","@id":"https:\/\/3dgence.com\/pl\/#organization","name":"3DGENCE","url":"https:\/\/3dgence.com\/pl\/","logo":{"@type":"ImageObject","inLanguage":"pl-PL","@id":"https:\/\/3dgence.com\/pl\/#\/schema\/logo\/image\/","url":"https:\/\/3dgence.com\/wp-content\/uploads\/2020\/03\/3dgence_white_web.png","contentUrl":"https:\/\/3dgence.com\/wp-content\/uploads\/2020\/03\/3dgence_white_web.png","width":1200,"height":848,"caption":"3DGENCE"},"image":{"@id":"https:\/\/3dgence.com\/pl\/#\/schema\/logo\/image\/"},"sameAs":["https:\/\/www.facebook.com\/3dgence"]}]}},"_links":{"self":[{"href":"https:\/\/3dgence.com\/pl\/wp-json\/wp\/v2\/pages\/5150","targetHints":{"allow":["GET"]}}],"collection":[{"href":"https:\/\/3dgence.com\/pl\/wp-json\/wp\/v2\/pages"}],"about":[{"href":"https:\/\/3dgence.com\/pl\/wp-json\/wp\/v2\/types\/page"}],"author":[{"embeddable":true,"href":"https:\/\/3dgence.com\/pl\/wp-json\/wp\/v2\/users\/4"}],"replies":[{"embeddable":true,"href":"https:\/\/3dgence.com\/pl\/wp-json\/wp\/v2\/comments?post=5150"}],"version-history":[{"count":12,"href":"https:\/\/3dgence.com\/pl\/wp-json\/wp\/v2\/pages\/5150\/revisions"}],"predecessor-version":[{"id":52637,"href":"https:\/\/3dgence.com\/pl\/wp-json\/wp\/v2\/pages\/5150\/revisions\/52637"}],"wp:attachment":[{"href":"https:\/\/3dgence.com\/pl\/wp-json\/wp\/v2\/media?parent=5150"}],"curies":[{"name":"wp","href":"https:\/\/api.w.org\/{rel}","templated":true}]}}