{"id":57177,"date":"2023-10-06T11:01:14","date_gmt":"2023-10-06T09:01:14","guid":{"rendered":"https:\/\/3dgence.com\/?page_id=57177"},"modified":"2023-10-06T11:18:06","modified_gmt":"2023-10-06T09:18:06","slug":"rendering-2","status":"publish","type":"page","link":"https:\/\/3dgence.com\/pl\/uslugi-3d\/rendering-2\/","title":{"rendered":"Renderowanie"},"content":{"rendered":"\t\t<div data-elementor-type=\"wp-page\" data-elementor-id=\"57177\" class=\"elementor elementor-57177\" data-elementor-post-type=\"page\">\n\t\t\t\t\t\t<section class=\"elementor-section elementor-top-section elementor-element elementor-element-69aacb9e elementor-section-height-min-height nakladka elementor-section-content-middle elementor-section-boxed elementor-section-height-default elementor-section-items-middle\" data-id=\"69aacb9e\" data-element_type=\"section\" data-settings=\"{&quot;background_background&quot;:&quot;classic&quot;}\">\n\t\t\t\t\t\t\t<div class=\"elementor-background-overlay\"><\/div>\n\t\t\t\t\t\t\t<div class=\"elementor-container elementor-column-gap-default\">\n\t\t\t\t\t<div class=\"elementor-column elementor-col-50 elementor-top-column elementor-element elementor-element-7dfc9bcd\" data-id=\"7dfc9bcd\" data-element_type=\"column\">\n\t\t\t<div class=\"elementor-widget-wrap\">\n\t\t\t\t\t\t\t<\/div>\n\t\t<\/div>\n\t\t\t\t<div class=\"elementor-column elementor-col-50 elementor-top-column elementor-element elementor-element-29283ab0 elementor-hidden-tablet elementor-hidden-phone\" data-id=\"29283ab0\" data-element_type=\"column\">\n\t\t\t<div class=\"elementor-widget-wrap\">\n\t\t\t\t\t\t\t<\/div>\n\t\t<\/div>\n\t\t\t\t\t<\/div>\n\t\t<\/section>\n\t\t\t\t<section class=\"elementor-section elementor-top-section elementor-element elementor-element-4a44a9d6 elementor-section-boxed elementor-section-height-default elementor-section-height-default\" data-id=\"4a44a9d6\" data-element_type=\"section\">\n\t\t\t\t\t\t<div class=\"elementor-container elementor-column-gap-default\">\n\t\t\t\t\t<div class=\"elementor-column elementor-col-50 elementor-top-column elementor-element elementor-element-3044e088\" data-id=\"3044e088\" data-element_type=\"column\">\n\t\t\t<div class=\"elementor-widget-wrap elementor-element-populated\">\n\t\t\t\t\t\t<section class=\"elementor-section elementor-inner-section elementor-element elementor-element-25517efa elementor-section-boxed elementor-section-height-default elementor-section-height-default\" data-id=\"25517efa\" data-element_type=\"section\">\n\t\t\t\t\t\t<div class=\"elementor-container elementor-column-gap-default\">\n\t\t\t\t\t<div class=\"elementor-column elementor-col-100 elementor-inner-column elementor-element elementor-element-678403c0\" data-id=\"678403c0\" data-element_type=\"column\">\n\t\t\t<div class=\"elementor-widget-wrap elementor-element-populated\">\n\t\t\t\t\t\t<div class=\"elementor-element elementor-element-73547ec elementor-widget elementor-widget-heading\" data-id=\"73547ec\" data-element_type=\"widget\" data-widget_type=\"heading.default\">\n\t\t\t\t<div class=\"elementor-widget-container\">\n\t\t\t\t\t<h1 class=\"elementor-heading-title elementor-size-default\">Renderowanie<\/h1>\t\t\t\t<\/div>\n\t\t\t\t<\/div>\n\t\t\t\t<div class=\"elementor-element elementor-element-71054b4 elementor-widget elementor-widget-text-editor\" data-id=\"71054b4\" data-element_type=\"widget\" data-widget_type=\"text-editor.default\">\n\t\t\t\t<div class=\"elementor-widget-container\">\n\t\t\t\t\t\t\t\t\t<p>Oferujemy pa\u0144stwu profesjonalne renderowanie na podstawie dostarczonych modeli 3d dzi\u0119ki czemu stan\u0105 si\u0119 one bardziej atrakcyjne wizualnie w zastosowaniach wymagaj\u0105cych profesjonalnego przedstawienia graficznego. 3DGence \u015bwiadczy pe\u0142ne us\u0142ugi w zakresie renderowania, z nak\u0142adaniem tekstur, dobieraniem najbardziej korzystnego o\u015bwietlenia i wykonywania plik\u00f3w graficznych o wysokiej jako\u015bci. Mo\u017cliwe zastosowania render\u00f3w:<\/p>\n<ul>\n<li>Materia\u0142y reklamowe<\/li>\n<li>Alternatywa dla profesjonalnych zdj\u0119\u0107 gotowego wyrobu<\/li>\n<li>Zaprezentowanie prototypu w fazie koncepcyjnej<\/li>\n<\/ul>\t\t\t\t\t\t\t\t<\/div>\n\t\t\t\t<\/div>\n\t\t\t\t\t<\/div>\n\t\t<\/div>\n\t\t\t\t\t<\/div>\n\t\t<\/section>\n\t\t\t\t\t<\/div>\n\t\t<\/div>\n\t\t\t\t<div class=\"elementor-column elementor-col-50 elementor-top-column elementor-element elementor-element-fef547a shadow-box\" data-id=\"fef547a\" data-element_type=\"column\" data-settings=\"{&quot;background_background&quot;:&quot;classic&quot;}\">\n\t\t\t<div class=\"elementor-widget-wrap elementor-element-populated\">\n\t\t\t\t\t\t<section class=\"elementor-section elementor-inner-section elementor-element elementor-element-ec849bf elementor-section-boxed elementor-section-height-default elementor-section-height-default\" data-id=\"ec849bf\" data-element_type=\"section\" data-settings=\"{&quot;background_background&quot;:&quot;classic&quot;}\">\n\t\t\t\t\t\t\t<div class=\"elementor-background-overlay\"><\/div>\n\t\t\t\t\t\t\t<div class=\"elementor-container elementor-column-gap-default\">\n\t\t\t\t\t<div class=\"elementor-column elementor-col-100 elementor-inner-column elementor-element elementor-element-0b21a63\" data-id=\"0b21a63\" data-element_type=\"column\">\n\t\t\t<div class=\"elementor-widget-wrap elementor-element-populated\">\n\t\t\t\t\t\t<div class=\"elementor-element elementor-element-c65aec4 elementor-widget elementor-widget-heading\" data-id=\"c65aec4\" data-element_type=\"widget\" data-widget_type=\"heading.default\">\n\t\t\t\t<div class=\"elementor-widget-container\">\n\t\t\t\t\t<h2 class=\"elementor-heading-title elementor-size-default\">Get a free quote<\/h2>\t\t\t\t<\/div>\n\t\t\t\t<\/div>\n\t\t\t\t<div class=\"elementor-element elementor-element-41009f1 elementor-widget elementor-widget-shortcode\" data-id=\"41009f1\" data-element_type=\"widget\" data-widget_type=\"shortcode.default\">\n\t\t\t\t<div class=\"elementor-widget-container\">\n\t\t\t\t\t\t\t<div class=\"elementor-shortcode\">\n<div class=\"wpcf7 no-js\" id=\"wpcf7-f11214-o1\" lang=\"en-GB\" dir=\"ltr\" data-wpcf7-id=\"11214\">\n<div class=\"screen-reader-response\"><p role=\"status\" aria-live=\"polite\" aria-atomic=\"true\"><\/p> <ul><\/ul><\/div>\n<form action=\"\/pl\/wp-json\/wp\/v2\/pages\/57177#wpcf7-f11214-o1\" method=\"post\" class=\"wpcf7-form init\" aria-label=\"Contact form\" novalidate=\"novalidate\" data-status=\"init\">\n<div style=\"display: none;\">\n<input type=\"hidden\" name=\"_wpcf7\" value=\"11214\" \/>\n<input type=\"hidden\" name=\"_wpcf7_version\" value=\"6.0.6\" \/>\n<input type=\"hidden\" name=\"_wpcf7_locale\" value=\"en_GB\" \/>\n<input type=\"hidden\" name=\"_wpcf7_unit_tag\" value=\"wpcf7-f11214-o1\" \/>\n<input type=\"hidden\" name=\"_wpcf7_container_post\" value=\"0\" \/>\n<input type=\"hidden\" name=\"_wpcf7_posted_data_hash\" value=\"\" \/>\n<input type=\"hidden\" name=\"_wpcf7_recaptcha_response\" value=\"\" \/>\n<\/div>\n<div class=\"col-lg=12\">\n\t<div class=\"row\">\n\t\t<div class=\"col-12\">\n\t\t\t<p><span class=\"wpcf7-form-control-wrap\" data-name=\"your-name\"><input size=\"40\" maxlength=\"400\" class=\"wpcf7-form-control wpcf7-text wpcf7-validates-as-required w-100 mb-2 border p-2 pl-3 text-dark\" aria-required=\"true\" aria-invalid=\"false\" placeholder=\"First name and last name*\" value=\"\" type=\"text\" name=\"your-name\" \/><\/span>\n\t\t\t<\/p>\n\t\t<\/div>\n\t\t<div class=\"col-12\">\n\t\t\t<p><span class=\"wpcf7-form-control-wrap\" data-name=\"your-company\"><input size=\"40\" maxlength=\"400\" class=\"wpcf7-form-control wpcf7-text wpcf7-validates-as-required w-100 mb-2 border p-2 pl-3 text-dark\" aria-required=\"true\" aria-invalid=\"false\" placeholder=\"Company*\" value=\"\" type=\"text\" name=\"your-company\" \/><\/span>\n\t\t\t<\/p>\n\t\t<\/div>\n\t\t<div class=\"col-12\">\n\t\t\t<p><span class=\"wpcf7-form-control-wrap\" data-name=\"your-country\"><input size=\"40\" maxlength=\"400\" class=\"wpcf7-form-control wpcf7-text wpcf7-validates-as-required w-100 mb-2 border p-2 pl-3 text-dark\" aria-required=\"true\" aria-invalid=\"false\" placeholder=\"Country*\" value=\"\" type=\"text\" name=\"your-country\" \/><\/span>\n\t\t\t<\/p>\n\t\t<\/div>\n\t\t<div class=\"col-12\">\n\t\t\t<p><span class=\"wpcf7-form-control-wrap\" data-name=\"your-email-company\"><input size=\"40\" maxlength=\"400\" class=\"wpcf7-form-control wpcf7-email wpcf7-validates-as-required wpcf7-text wpcf7-validates-as-email w-100 mb-2 border p-2 pl-3 text-dark\" aria-required=\"true\" aria-invalid=\"false\" placeholder=\"Company E-mail*\" value=\"\" type=\"email\" name=\"your-email-company\" \/><\/span>\n\t\t\t<\/p>\n\t\t<\/div>\n\t\t<div class=\"col-12\">\n\t\t\t<p><span class=\"wpcf7-form-control-wrap\" data-name=\"tel\"><input size=\"40\" maxlength=\"400\" class=\"wpcf7-form-control wpcf7-tel wpcf7-validates-as-required wpcf7-text wpcf7-validates-as-tel w-100 mb-2 border p-2 pl-3 text-dark\" aria-required=\"true\" aria-invalid=\"false\" placeholder=\"Telephone number*\" value=\"\" type=\"tel\" name=\"tel\" \/><\/span>\n\t\t\t<\/p>\n\t\t<\/div>\n\t\t<div class=\"col-12\">\n\t\t\t<p><span class=\"wpcf7-form-control-wrap\" data-name=\"your-message\"><textarea cols=\"40\" rows=\"4\" maxlength=\"2000\" class=\"wpcf7-form-control wpcf7-textarea w-100 mb-2 border p-2 pl-3 text-dark\" aria-invalid=\"false\" placeholder=\"How can we help you?\" name=\"your-message\"><\/textarea><\/span>\n\t\t\t<\/p>\n\t\t<\/div>\n\t\t<p><span class=\"wpcf7-form-control-wrap submission_id\"><input class=\"wpcf7-form-control wpcf7-submission_id_hidden wpcf7-validates-as-number\" readonly=\"readonly\" aria-invalid=\"false\" value=\"49779\" name=\"submission_id\" type=\"hidden\" \/><\/span>\n\t\t<\/p>\n\t\t<div class=\"col-12\">\n\t\t\t<p><span class=\"wpcf7-form-control-wrap\" data-name=\"upload-file-506\"><input size=\"40\" class=\"wpcf7-form-control wpcf7-drag-n-drop-file d-none\" id=\"upload\" aria-invalid=\"false\" type=\"file\" multiple=\"multiple\" data-name=\"upload-file-506\" data-type=\"jpeg|jpg|pdf|png|gif|stl|igs|dwg|dxf|dgn|obj|stp|x_t|iges|step|sat|ipt|par|x_t\" data-limit=\"10000000\" data-id=\"11214\" data-version=\"free version 1.3.8.8\" accept=\".jpeg, .jpg, .pdf, .png, .gif, .stl, .igs, .dwg, .dxf, .dgn, .obj, .stp, .x_t, .iges, .step, .sat, .ipt, .par, .x_t\" \/><\/span>\n\t\t\t<\/p>\n\t\t<\/div>\n\t\t<div class=\"col-12\">\n\t\t\t<p><span class=\"wpcf7-form-control-wrap\" data-name=\"acceptance-379\"><span class=\"wpcf7-form-control wpcf7-acceptance\"><span class=\"wpcf7-list-item\"><label><input type=\"checkbox\" name=\"acceptance-379\" value=\"1\" aria-invalid=\"false\" \/><span class=\"wpcf7-list-item-label\">I agree to the <a href=https:\/\/3dgence.com\/policy\/>Privacy and cookie policy<\/a>.<\/span><\/label><\/span><\/span><\/span>\n\t\t\t<\/p>\n\t\t<\/div>\n\t\t<p><input type=\"hidden\" id=\"zc_gad\" name=\"zc_gad\" value=\"\" \/>\n\t\t<\/p>\n\t<input class=\"wpcf7-form-control wpcf7-hidden\" id=\"formgclid\" value=\"gclid\" type=\"hidden\" name=\"formgclid\" \/>\n\t<input class=\"wpcf7-form-control wpcf7-hidden\" id=\"formutmz\" value=\"\" type=\"hidden\" name=\"formutmz\" \/>\n\t\t<div class=\"col-12 farma-send-button\">\n\t\t\t<p><input class=\"wpcf7-form-control wpcf7-submit has-spinner btn\" type=\"submit\" value=\"Ask for a quote\" \/>\n\t\t\t<\/p>\n\t\t<\/div>\n\t<\/div>\n<\/div><input type='hidden' class='wpcf7-pum' value='{\"closepopup\":false,\"closedelay\":0,\"openpopup\":false,\"openpopup_id\":0}' \/><div class=\"wpcf7-response-output\" aria-hidden=\"true\"><\/div>\n<\/form>\n<\/div>\n<\/div>\n\t\t\t\t\t\t<\/div>\n\t\t\t\t<\/div>\n\t\t\t\t\t<\/div>\n\t\t<\/div>\n\t\t\t\t\t<\/div>\n\t\t<\/section>\n\t\t\t\t\t<\/div>\n\t\t<\/div>\n\t\t\t\t\t<\/div>\n\t\t<\/section>\n\t\t\t\t<section class=\"elementor-section elementor-top-section elementor-element elementor-element-18ba6af elementor-section-full_width elementor-section-content-middle elementor-section-height-default elementor-section-height-default\" data-id=\"18ba6af\" data-element_type=\"section\" data-settings=\"{&quot;background_background&quot;:&quot;classic&quot;}\">\n\t\t\t\t\t\t<div class=\"elementor-container elementor-column-gap-default\">\n\t\t\t\t\t<div class=\"elementor-column elementor-col-50 elementor-top-column elementor-element elementor-element-4e8cb55 elementor-hidden-tablet elementor-hidden-phone\" data-id=\"4e8cb55\" data-element_type=\"column\" data-settings=\"{&quot;background_background&quot;:&quot;classic&quot;}\">\n\t\t\t<div class=\"elementor-widget-wrap elementor-element-populated\">\n\t\t\t\t\t\t\t<\/div>\n\t\t<\/div>\n\t\t\t\t<div class=\"elementor-column elementor-col-50 elementor-top-column elementor-element elementor-element-4c0c4cc\" data-id=\"4c0c4cc\" data-element_type=\"column\">\n\t\t\t<div class=\"elementor-widget-wrap elementor-element-populated\">\n\t\t\t\t\t\t<div class=\"elementor-element elementor-element-ab5fb47 elementor-hidden-desktop elementor-widget elementor-widget-image\" data-id=\"ab5fb47\" data-element_type=\"widget\" data-widget_type=\"image.default\">\n\t\t\t\t<div class=\"elementor-widget-container\">\n\t\t\t\t\t\t\t\t\t\t\t\t\t\t\t<img fetchpriority=\"high\" decoding=\"async\" width=\"2048\" height=\"885\" src=\"https:\/\/3dgence.com\/wp-content\/uploads\/2020\/02\/10.-FAMUR-e1582118982598.jpg\" class=\"attachment-full size-full wp-image-8675\" alt=\"FAMUR\" srcset=\"https:\/\/3dgence.com\/wp-content\/uploads\/2020\/02\/10.-FAMUR-e1582118982598.jpg 2048w, https:\/\/3dgence.com\/wp-content\/uploads\/2020\/02\/10.-FAMUR-e1582118982598-1024x443.jpg 1024w, https:\/\/3dgence.com\/wp-content\/uploads\/2020\/02\/10.-FAMUR-e1582118982598-768x332.jpg 768w, https:\/\/3dgence.com\/wp-content\/uploads\/2020\/02\/10.-FAMUR-e1582118982598-1536x664.jpg 1536w\" sizes=\"(max-width: 2048px) 100vw, 2048px\" \/>\t\t\t\t\t\t\t\t\t\t\t\t\t\t\t<\/div>\n\t\t\t\t<\/div>\n\t\t\t\t\t<\/div>\n\t\t<\/div>\n\t\t\t\t\t<\/div>\n\t\t<\/section>\n\t\t\t\t<\/div>\n\t\t","protected":false},"excerpt":{"rendered":"<p>Renderowanie Oferujemy pa\u0144stwu profesjonalne renderowanie na podstawie dostarczonych modeli 3d dzi\u0119ki czemu stan\u0105 si\u0119 one bardziej atrakcyjne wizualnie w zastosowaniach wymagaj\u0105cych profesjonalnego przedstawienia graficznego. 3DGence \u015bwiadczy pe\u0142ne us\u0142ugi w zakresie renderowania, z nak\u0142adaniem tekstur, dobieraniem najbardziej korzystnego o\u015bwietlenia i wykonywania plik\u00f3w graficznych o wysokiej jako\u015bci. Mo\u017cliwe zastosowania render\u00f3w: Materia\u0142y reklamowe Alternatywa dla profesjonalnych zdj\u0119\u0107 gotowego [&hellip;]<\/p>\n","protected":false},"author":4,"featured_media":0,"parent":10737,"menu_order":0,"comment_status":"closed","ping_status":"closed","template":"elementor_header_footer","meta":{"_acf_changed":false,"footnotes":""},"class_list":["post-57177","page","type-page","status-publish","hentry"],"acf":[],"yoast_head":"<!-- This site is optimized with the Yoast SEO Premium plugin v24.8 (Yoast SEO v24.8.1) - https:\/\/yoast.com\/wordpress\/plugins\/seo\/ -->\n<title>Renderowanie - 3DGence<\/title>\n<meta name=\"robots\" content=\"index, follow, max-snippet:-1, max-image-preview:large, max-video-preview:-1\" \/>\n<link rel=\"canonical\" href=\"https:\/\/3dgence.com\/pl\/uslugi-3d\/rendering-2\/\" \/>\n<meta property=\"og:locale\" content=\"pl_PL\" \/>\n<meta property=\"og:type\" content=\"article\" \/>\n<meta property=\"og:title\" content=\"Renderowanie\" \/>\n<meta property=\"og:description\" content=\"Renderowanie Oferujemy pa\u0144stwu profesjonalne renderowanie na podstawie dostarczonych modeli 3d dzi\u0119ki czemu stan\u0105 si\u0119 one bardziej atrakcyjne wizualnie w zastosowaniach wymagaj\u0105cych profesjonalnego przedstawienia graficznego. 3DGence \u015bwiadczy pe\u0142ne us\u0142ugi w zakresie renderowania, z nak\u0142adaniem tekstur, dobieraniem najbardziej korzystnego o\u015bwietlenia i wykonywania plik\u00f3w graficznych o wysokiej jako\u015bci. Mo\u017cliwe zastosowania render\u00f3w: Materia\u0142y reklamowe Alternatywa dla profesjonalnych zdj\u0119\u0107 gotowego [&hellip;]\" \/>\n<meta property=\"og:url\" content=\"https:\/\/3dgence.com\/pl\/uslugi-3d\/rendering-2\/\" \/>\n<meta property=\"og:site_name\" content=\"3DGence\" \/>\n<meta property=\"article:publisher\" content=\"https:\/\/www.facebook.com\/3dgence\" \/>\n<meta property=\"article:modified_time\" content=\"2023-10-06T09:18:06+00:00\" \/>\n<meta property=\"og:image\" content=\"https:\/\/3dgence.com\/wp-content\/uploads\/2020\/02\/10.-FAMUR-e1582118982598.jpg\" \/>\n<meta name=\"twitter:card\" content=\"summary_large_image\" \/>\n<meta name=\"twitter:label1\" content=\"Szacowany czas czytania\" \/>\n\t<meta name=\"twitter:data1\" content=\"1 minuta\" \/>\n<script type=\"application\/ld+json\" class=\"yoast-schema-graph\">{\"@context\":\"https:\/\/schema.org\",\"@graph\":[{\"@type\":\"WebPage\",\"@id\":\"https:\/\/3dgence.com\/pl\/uslugi-3d\/rendering-2\/\",\"url\":\"https:\/\/3dgence.com\/pl\/uslugi-3d\/rendering-2\/\",\"name\":\"Renderowanie - 3DGence\",\"isPartOf\":{\"@id\":\"https:\/\/3dgence.com\/pl\/#website\"},\"primaryImageOfPage\":{\"@id\":\"https:\/\/3dgence.com\/pl\/uslugi-3d\/rendering-2\/#primaryimage\"},\"image\":{\"@id\":\"https:\/\/3dgence.com\/pl\/uslugi-3d\/rendering-2\/#primaryimage\"},\"thumbnailUrl\":\"https:\/\/3dgence.com\/wp-content\/uploads\/2020\/02\/10.-FAMUR-e1582118982598.jpg\",\"datePublished\":\"2023-10-06T09:01:14+00:00\",\"dateModified\":\"2023-10-06T09:18:06+00:00\",\"breadcrumb\":{\"@id\":\"https:\/\/3dgence.com\/pl\/uslugi-3d\/rendering-2\/#breadcrumb\"},\"inLanguage\":\"pl-PL\",\"potentialAction\":[{\"@type\":\"ReadAction\",\"target\":[\"https:\/\/3dgence.com\/pl\/uslugi-3d\/rendering-2\/\"]}]},{\"@type\":\"ImageObject\",\"inLanguage\":\"pl-PL\",\"@id\":\"https:\/\/3dgence.com\/pl\/uslugi-3d\/rendering-2\/#primaryimage\",\"url\":\"https:\/\/3dgence.com\/wp-content\/uploads\/2020\/02\/10.-FAMUR-e1582118982598.jpg\",\"contentUrl\":\"https:\/\/3dgence.com\/wp-content\/uploads\/2020\/02\/10.-FAMUR-e1582118982598.jpg\"},{\"@type\":\"BreadcrumbList\",\"@id\":\"https:\/\/3dgence.com\/pl\/uslugi-3d\/rendering-2\/#breadcrumb\",\"itemListElement\":[{\"@type\":\"ListItem\",\"position\":1,\"name\":\"Home\",\"item\":\"https:\/\/3dgence.com\/pl\/\"},{\"@type\":\"ListItem\",\"position\":2,\"name\":\"Us\u0142ugi 3D\",\"item\":\"https:\/\/www.3dgence.com\/pl\/uslugi-3d\/\"},{\"@type\":\"ListItem\",\"position\":3,\"name\":\"Renderowanie\"}]},{\"@type\":\"WebSite\",\"@id\":\"https:\/\/3dgence.com\/pl\/#website\",\"url\":\"https:\/\/3dgence.com\/pl\/\",\"name\":\"3DGence\",\"description\":\"Industrial 3D printing solutions\",\"publisher\":{\"@id\":\"https:\/\/3dgence.com\/pl\/#organization\"},\"potentialAction\":[{\"@type\":\"SearchAction\",\"target\":{\"@type\":\"EntryPoint\",\"urlTemplate\":\"https:\/\/3dgence.com\/pl\/?s={search_term_string}\"},\"query-input\":{\"@type\":\"PropertyValueSpecification\",\"valueRequired\":true,\"valueName\":\"search_term_string\"}}],\"inLanguage\":\"pl-PL\"},{\"@type\":\"Organization\",\"@id\":\"https:\/\/3dgence.com\/pl\/#organization\",\"name\":\"3DGENCE\",\"url\":\"https:\/\/3dgence.com\/pl\/\",\"logo\":{\"@type\":\"ImageObject\",\"inLanguage\":\"pl-PL\",\"@id\":\"https:\/\/3dgence.com\/pl\/#\/schema\/logo\/image\/\",\"url\":\"https:\/\/3dgence.com\/wp-content\/uploads\/2020\/03\/3dgence_white_web.png\",\"contentUrl\":\"https:\/\/3dgence.com\/wp-content\/uploads\/2020\/03\/3dgence_white_web.png\",\"width\":1200,\"height\":848,\"caption\":\"3DGENCE\"},\"image\":{\"@id\":\"https:\/\/3dgence.com\/pl\/#\/schema\/logo\/image\/\"},\"sameAs\":[\"https:\/\/www.facebook.com\/3dgence\"]}]}<\/script>\n<!-- \/ Yoast SEO Premium plugin. -->","yoast_head_json":{"title":"Renderowanie - 3DGence","robots":{"index":"index","follow":"follow","max-snippet":"max-snippet:-1","max-image-preview":"max-image-preview:large","max-video-preview":"max-video-preview:-1"},"canonical":"https:\/\/3dgence.com\/pl\/uslugi-3d\/rendering-2\/","og_locale":"pl_PL","og_type":"article","og_title":"Renderowanie","og_description":"Renderowanie Oferujemy pa\u0144stwu profesjonalne renderowanie na podstawie dostarczonych modeli 3d dzi\u0119ki czemu stan\u0105 si\u0119 one bardziej atrakcyjne wizualnie w zastosowaniach wymagaj\u0105cych profesjonalnego przedstawienia graficznego. 3DGence \u015bwiadczy pe\u0142ne us\u0142ugi w zakresie renderowania, z nak\u0142adaniem tekstur, dobieraniem najbardziej korzystnego o\u015bwietlenia i wykonywania plik\u00f3w graficznych o wysokiej jako\u015bci. Mo\u017cliwe zastosowania render\u00f3w: Materia\u0142y reklamowe Alternatywa dla profesjonalnych zdj\u0119\u0107 gotowego [&hellip;]","og_url":"https:\/\/3dgence.com\/pl\/uslugi-3d\/rendering-2\/","og_site_name":"3DGence","article_publisher":"https:\/\/www.facebook.com\/3dgence","article_modified_time":"2023-10-06T09:18:06+00:00","og_image":[{"url":"https:\/\/3dgence.com\/wp-content\/uploads\/2020\/02\/10.-FAMUR-e1582118982598.jpg","type":"","width":"","height":""}],"twitter_card":"summary_large_image","twitter_misc":{"Szacowany czas czytania":"1 minuta"},"schema":{"@context":"https:\/\/schema.org","@graph":[{"@type":"WebPage","@id":"https:\/\/3dgence.com\/pl\/uslugi-3d\/rendering-2\/","url":"https:\/\/3dgence.com\/pl\/uslugi-3d\/rendering-2\/","name":"Renderowanie - 3DGence","isPartOf":{"@id":"https:\/\/3dgence.com\/pl\/#website"},"primaryImageOfPage":{"@id":"https:\/\/3dgence.com\/pl\/uslugi-3d\/rendering-2\/#primaryimage"},"image":{"@id":"https:\/\/3dgence.com\/pl\/uslugi-3d\/rendering-2\/#primaryimage"},"thumbnailUrl":"https:\/\/3dgence.com\/wp-content\/uploads\/2020\/02\/10.-FAMUR-e1582118982598.jpg","datePublished":"2023-10-06T09:01:14+00:00","dateModified":"2023-10-06T09:18:06+00:00","breadcrumb":{"@id":"https:\/\/3dgence.com\/pl\/uslugi-3d\/rendering-2\/#breadcrumb"},"inLanguage":"pl-PL","potentialAction":[{"@type":"ReadAction","target":["https:\/\/3dgence.com\/pl\/uslugi-3d\/rendering-2\/"]}]},{"@type":"ImageObject","inLanguage":"pl-PL","@id":"https:\/\/3dgence.com\/pl\/uslugi-3d\/rendering-2\/#primaryimage","url":"https:\/\/3dgence.com\/wp-content\/uploads\/2020\/02\/10.-FAMUR-e1582118982598.jpg","contentUrl":"https:\/\/3dgence.com\/wp-content\/uploads\/2020\/02\/10.-FAMUR-e1582118982598.jpg"},{"@type":"BreadcrumbList","@id":"https:\/\/3dgence.com\/pl\/uslugi-3d\/rendering-2\/#breadcrumb","itemListElement":[{"@type":"ListItem","position":1,"name":"Home","item":"https:\/\/3dgence.com\/pl\/"},{"@type":"ListItem","position":2,"name":"Us\u0142ugi 3D","item":"https:\/\/www.3dgence.com\/pl\/uslugi-3d\/"},{"@type":"ListItem","position":3,"name":"Renderowanie"}]},{"@type":"WebSite","@id":"https:\/\/3dgence.com\/pl\/#website","url":"https:\/\/3dgence.com\/pl\/","name":"3DGence","description":"Industrial 3D printing solutions","publisher":{"@id":"https:\/\/3dgence.com\/pl\/#organization"},"potentialAction":[{"@type":"SearchAction","target":{"@type":"EntryPoint","urlTemplate":"https:\/\/3dgence.com\/pl\/?s={search_term_string}"},"query-input":{"@type":"PropertyValueSpecification","valueRequired":true,"valueName":"search_term_string"}}],"inLanguage":"pl-PL"},{"@type":"Organization","@id":"https:\/\/3dgence.com\/pl\/#organization","name":"3DGENCE","url":"https:\/\/3dgence.com\/pl\/","logo":{"@type":"ImageObject","inLanguage":"pl-PL","@id":"https:\/\/3dgence.com\/pl\/#\/schema\/logo\/image\/","url":"https:\/\/3dgence.com\/wp-content\/uploads\/2020\/03\/3dgence_white_web.png","contentUrl":"https:\/\/3dgence.com\/wp-content\/uploads\/2020\/03\/3dgence_white_web.png","width":1200,"height":848,"caption":"3DGENCE"},"image":{"@id":"https:\/\/3dgence.com\/pl\/#\/schema\/logo\/image\/"},"sameAs":["https:\/\/www.facebook.com\/3dgence"]}]}},"_links":{"self":[{"href":"https:\/\/3dgence.com\/pl\/wp-json\/wp\/v2\/pages\/57177","targetHints":{"allow":["GET"]}}],"collection":[{"href":"https:\/\/3dgence.com\/pl\/wp-json\/wp\/v2\/pages"}],"about":[{"href":"https:\/\/3dgence.com\/pl\/wp-json\/wp\/v2\/types\/page"}],"author":[{"embeddable":true,"href":"https:\/\/3dgence.com\/pl\/wp-json\/wp\/v2\/users\/4"}],"replies":[{"embeddable":true,"href":"https:\/\/3dgence.com\/pl\/wp-json\/wp\/v2\/comments?post=57177"}],"version-history":[{"count":6,"href":"https:\/\/3dgence.com\/pl\/wp-json\/wp\/v2\/pages\/57177\/revisions"}],"predecessor-version":[{"id":57190,"href":"https:\/\/3dgence.com\/pl\/wp-json\/wp\/v2\/pages\/57177\/revisions\/57190"}],"up":[{"embeddable":true,"href":"https:\/\/3dgence.com\/pl\/wp-json\/wp\/v2\/pages\/10737"}],"wp:attachment":[{"href":"https:\/\/3dgence.com\/pl\/wp-json\/wp\/v2\/media?parent=57177"}],"curies":[{"name":"wp","href":"https:\/\/api.w.org\/{rel}","templated":true}]}}