{"id":6400,"date":"2020-01-30T08:26:29","date_gmt":"2020-01-30T07:26:29","guid":{"rendered":"https:\/\/3dgence.com\/?page_id=6400"},"modified":"2020-01-30T08:27:10","modified_gmt":"2020-01-30T07:27:10","slug":"projekty-unijne","status":"publish","type":"page","link":"https:\/\/3dgence.com\/pl\/projekty-unijne\/","title":{"rendered":"Projekty unijne"},"content":{"rendered":"\t\t<div data-elementor-type=\"wp-page\" data-elementor-id=\"6400\" class=\"elementor elementor-6400\" data-elementor-post-type=\"page\">\n\t\t\t\t\t\t<section class=\"elementor-section elementor-top-section elementor-element elementor-element-adaf7fb elementor-section-boxed elementor-section-height-default elementor-section-height-default\" data-id=\"adaf7fb\" data-element_type=\"section\">\n\t\t\t\t\t\t<div class=\"elementor-container elementor-column-gap-default\">\n\t\t\t\t\t<div class=\"elementor-column elementor-col-100 elementor-top-column elementor-element elementor-element-aeaaec3\" data-id=\"aeaaec3\" data-element_type=\"column\">\n\t\t\t<div class=\"elementor-widget-wrap\">\n\t\t\t\t\t\t\t<\/div>\n\t\t<\/div>\n\t\t\t\t\t<\/div>\n\t\t<\/section>\n\t\t\t\t<section class=\"elementor-section elementor-top-section elementor-element elementor-element-2c96c0c elementor-section-boxed elementor-section-height-default elementor-section-height-default\" data-id=\"2c96c0c\" data-element_type=\"section\">\n\t\t\t\t\t\t<div class=\"elementor-container elementor-column-gap-default\">\n\t\t\t\t\t<div class=\"elementor-column elementor-col-100 elementor-top-column elementor-element elementor-element-8544f84\" data-id=\"8544f84\" data-element_type=\"column\">\n\t\t\t<div class=\"elementor-widget-wrap elementor-element-populated\">\n\t\t\t\t\t\t<div class=\"elementor-element elementor-element-aa429d1 elementor-widget elementor-widget-spacer\" data-id=\"aa429d1\" data-element_type=\"widget\" data-widget_type=\"spacer.default\">\n\t\t\t\t<div class=\"elementor-widget-container\">\n\t\t\t\t\t\t\t<div class=\"elementor-spacer\">\n\t\t\t<div class=\"elementor-spacer-inner\"><\/div>\n\t\t<\/div>\n\t\t\t\t\t\t<\/div>\n\t\t\t\t<\/div>\n\t\t\t\t<div class=\"elementor-element elementor-element-e37239e elementor-widget elementor-widget-heading\" data-id=\"e37239e\" data-element_type=\"widget\" data-widget_type=\"heading.default\">\n\t\t\t\t<div class=\"elementor-widget-container\">\n\t\t\t\t\t<h2 class=\"elementor-heading-title elementor-size-default\"><span style=\"font-weight: 700;\">Projekt: <\/span><\/h2>\t\t\t\t<\/div>\n\t\t\t\t<\/div>\n\t\t\t\t<div class=\"elementor-element elementor-element-c60ae7d elementor-widget elementor-widget-heading\" data-id=\"c60ae7d\" data-element_type=\"widget\" data-widget_type=\"heading.default\">\n\t\t\t\t<div class=\"elementor-widget-container\">\n\t\t\t\t\t<h2 class=\"elementor-heading-title elementor-size-default\">Opracowanie innowacyjnego systemu przyrostowego wytwarzania element\u00f3w metalowych z u\u017cyciem filament\u00f3w z proszkami metali<\/h2>\t\t\t\t<\/div>\n\t\t\t\t<\/div>\n\t\t\t\t\t<\/div>\n\t\t<\/div>\n\t\t\t\t\t<\/div>\n\t\t<\/section>\n\t\t\t\t<section class=\"elementor-section elementor-top-section elementor-element elementor-element-97a3818 elementor-section-boxed elementor-section-height-default elementor-section-height-default\" data-id=\"97a3818\" data-element_type=\"section\">\n\t\t\t\t\t\t<div class=\"elementor-container elementor-column-gap-default\">\n\t\t\t\t\t<div class=\"elementor-column elementor-col-100 elementor-top-column elementor-element elementor-element-3a02712\" data-id=\"3a02712\" data-element_type=\"column\">\n\t\t\t<div class=\"elementor-widget-wrap elementor-element-populated\">\n\t\t\t\t\t\t<div class=\"elementor-element elementor-element-8e6a8e4 elementor-widget elementor-widget-text-editor\" data-id=\"8e6a8e4\" data-element_type=\"widget\" data-widget_type=\"text-editor.default\">\n\t\t\t\t<div class=\"elementor-widget-container\">\n\t\t\t\t\t\t\t\t\t<p style=\"font-weight: 400;\"><strong>Projekt wsp\u00f3\u0142finansowany ze \u015brodk\u00f3w Funduszy Europejskich w ramach Programu Operacyjnego Inteligentny Rozw\u00f3j, 2014-2020, Poddzia\u0142anie 1.1.1 \u201eBadania przemys\u0142owe i prace rozwojowe realizowane przez przedsi\u0119biorstwa\u201d<\/strong><\/p>\n<p style=\"font-weight: 400;\"><strong>O\u015b priorytetowa:<\/strong> Wsparcie prowadzenia prac B+R przez przedsi\u0119biorstwa<\/p>\n<p style=\"font-weight: 400;\"><strong>Dzia\u0142anie:<\/strong> Projekty B+R przedsi\u0119biorstw<\/p>\n<p style=\"font-weight: 400;\"><strong>Poddzia\u0142anie: <\/strong>Badania przemys\u0142owe i prace rozwojowe realizowane przez przedsi\u0119biorstwa<\/p>\n<p><b>Poziom dofinansowania: <\/b>3\u00a0879\u00a0733,49 z\u0142<\/p>\n<p><b>Warto\u015b\u0107 projektu:\u00a0<\/b>8 122 720,49 z\u0142<\/p>\n<p><span style=\"font-size: 18pt;\"><strong>Opis projektu:<\/strong><\/span><\/p>\n<p style=\"font-weight: 400;\">Projekt ma na celu opracowanie innowacyjnego systemu przyrostowego wytwarzania element\u00f3w metalowych wykorzystuj\u0105cego nowatorskie metody formowania i obr\u00f3bki ko\u0144cowej.\u00a0System wprowadza innowacje d\u0105\u017c\u0105ce do minimalizacji czasu przestoju urz\u0105dze\u0144 oraz pe\u0142n\u0105 integracj\u0119 z chmurowym zarz\u0105dzaniem prac\u0105 urz\u0105dze\u0144, wpisuj\u0105c\u0105 si\u0119 w trend \u201ePrzemys\u0142 4.0\u201d.<\/p>\n<p style=\"font-weight: 400;\">Produkt wdro\u017cony w wyniku Projektu b\u0119dzie oferowany jako zestaw urz\u0105dze\u0144 z oprogramowaniem (dalej: system). Odbiorcami b\u0119d\u0105 firmy z obszaru przemys\u0142u produkcyjnego, na rynku polskim i rynkach zagranicznych. Dzi\u0119ki realizacji Projektu zwi\u0119kszy si\u0119 dost\u0119pno\u015b\u0107 dla u\u017cytkownik\u00f3w takich system\u00f3w poprzez obni\u017cenie koszt\u00f3w wdro\u017cenia urz\u0105dze\u0144 przy jednoczesnym zachowaniu w\u0142asno\u015bci fizykochemicznych wytworzonych element\u00f3w.<\/p>\t\t\t\t\t\t\t\t<\/div>\n\t\t\t\t<\/div>\n\t\t\t\t\t<\/div>\n\t\t<\/div>\n\t\t\t\t\t<\/div>\n\t\t<\/section>\n\t\t\t\t<section class=\"elementor-section elementor-top-section elementor-element elementor-element-581afa4 elementor-section-boxed elementor-section-height-default elementor-section-height-default\" data-id=\"581afa4\" data-element_type=\"section\">\n\t\t\t\t\t\t<div class=\"elementor-container elementor-column-gap-default\">\n\t\t\t\t\t<div class=\"elementor-column elementor-col-100 elementor-top-column elementor-element elementor-element-bf40b73\" data-id=\"bf40b73\" data-element_type=\"column\">\n\t\t\t<div class=\"elementor-widget-wrap elementor-element-populated\">\n\t\t\t\t\t\t<div class=\"elementor-element elementor-element-41973b4 elementor-widget elementor-widget-image\" data-id=\"41973b4\" data-element_type=\"widget\" data-widget_type=\"image.default\">\n\t\t\t\t<div class=\"elementor-widget-container\">\n\t\t\t\t\t\t\t\t\t\t\t\t\t\t\t<img fetchpriority=\"high\" decoding=\"async\" width=\"5496\" height=\"756\" src=\"https:\/\/3dgence.com\/wp-content\/uploads\/2020\/01\/FE_POIR_poziom_pl-1_rgb.png\" class=\"attachment-full size-full wp-image-6688\" alt=\"\" srcset=\"https:\/\/3dgence.com\/wp-content\/uploads\/2020\/01\/FE_POIR_poziom_pl-1_rgb.png 5496w, https:\/\/3dgence.com\/wp-content\/uploads\/2020\/01\/FE_POIR_poziom_pl-1_rgb-1024x141.png 1024w, https:\/\/3dgence.com\/wp-content\/uploads\/2020\/01\/FE_POIR_poziom_pl-1_rgb-768x106.png 768w, https:\/\/3dgence.com\/wp-content\/uploads\/2020\/01\/FE_POIR_poziom_pl-1_rgb-1536x211.png 1536w, https:\/\/3dgence.com\/wp-content\/uploads\/2020\/01\/FE_POIR_poziom_pl-1_rgb-2048x282.png 2048w\" sizes=\"(max-width: 5496px) 100vw, 5496px\" \/>\t\t\t\t\t\t\t\t\t\t\t\t\t\t\t<\/div>\n\t\t\t\t<\/div>\n\t\t\t\t\t<\/div>\n\t\t<\/div>\n\t\t\t\t\t<\/div>\n\t\t<\/section>\n\t\t\t\t<section class=\"elementor-section elementor-top-section elementor-element elementor-element-b842e59 elementor-section-boxed elementor-section-height-default elementor-section-height-default\" data-id=\"b842e59\" data-element_type=\"section\">\n\t\t\t\t\t\t<div class=\"elementor-container elementor-column-gap-default\">\n\t\t\t\t\t<div class=\"elementor-column elementor-col-100 elementor-top-column elementor-element elementor-element-e235fab\" data-id=\"e235fab\" data-element_type=\"column\">\n\t\t\t<div class=\"elementor-widget-wrap elementor-element-populated\">\n\t\t\t\t\t\t<div class=\"elementor-element elementor-element-794aba7 elementor-widget elementor-widget-spacer\" data-id=\"794aba7\" data-element_type=\"widget\" data-widget_type=\"spacer.default\">\n\t\t\t\t<div class=\"elementor-widget-container\">\n\t\t\t\t\t\t\t<div class=\"elementor-spacer\">\n\t\t\t<div class=\"elementor-spacer-inner\"><\/div>\n\t\t<\/div>\n\t\t\t\t\t\t<\/div>\n\t\t\t\t<\/div>\n\t\t\t\t<div class=\"elementor-element elementor-element-060a481 elementor-widget-divider--view-line elementor-widget elementor-widget-divider\" data-id=\"060a481\" data-element_type=\"widget\" data-widget_type=\"divider.default\">\n\t\t\t\t<div class=\"elementor-widget-container\">\n\t\t\t\t\t\t\t<div class=\"elementor-divider\">\n\t\t\t<span class=\"elementor-divider-separator\">\n\t\t\t\t\t\t<\/span>\n\t\t<\/div>\n\t\t\t\t\t\t<\/div>\n\t\t\t\t<\/div>\n\t\t\t\t<div class=\"elementor-element elementor-element-02c9688 elementor-widget elementor-widget-spacer\" data-id=\"02c9688\" data-element_type=\"widget\" data-widget_type=\"spacer.default\">\n\t\t\t\t<div class=\"elementor-widget-container\">\n\t\t\t\t\t\t\t<div class=\"elementor-spacer\">\n\t\t\t<div class=\"elementor-spacer-inner\"><\/div>\n\t\t<\/div>\n\t\t\t\t\t\t<\/div>\n\t\t\t\t<\/div>\n\t\t\t\t\t<\/div>\n\t\t<\/div>\n\t\t\t\t\t<\/div>\n\t\t<\/section>\n\t\t\t\t<section class=\"elementor-section elementor-top-section elementor-element elementor-element-417b8be elementor-section-boxed elementor-section-height-default elementor-section-height-default\" data-id=\"417b8be\" data-element_type=\"section\">\n\t\t\t\t\t\t<div class=\"elementor-container elementor-column-gap-default\">\n\t\t\t\t\t<div class=\"elementor-column elementor-col-100 elementor-top-column elementor-element elementor-element-66cb427\" data-id=\"66cb427\" data-element_type=\"column\">\n\t\t\t<div class=\"elementor-widget-wrap elementor-element-populated\">\n\t\t\t\t\t\t<div class=\"elementor-element elementor-element-c985a83 elementor-widget elementor-widget-heading\" data-id=\"c985a83\" data-element_type=\"widget\" data-widget_type=\"heading.default\">\n\t\t\t\t<div class=\"elementor-widget-container\">\n\t\t\t\t\t<h2 class=\"elementor-heading-title elementor-size-default\"><span style=\"font-weight: 700; font-size: 2rem;\">Projekt:<\/span><br>Zwi\u0119kszenie skali prac badawczo-rozwojowych poprzez rozw\u00f3j infrastruktury 3DGence <br>Sp. z o.o. s\u0142u\u017c\u0105cej opracowaniu nowych system\u00f3w wytwarzania przyrostowego detali<\/h2>\t\t\t\t<\/div>\n\t\t\t\t<\/div>\n\t\t\t\t\t<\/div>\n\t\t<\/div>\n\t\t\t\t\t<\/div>\n\t\t<\/section>\n\t\t\t\t<section class=\"elementor-section elementor-top-section elementor-element elementor-element-ccf3f04 elementor-section-boxed elementor-section-height-default elementor-section-height-default\" data-id=\"ccf3f04\" data-element_type=\"section\">\n\t\t\t\t\t\t<div class=\"elementor-container elementor-column-gap-default\">\n\t\t\t\t\t<div class=\"elementor-column elementor-col-100 elementor-top-column elementor-element elementor-element-f285e3a\" data-id=\"f285e3a\" data-element_type=\"column\">\n\t\t\t<div class=\"elementor-widget-wrap elementor-element-populated\">\n\t\t\t\t\t\t<div class=\"elementor-element elementor-element-a3b0ed3 elementor-widget elementor-widget-text-editor\" data-id=\"a3b0ed3\" data-element_type=\"widget\" data-widget_type=\"text-editor.default\">\n\t\t\t\t<div class=\"elementor-widget-container\">\n\t\t\t\t\t\t\t\t\t<p style=\"font-weight: 400;\"><strong>Projekt dofinansowany jest ze \u015brodk\u00f3w Unii Europejskiej w ramach Programu Operacyjnego Inteligentny Rozw\u00f3j, 2. O\u015b priorytetowa Wsparcie otoczenia i potencja\u0142u przedsi\u0119biorstw do prowadzenia dzia\u0142alno\u015bci B+R+I, Dzia\u0142anie 2.1 Wsparcie inwestycji w infrastruktur\u0119 B+R przedsi\u0119biorstw, przez 3DGence Sp. z o.o.<\/strong><\/p>\n<p style=\"font-weight: 400;\"><strong>O\u015b priorytetowa:<\/strong> Wsparcie otoczenia i potencja\u0142u przedsi\u0119biorstw do prowadzenia dzia\u0142ano\u015bci B+R+I<\/p>\n<p style=\"font-weight: 400;\"><strong>Dzia\u0142anie:<\/strong> Wsparcie inwestycji w infrastruktur\u0119 B+R przedsi\u0119biorstw<\/p>\n<p style=\"font-weight: 400;\"><strong>Poddzia\u0142anie: <\/strong>Badania przemys\u0142owe i prace rozwojowe realizowane przez przedsi\u0119biorstwa<\/p>\n<p><b>Poziom dofinansowania: <\/b>777 611,58 z\u0142<\/p>\n<p><b>Warto\u015b\u0107 projektu:\u00a0<\/b>3 825 848,95 z\u0142<\/p>\n<p><span style=\"font-size: 14pt;\"><strong>Opis projektu:<\/strong><\/span><\/p>\n<p style=\"font-weight: 400;\">Przedsi\u0119wzi\u0119cie zak\u0142ada zakup \u015brodk\u00f3w trwa\u0142ych w postaci specjalistycznego systemu wytwarzania przyrostowego spiek\u00f3w metali w technologii DMLS wraz z osprz\u0119tem, wyposa\u017ceniem pomiarowym, oprzyrz\u0105dowaniem do obr\u00f3bki metodami ubytkowymi oraz wyposa\u017ceniem stanowisk pracy wraz z komputerowymi stacjami roboczymi i niezb\u0119dnym oprogramowaniem in\u017cynierskim. W wyniku realizacji projektu stworzone zostan\u0105 warunki materialne do przeprowadzenia prac B+R. Badania prowadzone b\u0119d\u0105 przez do\u015bwiadczonych specjalist\u00f3w we wsp\u00f3\u0142pracy z jednostkami naukowymi, dzi\u0119ki czemu Wnioskodawca zyska zdolno\u015b\u0107 do transferu wiedzy i technologii z obszaru technologii drukarek 3D. W ramach projektu powstanie innowacyjne urz\u0105dzenie do przyrostowego formowania modeli z metalu w oparciu o technologi\u0119 addytywnego wytwarzania element\u00f3w metalowych oraz urz\u0105dzenie do przyrostowego formowania modeli z tworzyw sztucznych.<\/p>\t\t\t\t\t\t\t\t<\/div>\n\t\t\t\t<\/div>\n\t\t\t\t<div class=\"elementor-element elementor-element-72fcbc7 elementor-widget elementor-widget-image\" data-id=\"72fcbc7\" data-element_type=\"widget\" data-widget_type=\"image.default\">\n\t\t\t\t<div class=\"elementor-widget-container\">\n\t\t\t\t\t\t\t\t\t\t\t\t\t\t\t<img fetchpriority=\"high\" decoding=\"async\" width=\"5496\" height=\"756\" src=\"https:\/\/3dgence.com\/wp-content\/uploads\/2020\/01\/FE_POIR_poziom_pl-1_rgb.png\" class=\"attachment-full size-full wp-image-6688\" alt=\"\" srcset=\"https:\/\/3dgence.com\/wp-content\/uploads\/2020\/01\/FE_POIR_poziom_pl-1_rgb.png 5496w, https:\/\/3dgence.com\/wp-content\/uploads\/2020\/01\/FE_POIR_poziom_pl-1_rgb-1024x141.png 1024w, https:\/\/3dgence.com\/wp-content\/uploads\/2020\/01\/FE_POIR_poziom_pl-1_rgb-768x106.png 768w, https:\/\/3dgence.com\/wp-content\/uploads\/2020\/01\/FE_POIR_poziom_pl-1_rgb-1536x211.png 1536w, https:\/\/3dgence.com\/wp-content\/uploads\/2020\/01\/FE_POIR_poziom_pl-1_rgb-2048x282.png 2048w\" sizes=\"(max-width: 5496px) 100vw, 5496px\" \/>\t\t\t\t\t\t\t\t\t\t\t\t\t\t\t<\/div>\n\t\t\t\t<\/div>\n\t\t\t\t<div class=\"elementor-element elementor-element-5f9ac9b elementor-widget elementor-widget-spacer\" data-id=\"5f9ac9b\" data-element_type=\"widget\" data-widget_type=\"spacer.default\">\n\t\t\t\t<div class=\"elementor-widget-container\">\n\t\t\t\t\t\t\t<div class=\"elementor-spacer\">\n\t\t\t<div class=\"elementor-spacer-inner\"><\/div>\n\t\t<\/div>\n\t\t\t\t\t\t<\/div>\n\t\t\t\t<\/div>\n\t\t\t\t\t<\/div>\n\t\t<\/div>\n\t\t\t\t\t<\/div>\n\t\t<\/section>\n\t\t\t\t<\/div>\n\t\t","protected":false},"excerpt":{"rendered":"<p>Projekt: Opracowanie innowacyjnego systemu przyrostowego wytwarzania element\u00f3w metalowych z u\u017cyciem filament\u00f3w z proszkami metali Projekt wsp\u00f3\u0142finansowany ze \u015brodk\u00f3w Funduszy Europejskich w ramach Programu Operacyjnego Inteligentny Rozw\u00f3j, 2014-2020, Poddzia\u0142anie 1.1.1 \u201eBadania przemys\u0142owe i prace rozwojowe realizowane przez przedsi\u0119biorstwa\u201d O\u015b priorytetowa: Wsparcie prowadzenia prac B+R przez przedsi\u0119biorstwa Dzia\u0142anie: Projekty B+R przedsi\u0119biorstw Poddzia\u0142anie: Badania przemys\u0142owe i prace rozwojowe [&hellip;]<\/p>\n","protected":false},"author":4,"featured_media":0,"parent":0,"menu_order":0,"comment_status":"closed","ping_status":"closed","template":"elementor_header_footer","meta":{"_acf_changed":false,"footnotes":""},"class_list":["post-6400","page","type-page","status-publish","hentry"],"acf":[],"yoast_head":"<!-- This site is optimized with the Yoast SEO Premium plugin v24.8 (Yoast SEO v24.8.1) - https:\/\/yoast.com\/wordpress\/plugins\/seo\/ -->\n<title>Projekty unijne - 3DGence<\/title>\n<meta name=\"robots\" content=\"index, follow, max-snippet:-1, max-image-preview:large, max-video-preview:-1\" \/>\n<link rel=\"canonical\" href=\"https:\/\/3dgence.com\/pl\/projekty-unijne\/\" \/>\n<meta property=\"og:locale\" content=\"pl_PL\" \/>\n<meta property=\"og:type\" content=\"article\" \/>\n<meta property=\"og:title\" content=\"Projekty unijne\" \/>\n<meta property=\"og:description\" content=\"Projekt: Opracowanie innowacyjnego systemu przyrostowego wytwarzania element\u00f3w metalowych z u\u017cyciem filament\u00f3w z proszkami metali Projekt wsp\u00f3\u0142finansowany ze \u015brodk\u00f3w Funduszy Europejskich w ramach Programu Operacyjnego Inteligentny Rozw\u00f3j, 2014-2020, Poddzia\u0142anie 1.1.1 \u201eBadania przemys\u0142owe i prace rozwojowe realizowane przez przedsi\u0119biorstwa\u201d O\u015b priorytetowa: Wsparcie prowadzenia prac B+R przez przedsi\u0119biorstwa Dzia\u0142anie: Projekty B+R przedsi\u0119biorstw Poddzia\u0142anie: Badania przemys\u0142owe i prace rozwojowe [&hellip;]\" \/>\n<meta property=\"og:url\" content=\"https:\/\/3dgence.com\/pl\/projekty-unijne\/\" \/>\n<meta property=\"og:site_name\" content=\"3DGence\" \/>\n<meta property=\"article:publisher\" content=\"https:\/\/www.facebook.com\/3dgence\" \/>\n<meta property=\"article:modified_time\" content=\"2020-01-30T07:27:10+00:00\" \/>\n<meta property=\"og:image\" content=\"https:\/\/3dgence.com\/wp-content\/uploads\/2020\/01\/FE_POIR_poziom_pl-1_rgb.png\" \/>\n<meta name=\"twitter:card\" content=\"summary_large_image\" \/>\n<meta name=\"twitter:label1\" content=\"Szacowany czas czytania\" \/>\n\t<meta name=\"twitter:data1\" content=\"2 minuty\" \/>\n<script type=\"application\/ld+json\" class=\"yoast-schema-graph\">{\"@context\":\"https:\/\/schema.org\",\"@graph\":[{\"@type\":\"WebPage\",\"@id\":\"https:\/\/3dgence.com\/pl\/projekty-unijne\/\",\"url\":\"https:\/\/3dgence.com\/pl\/projekty-unijne\/\",\"name\":\"Projekty unijne - 3DGence\",\"isPartOf\":{\"@id\":\"https:\/\/www.3dgence.com\/pl\/#website\"},\"primaryImageOfPage\":{\"@id\":\"https:\/\/3dgence.com\/pl\/projekty-unijne\/#primaryimage\"},\"image\":{\"@id\":\"https:\/\/3dgence.com\/pl\/projekty-unijne\/#primaryimage\"},\"thumbnailUrl\":\"https:\/\/3dgence.com\/wp-content\/uploads\/2020\/01\/FE_POIR_poziom_pl-1_rgb.png\",\"datePublished\":\"2020-01-30T07:26:29+00:00\",\"dateModified\":\"2020-01-30T07:27:10+00:00\",\"breadcrumb\":{\"@id\":\"https:\/\/3dgence.com\/pl\/projekty-unijne\/#breadcrumb\"},\"inLanguage\":\"pl-PL\",\"potentialAction\":[{\"@type\":\"ReadAction\",\"target\":[\"https:\/\/3dgence.com\/pl\/projekty-unijne\/\"]}]},{\"@type\":\"ImageObject\",\"inLanguage\":\"pl-PL\",\"@id\":\"https:\/\/3dgence.com\/pl\/projekty-unijne\/#primaryimage\",\"url\":\"https:\/\/3dgence.com\/wp-content\/uploads\/2020\/01\/FE_POIR_poziom_pl-1_rgb.png\",\"contentUrl\":\"https:\/\/3dgence.com\/wp-content\/uploads\/2020\/01\/FE_POIR_poziom_pl-1_rgb.png\"},{\"@type\":\"BreadcrumbList\",\"@id\":\"https:\/\/3dgence.com\/pl\/projekty-unijne\/#breadcrumb\",\"itemListElement\":[{\"@type\":\"ListItem\",\"position\":1,\"name\":\"Home\",\"item\":\"https:\/\/3dgence.com\/pl\/\"},{\"@type\":\"ListItem\",\"position\":2,\"name\":\"Projekty unijne\"}]},{\"@type\":\"WebSite\",\"@id\":\"https:\/\/www.3dgence.com\/pl\/#website\",\"url\":\"https:\/\/www.3dgence.com\/pl\/\",\"name\":\"3DGence\",\"description\":\"Industrial 3D printing solutions\",\"publisher\":{\"@id\":\"https:\/\/www.3dgence.com\/pl\/#organization\"},\"potentialAction\":[{\"@type\":\"SearchAction\",\"target\":{\"@type\":\"EntryPoint\",\"urlTemplate\":\"https:\/\/www.3dgence.com\/pl\/?s={search_term_string}\"},\"query-input\":{\"@type\":\"PropertyValueSpecification\",\"valueRequired\":true,\"valueName\":\"search_term_string\"}}],\"inLanguage\":\"pl-PL\"},{\"@type\":\"Organization\",\"@id\":\"https:\/\/www.3dgence.com\/pl\/#organization\",\"name\":\"3DGENCE\",\"url\":\"https:\/\/www.3dgence.com\/pl\/\",\"logo\":{\"@type\":\"ImageObject\",\"inLanguage\":\"pl-PL\",\"@id\":\"https:\/\/www.3dgence.com\/pl\/#\/schema\/logo\/image\/\",\"url\":\"https:\/\/3dgence.com\/wp-content\/uploads\/2020\/03\/3dgence_white_web.png\",\"contentUrl\":\"https:\/\/3dgence.com\/wp-content\/uploads\/2020\/03\/3dgence_white_web.png\",\"width\":1200,\"height\":848,\"caption\":\"3DGENCE\"},\"image\":{\"@id\":\"https:\/\/www.3dgence.com\/pl\/#\/schema\/logo\/image\/\"},\"sameAs\":[\"https:\/\/www.facebook.com\/3dgence\"]}]}<\/script>\n<!-- \/ Yoast SEO Premium plugin. -->","yoast_head_json":{"title":"Projekty unijne - 3DGence","robots":{"index":"index","follow":"follow","max-snippet":"max-snippet:-1","max-image-preview":"max-image-preview:large","max-video-preview":"max-video-preview:-1"},"canonical":"https:\/\/3dgence.com\/pl\/projekty-unijne\/","og_locale":"pl_PL","og_type":"article","og_title":"Projekty unijne","og_description":"Projekt: Opracowanie innowacyjnego systemu przyrostowego wytwarzania element\u00f3w metalowych z u\u017cyciem filament\u00f3w z proszkami metali Projekt wsp\u00f3\u0142finansowany ze \u015brodk\u00f3w Funduszy Europejskich w ramach Programu Operacyjnego Inteligentny Rozw\u00f3j, 2014-2020, Poddzia\u0142anie 1.1.1 \u201eBadania przemys\u0142owe i prace rozwojowe realizowane przez przedsi\u0119biorstwa\u201d O\u015b priorytetowa: Wsparcie prowadzenia prac B+R przez przedsi\u0119biorstwa Dzia\u0142anie: Projekty B+R przedsi\u0119biorstw Poddzia\u0142anie: Badania przemys\u0142owe i prace rozwojowe [&hellip;]","og_url":"https:\/\/3dgence.com\/pl\/projekty-unijne\/","og_site_name":"3DGence","article_publisher":"https:\/\/www.facebook.com\/3dgence","article_modified_time":"2020-01-30T07:27:10+00:00","og_image":[{"url":"https:\/\/3dgence.com\/wp-content\/uploads\/2020\/01\/FE_POIR_poziom_pl-1_rgb.png","type":"","width":"","height":""}],"twitter_card":"summary_large_image","twitter_misc":{"Szacowany czas czytania":"2 minuty"},"schema":{"@context":"https:\/\/schema.org","@graph":[{"@type":"WebPage","@id":"https:\/\/3dgence.com\/pl\/projekty-unijne\/","url":"https:\/\/3dgence.com\/pl\/projekty-unijne\/","name":"Projekty unijne - 3DGence","isPartOf":{"@id":"https:\/\/www.3dgence.com\/pl\/#website"},"primaryImageOfPage":{"@id":"https:\/\/3dgence.com\/pl\/projekty-unijne\/#primaryimage"},"image":{"@id":"https:\/\/3dgence.com\/pl\/projekty-unijne\/#primaryimage"},"thumbnailUrl":"https:\/\/3dgence.com\/wp-content\/uploads\/2020\/01\/FE_POIR_poziom_pl-1_rgb.png","datePublished":"2020-01-30T07:26:29+00:00","dateModified":"2020-01-30T07:27:10+00:00","breadcrumb":{"@id":"https:\/\/3dgence.com\/pl\/projekty-unijne\/#breadcrumb"},"inLanguage":"pl-PL","potentialAction":[{"@type":"ReadAction","target":["https:\/\/3dgence.com\/pl\/projekty-unijne\/"]}]},{"@type":"ImageObject","inLanguage":"pl-PL","@id":"https:\/\/3dgence.com\/pl\/projekty-unijne\/#primaryimage","url":"https:\/\/3dgence.com\/wp-content\/uploads\/2020\/01\/FE_POIR_poziom_pl-1_rgb.png","contentUrl":"https:\/\/3dgence.com\/wp-content\/uploads\/2020\/01\/FE_POIR_poziom_pl-1_rgb.png"},{"@type":"BreadcrumbList","@id":"https:\/\/3dgence.com\/pl\/projekty-unijne\/#breadcrumb","itemListElement":[{"@type":"ListItem","position":1,"name":"Home","item":"https:\/\/3dgence.com\/pl\/"},{"@type":"ListItem","position":2,"name":"Projekty unijne"}]},{"@type":"WebSite","@id":"https:\/\/www.3dgence.com\/pl\/#website","url":"https:\/\/www.3dgence.com\/pl\/","name":"3DGence","description":"Industrial 3D printing solutions","publisher":{"@id":"https:\/\/www.3dgence.com\/pl\/#organization"},"potentialAction":[{"@type":"SearchAction","target":{"@type":"EntryPoint","urlTemplate":"https:\/\/www.3dgence.com\/pl\/?s={search_term_string}"},"query-input":{"@type":"PropertyValueSpecification","valueRequired":true,"valueName":"search_term_string"}}],"inLanguage":"pl-PL"},{"@type":"Organization","@id":"https:\/\/www.3dgence.com\/pl\/#organization","name":"3DGENCE","url":"https:\/\/www.3dgence.com\/pl\/","logo":{"@type":"ImageObject","inLanguage":"pl-PL","@id":"https:\/\/www.3dgence.com\/pl\/#\/schema\/logo\/image\/","url":"https:\/\/3dgence.com\/wp-content\/uploads\/2020\/03\/3dgence_white_web.png","contentUrl":"https:\/\/3dgence.com\/wp-content\/uploads\/2020\/03\/3dgence_white_web.png","width":1200,"height":848,"caption":"3DGENCE"},"image":{"@id":"https:\/\/www.3dgence.com\/pl\/#\/schema\/logo\/image\/"},"sameAs":["https:\/\/www.facebook.com\/3dgence"]}]}},"_links":{"self":[{"href":"https:\/\/3dgence.com\/pl\/wp-json\/wp\/v2\/pages\/6400","targetHints":{"allow":["GET"]}}],"collection":[{"href":"https:\/\/3dgence.com\/pl\/wp-json\/wp\/v2\/pages"}],"about":[{"href":"https:\/\/3dgence.com\/pl\/wp-json\/wp\/v2\/types\/page"}],"author":[{"embeddable":true,"href":"https:\/\/3dgence.com\/pl\/wp-json\/wp\/v2\/users\/4"}],"replies":[{"embeddable":true,"href":"https:\/\/3dgence.com\/pl\/wp-json\/wp\/v2\/comments?post=6400"}],"version-history":[{"count":0,"href":"https:\/\/3dgence.com\/pl\/wp-json\/wp\/v2\/pages\/6400\/revisions"}],"wp:attachment":[{"href":"https:\/\/3dgence.com\/pl\/wp-json\/wp\/v2\/media?parent=6400"}],"curies":[{"name":"wp","href":"https:\/\/api.w.org\/{rel}","templated":true}]}}