{"id":8961,"date":"2020-02-21T09:05:17","date_gmt":"2020-02-21T08:05:17","guid":{"rendered":"https:\/\/3dgence.com\/?page_id=8961"},"modified":"2024-03-21T13:13:29","modified_gmt":"2024-03-21T12:13:29","slug":"obrobka-wydrukow-3d","status":"publish","type":"page","link":"https:\/\/3dgence.com\/pl\/uslugi-3d\/obrobka-wydrukow-3d\/","title":{"rendered":"Obr\u00f3bka wydruk\u00f3w 3D"},"content":{"rendered":"\t\t<div data-elementor-type=\"wp-page\" data-elementor-id=\"8961\" class=\"elementor elementor-8961 elementor-13447\" data-elementor-post-type=\"page\">\n\t\t\t\t\t\t<section class=\"elementor-section elementor-top-section elementor-element elementor-element-69aacb9e elementor-section-height-min-height nakladka elementor-section-content-middle elementor-section-boxed elementor-section-height-default elementor-section-items-middle\" data-id=\"69aacb9e\" data-element_type=\"section\" data-settings=\"{&quot;background_background&quot;:&quot;classic&quot;}\">\n\t\t\t\t\t\t\t<div class=\"elementor-background-overlay\"><\/div>\n\t\t\t\t\t\t\t<div class=\"elementor-container elementor-column-gap-default\">\n\t\t\t\t\t<div class=\"elementor-column elementor-col-50 elementor-top-column elementor-element elementor-element-7dfc9bcd\" data-id=\"7dfc9bcd\" data-element_type=\"column\">\n\t\t\t<div class=\"elementor-widget-wrap\">\n\t\t\t\t\t\t\t<\/div>\n\t\t<\/div>\n\t\t\t\t<div class=\"elementor-column elementor-col-50 elementor-top-column elementor-element elementor-element-29283ab0 elementor-hidden-tablet elementor-hidden-phone\" data-id=\"29283ab0\" data-element_type=\"column\">\n\t\t\t<div class=\"elementor-widget-wrap\">\n\t\t\t\t\t\t\t<\/div>\n\t\t<\/div>\n\t\t\t\t\t<\/div>\n\t\t<\/section>\n\t\t\t\t<section class=\"elementor-section elementor-top-section elementor-element elementor-element-4a44a9d6 elementor-section-boxed elementor-section-height-default elementor-section-height-default\" data-id=\"4a44a9d6\" data-element_type=\"section\">\n\t\t\t\t\t\t<div class=\"elementor-container elementor-column-gap-default\">\n\t\t\t\t\t<div class=\"elementor-column elementor-col-50 elementor-top-column elementor-element elementor-element-3044e088\" data-id=\"3044e088\" data-element_type=\"column\">\n\t\t\t<div class=\"elementor-widget-wrap elementor-element-populated\">\n\t\t\t\t\t\t<section class=\"elementor-section elementor-inner-section elementor-element elementor-element-25517efa elementor-section-boxed elementor-section-height-default elementor-section-height-default\" data-id=\"25517efa\" data-element_type=\"section\">\n\t\t\t\t\t\t<div class=\"elementor-container elementor-column-gap-default\">\n\t\t\t\t\t<div class=\"elementor-column elementor-col-100 elementor-inner-column elementor-element elementor-element-678403c0\" data-id=\"678403c0\" data-element_type=\"column\">\n\t\t\t<div class=\"elementor-widget-wrap elementor-element-populated\">\n\t\t\t\t\t\t<div class=\"elementor-element elementor-element-73547ec elementor-widget elementor-widget-heading\" data-id=\"73547ec\" data-element_type=\"widget\" data-widget_type=\"heading.default\">\n\t\t\t\t<div class=\"elementor-widget-container\">\n\t\t\t\t\t<h1 class=\"elementor-heading-title elementor-size-default\">Obr\u00f3bka wydruk\u00f3w 3D<\/h1>\t\t\t\t<\/div>\n\t\t\t\t<\/div>\n\t\t\t\t<div class=\"elementor-element elementor-element-71054b4 elementor-widget elementor-widget-text-editor\" data-id=\"71054b4\" data-element_type=\"widget\" data-widget_type=\"text-editor.default\">\n\t\t\t\t<div class=\"elementor-widget-container\">\n\t\t\t\t\t\t\t\t\t<h2><span style=\"font-size: 14pt;\">\u2022 Darmowa konsultacja i wydruk pr\u00f3bny<\/span><\/h2>\n<h2><span style=\"font-size: 14pt;\">\u2022 Wykonujemy makiety i projekty ekspozycyjne<\/span><\/h2>\n<h2><span style=\"font-size: 14pt;\">\u2022 \u0141\u0105czymy wydrukowane elementy z cz\u0119\u015bciami metalowymi<\/span><\/h2>\n<h2><span style=\"font-size: 14pt;\">\u2022 Szpachlujemy, wyg\u0142adzamy i lakierujemy gotowe wydruki<\/span><\/h2>\n<h2><span style=\"font-size: 14pt;\">\u2022 Wykonujemy niestandardowe projekty na \u017cyczenie klienta<\/span><\/h2>\n\t\t\t\t\t\t\t\t<\/div>\n\t\t\t\t<\/div>\n\t\t\t\t<div class=\"elementor-element elementor-element-df14d9d elementor-widget elementor-widget-text-editor\" data-id=\"df14d9d\" data-element_type=\"widget\" data-widget_type=\"text-editor.default\">\n\t\t\t\t<div class=\"elementor-widget-container\">\n\t\t\t\t\t\t\t\t\t<p><span style=\"font-size: 24pt;\"><strong>Zadzwo\u0144 do nas:<\/strong><\/span><\/p>\n<p><span style=\"font-size: 18pt;\">+48 517 921 768<\/span><\/p>\n<p>\u00a0<\/p>\n<p><strong><span style=\"font-size: 24pt;\">Napisz do nas:<\/span><\/strong><\/p>\n<p><span style=\"font-size: 18pt;\">3dservices@3dgence.com<\/span><\/p>\t\t\t\t\t\t\t\t<\/div>\n\t\t\t\t<\/div>\n\t\t\t\t\t<\/div>\n\t\t<\/div>\n\t\t\t\t\t<\/div>\n\t\t<\/section>\n\t\t\t\t\t<\/div>\n\t\t<\/div>\n\t\t\t\t<div class=\"elementor-column elementor-col-50 elementor-top-column elementor-element elementor-element-fef547a shadow-box\" data-id=\"fef547a\" data-element_type=\"column\" data-settings=\"{&quot;background_background&quot;:&quot;classic&quot;}\">\n\t\t\t<div class=\"elementor-widget-wrap elementor-element-populated\">\n\t\t\t\t\t\t<section class=\"elementor-section elementor-inner-section elementor-element elementor-element-ec849bf elementor-section-boxed elementor-section-height-default elementor-section-height-default\" data-id=\"ec849bf\" data-element_type=\"section\" data-settings=\"{&quot;background_background&quot;:&quot;classic&quot;}\">\n\t\t\t\t\t\t\t<div class=\"elementor-background-overlay\"><\/div>\n\t\t\t\t\t\t\t<div class=\"elementor-container elementor-column-gap-default\">\n\t\t\t\t\t<div class=\"elementor-column elementor-col-100 elementor-inner-column elementor-element elementor-element-0b21a63\" data-id=\"0b21a63\" data-element_type=\"column\">\n\t\t\t<div class=\"elementor-widget-wrap elementor-element-populated\">\n\t\t\t\t\t\t<div class=\"elementor-element elementor-element-c65aec4 elementor-widget elementor-widget-heading\" data-id=\"c65aec4\" data-element_type=\"widget\" data-widget_type=\"heading.default\">\n\t\t\t\t<div class=\"elementor-widget-container\">\n\t\t\t\t\t<h2 class=\"elementor-heading-title elementor-size-default\">Otrzymaj bezp\u0142atn\u0105 wycen\u0119<\/h2>\t\t\t\t<\/div>\n\t\t\t\t<\/div>\n\t\t\t\t<div class=\"elementor-element elementor-element-41009f1 elementor-widget elementor-widget-shortcode\" data-id=\"41009f1\" data-element_type=\"widget\" data-widget_type=\"shortcode.default\">\n\t\t\t\t<div class=\"elementor-widget-container\">\n\t\t\t\t\t\t\t<div class=\"elementor-shortcode\">\n<div class=\"wpcf7 no-js\" id=\"wpcf7-f8927-o1\" lang=\"en-GB\" dir=\"ltr\" data-wpcf7-id=\"8927\">\n<div class=\"screen-reader-response\"><p role=\"status\" aria-live=\"polite\" aria-atomic=\"true\"><\/p> <ul><\/ul><\/div>\n<form action=\"\/pl\/wp-json\/wp\/v2\/pages\/8961#wpcf7-f8927-o1\" method=\"post\" class=\"wpcf7-form init\" aria-label=\"Contact form\" novalidate=\"novalidate\" data-status=\"init\">\n<div style=\"display: none;\">\n<input type=\"hidden\" name=\"_wpcf7\" value=\"8927\" \/>\n<input type=\"hidden\" name=\"_wpcf7_version\" value=\"6.0.6\" \/>\n<input type=\"hidden\" name=\"_wpcf7_locale\" value=\"en_GB\" \/>\n<input type=\"hidden\" name=\"_wpcf7_unit_tag\" value=\"wpcf7-f8927-o1\" \/>\n<input type=\"hidden\" name=\"_wpcf7_container_post\" value=\"0\" \/>\n<input type=\"hidden\" name=\"_wpcf7_posted_data_hash\" value=\"\" \/>\n<input type=\"hidden\" name=\"_wpcf7_recaptcha_response\" value=\"\" \/>\n<\/div>\n<div class=\"col-lg=12\">\n\t<div class=\"row\">\n\t\t<div class=\"col-12\">\n\t\t\t<p><span class=\"wpcf7-form-control-wrap\" data-name=\"your-name\"><input size=\"40\" maxlength=\"400\" class=\"wpcf7-form-control wpcf7-text wpcf7-validates-as-required w-100 mb-2 border p-2 pl-3 text-dark\" aria-required=\"true\" aria-invalid=\"false\" placeholder=\"Imi\u0119 i nazwisko*\" value=\"\" type=\"text\" name=\"your-name\" \/><\/span>\n\t\t\t<\/p>\n\t\t<\/div>\n\t\t<div class=\"col-12\">\n\t\t\t<p><span class=\"wpcf7-form-control-wrap\" data-name=\"your-company\"><input size=\"40\" maxlength=\"400\" class=\"wpcf7-form-control wpcf7-text wpcf7-validates-as-required w-100 mb-2 border p-2 pl-3 text-dark\" aria-required=\"true\" aria-invalid=\"false\" placeholder=\"Firma*\" value=\"\" type=\"text\" name=\"your-company\" \/><\/span>\n\t\t\t<\/p>\n\t\t<\/div>\n\t\t<div class=\"col-12\">\n\t\t\t<p><span class=\"wpcf7-form-control-wrap\" data-name=\"your-email-company\"><input size=\"40\" maxlength=\"400\" class=\"wpcf7-form-control wpcf7-email wpcf7-validates-as-required wpcf7-text wpcf7-validates-as-email w-100 mb-2 border p-2 pl-3 text-dark\" aria-required=\"true\" aria-invalid=\"false\" placeholder=\"Firmowy E-mail*\" value=\"\" type=\"email\" name=\"your-email-company\" \/><\/span>\n\t\t\t<\/p>\n\t\t<\/div>\n\t\t<div class=\"col-12\">\n\t\t\t<p><span class=\"wpcf7-form-control-wrap\" data-name=\"tel\"><input size=\"40\" maxlength=\"400\" class=\"wpcf7-form-control wpcf7-tel wpcf7-validates-as-required wpcf7-text wpcf7-validates-as-tel w-100 mb-2 border p-2 pl-3 text-dark\" aria-required=\"true\" aria-invalid=\"false\" placeholder=\"Numer telefonu*\" value=\"\" type=\"tel\" name=\"tel\" \/><\/span>\n\t\t\t<\/p>\n\t\t<\/div>\n\t\t<div class=\"col-12\">\n\t\t\t<p><span class=\"wpcf7-form-control-wrap\" data-name=\"your-message\"><textarea cols=\"40\" rows=\"4\" maxlength=\"2000\" class=\"wpcf7-form-control wpcf7-textarea w-100 mb-2 border p-2 pl-3 text-dark\" aria-invalid=\"false\" placeholder=\"Jak mo\u017cemy Ci pom\u00f3c?\" name=\"your-message\"><\/textarea><\/span>\n\t\t\t<\/p>\n\t\t<\/div>\n\t\t<p><span class=\"wpcf7-form-control-wrap submission_id\"><input class=\"wpcf7-form-control wpcf7-submission_id_hidden wpcf7-validates-as-number\" readonly=\"readonly\" aria-invalid=\"false\" value=\"94165\" name=\"submission_id\" type=\"hidden\" \/><\/span>\n\t\t<\/p>\n\t\t<div class=\"col-12\">\n\t\t\t<p><span class=\"wpcf7-form-control-wrap\" data-name=\"upload-file-506\"><input size=\"40\" class=\"wpcf7-form-control wpcf7-drag-n-drop-file d-none\" id=\"upload\" aria-invalid=\"false\" type=\"file\" multiple=\"multiple\" data-name=\"upload-file-506\" data-type=\"jpeg|jpg|pdf|png|gif|stl|igs|dwg|dxf|dgn|obj|stp|x_t|iges|step|sat|ipt|par|x_t\" data-limit=\"10000000\" data-id=\"8927\" data-version=\"free version 1.3.8.8\" accept=\".jpeg, .jpg, .pdf, .png, .gif, .stl, .igs, .dwg, .dxf, .dgn, .obj, .stp, .x_t, .iges, .step, .sat, .ipt, .par, .x_t\" \/><\/span>\n\t\t\t<\/p>\n\t\t<\/div>\n\t\t<div class=\"col-12\">\n\t\t\t<p><span class=\"wpcf7-form-control-wrap\" data-name=\"acceptance-379\"><span class=\"wpcf7-form-control wpcf7-acceptance\"><span class=\"wpcf7-list-item\"><label><input type=\"checkbox\" name=\"acceptance-379\" value=\"1\" aria-invalid=\"false\" \/><span class=\"wpcf7-list-item-label\">Zgadzam si\u0119 na <a href=https:\/\/3dgence.com\/pl\/policy\/>Polityka prywatno\u015bci<\/a>.<\/span><\/label><\/span><\/span><\/span>\n\t\t\t<\/p>\n\t\t<\/div>\n\t\t<p><input type=\"hidden\" id=\"zc_gad\" name=\"zc_gad\" value=\"\" \/>\n\t\t<\/p>\n\t<input class=\"wpcf7-form-control wpcf7-hidden\" id=\"formgclid\" value=\"gclid\" type=\"hidden\" name=\"formgclid\" \/>\n\t<input class=\"wpcf7-form-control wpcf7-hidden\" id=\"formutmz\" value=\"\" type=\"hidden\" name=\"formutmz\" \/>\n\t\t<div class=\"col-12\">\n\t\t\t<p><input class=\"wpcf7-form-control wpcf7-submit has-spinner btn float-right\" type=\"submit\" value=\"Otrzymaj bezp\u0142atn\u0105 wycen\u0119\" \/>\n\t\t\t<\/p>\n\t\t<\/div>\n\t<\/div>\n<\/div><input type='hidden' class='wpcf7-pum' value='{\"closepopup\":false,\"closedelay\":0,\"openpopup\":false,\"openpopup_id\":0}' \/><div class=\"wpcf7-response-output\" aria-hidden=\"true\"><\/div>\n<\/form>\n<\/div>\n<\/div>\n\t\t\t\t\t\t<\/div>\n\t\t\t\t<\/div>\n\t\t\t\t\t<\/div>\n\t\t<\/div>\n\t\t\t\t\t<\/div>\n\t\t<\/section>\n\t\t\t\t\t<\/div>\n\t\t<\/div>\n\t\t\t\t\t<\/div>\n\t\t<\/section>\n\t\t\t\t<section class=\"elementor-section elementor-top-section elementor-element elementor-element-18ba6af elementor-section-full_width elementor-section-content-middle elementor-section-height-default elementor-section-height-default\" data-id=\"18ba6af\" data-element_type=\"section\" data-settings=\"{&quot;background_background&quot;:&quot;classic&quot;}\">\n\t\t\t\t\t\t<div class=\"elementor-container elementor-column-gap-default\">\n\t\t\t\t\t<div class=\"elementor-column elementor-col-50 elementor-top-column elementor-element elementor-element-4e8cb55 elementor-hidden-tablet elementor-hidden-phone\" data-id=\"4e8cb55\" data-element_type=\"column\" data-settings=\"{&quot;background_background&quot;:&quot;classic&quot;}\">\n\t\t\t<div class=\"elementor-widget-wrap elementor-element-populated\">\n\t\t\t\t\t\t\t<\/div>\n\t\t<\/div>\n\t\t\t\t<div class=\"elementor-column elementor-col-50 elementor-top-column elementor-element elementor-element-4c0c4cc\" data-id=\"4c0c4cc\" data-element_type=\"column\">\n\t\t\t<div class=\"elementor-widget-wrap elementor-element-populated\">\n\t\t\t\t\t\t<div class=\"elementor-element elementor-element-ab5fb47 elementor-hidden-desktop elementor-widget elementor-widget-image\" data-id=\"ab5fb47\" data-element_type=\"widget\" data-widget_type=\"image.default\">\n\t\t\t\t<div class=\"elementor-widget-container\">\n\t\t\t\t\t\t\t\t\t\t\t\t\t\t\t<img fetchpriority=\"high\" decoding=\"async\" width=\"2048\" height=\"885\" src=\"https:\/\/3dgence.com\/wp-content\/uploads\/2020\/02\/10.-FAMUR-e1582118982598.jpg\" class=\"attachment-full size-full wp-image-8675\" alt=\"FAMUR\" srcset=\"https:\/\/3dgence.com\/wp-content\/uploads\/2020\/02\/10.-FAMUR-e1582118982598.jpg 2048w, https:\/\/3dgence.com\/wp-content\/uploads\/2020\/02\/10.-FAMUR-e1582118982598-1024x443.jpg 1024w, https:\/\/3dgence.com\/wp-content\/uploads\/2020\/02\/10.-FAMUR-e1582118982598-768x332.jpg 768w, https:\/\/3dgence.com\/wp-content\/uploads\/2020\/02\/10.-FAMUR-e1582118982598-1536x664.jpg 1536w\" sizes=\"(max-width: 2048px) 100vw, 2048px\" \/>\t\t\t\t\t\t\t\t\t\t\t\t\t\t\t<\/div>\n\t\t\t\t<\/div>\n\t\t\t\t<div class=\"elementor-element elementor-element-f5047b0 elementor-widget elementor-widget-text-editor\" data-id=\"f5047b0\" data-element_type=\"widget\" data-widget_type=\"text-editor.default\">\n\t\t\t\t<div class=\"elementor-widget-container\">\n\t\t\t\t\t\t\t\t\t<p>Chemiczna lub mechaniczna obr\u00f3bka w celu osi\u0105gni\u0119cia zamierzonych rezultat\u00f3w.<\/p>\n<p>W celu osi\u0105gni\u0119cia po\u017c\u0105danych efekt\u00f3w wizualnych i dotykowych, kt\u00f3re zwi\u0119kszaj\u0105 warto\u015b\u0107 dodan\u0105 druku 3D, oferowana jest obr\u00f3bka chemiczna i mechaniczna. Nasza pracownia modelarska oferuje: sk\u0142adanie lub klejenie wydruk\u00f3w, obr\u00f3bk\u0119 chemiczn\u0105, obr\u00f3bk\u0119 mechaniczn\u0105, ekspozycj\u0119 UV wydruk\u00f3w \u017cywicznych, polerowanie rotacyjne (SLS), barwienie powierzchni (SLS), szpachlowanie i szlifowanie, malowanie i lakierowanie.<\/p>\n\t\t\t\t\t\t\t\t<\/div>\n\t\t\t\t<\/div>\n\t\t\t\t\t<\/div>\n\t\t<\/div>\n\t\t\t\t\t<\/div>\n\t\t<\/section>\n\t\t\t\t<\/div>\n\t\t","protected":false},"excerpt":{"rendered":"<p>Obr\u00f3bka wydruk\u00f3w 3D \u2022 Darmowa konsultacja i wydruk pr\u00f3bny \u2022 Wykonujemy makiety i projekty ekspozycyjne \u2022 \u0141\u0105czymy wydrukowane elementy z cz\u0119\u015bciami metalowymi \u2022 Szpachlujemy, wyg\u0142adzamy i lakierujemy gotowe wydruki \u2022 Wykonujemy niestandardowe projekty na \u017cyczenie klienta Zadzwo\u0144 do nas: +48 517 921 768 \u00a0 Napisz do nas: 3dservices@3dgence.com Otrzymaj bezp\u0142atn\u0105 wycen\u0119 Chemiczna lub mechaniczna obr\u00f3bka [&hellip;]<\/p>\n","protected":false},"author":4,"featured_media":0,"parent":10737,"menu_order":0,"comment_status":"closed","ping_status":"closed","template":"elementor_header_footer","meta":{"_acf_changed":false,"footnotes":""},"class_list":["post-8961","page","type-page","status-publish","hentry"],"acf":[],"yoast_head":"<!-- This site is optimized with the Yoast SEO Premium plugin v24.8 (Yoast SEO v24.8.1) - https:\/\/yoast.com\/wordpress\/plugins\/seo\/ -->\n<title>Obr\u00f3bka wydruk\u00f3w 3D - us\u0142ugi 3D | 3DGence<\/title>\n<meta name=\"description\" content=\"W celu osi\u0105gni\u0119cia po\u017c\u0105danych efekt\u00f3w wizualnych i dotykowych, kt\u00f3re zwi\u0119kszaj\u0105 warto\u015b\u0107 dodan\u0105 druku 3D, oferowana jest obr\u00f3bka chemiczna i mechaniczna. Skontaktuj si\u0119 z nami\" \/>\n<meta name=\"robots\" content=\"index, follow, max-snippet:-1, max-image-preview:large, max-video-preview:-1\" \/>\n<link rel=\"canonical\" href=\"https:\/\/3dgence.com\/pl\/uslugi-3d\/obrobka-wydrukow-3d\/\" \/>\n<meta property=\"og:locale\" content=\"pl_PL\" \/>\n<meta property=\"og:type\" content=\"article\" \/>\n<meta property=\"og:title\" content=\"Obr\u00f3bka wydruk\u00f3w 3D\" \/>\n<meta property=\"og:description\" content=\"W celu osi\u0105gni\u0119cia po\u017c\u0105danych efekt\u00f3w wizualnych i dotykowych, kt\u00f3re zwi\u0119kszaj\u0105 warto\u015b\u0107 dodan\u0105 druku 3D, oferowana jest obr\u00f3bka chemiczna i mechaniczna. Skontaktuj si\u0119 z nami\" \/>\n<meta property=\"og:url\" content=\"https:\/\/3dgence.com\/pl\/uslugi-3d\/obrobka-wydrukow-3d\/\" \/>\n<meta property=\"og:site_name\" content=\"3DGence\" \/>\n<meta property=\"article:publisher\" content=\"https:\/\/www.facebook.com\/3dgence\" \/>\n<meta property=\"article:modified_time\" content=\"2024-03-21T12:13:29+00:00\" \/>\n<meta property=\"og:image\" content=\"https:\/\/3dgence.com\/wp-content\/uploads\/2020\/02\/10.-FAMUR-e1582118982598.jpg\" \/>\n<meta name=\"twitter:card\" content=\"summary_large_image\" \/>\n<meta name=\"twitter:label1\" content=\"Szacowany czas czytania\" \/>\n\t<meta name=\"twitter:data1\" content=\"1 minuta\" \/>\n<script type=\"application\/ld+json\" class=\"yoast-schema-graph\">{\"@context\":\"https:\/\/schema.org\",\"@graph\":[{\"@type\":\"WebPage\",\"@id\":\"https:\/\/3dgence.com\/pl\/uslugi-3d\/obrobka-wydrukow-3d\/\",\"url\":\"https:\/\/3dgence.com\/pl\/uslugi-3d\/obrobka-wydrukow-3d\/\",\"name\":\"Obr\u00f3bka wydruk\u00f3w 3D - us\u0142ugi 3D | 3DGence\",\"isPartOf\":{\"@id\":\"https:\/\/www.3dgence.com\/pl\/#website\"},\"primaryImageOfPage\":{\"@id\":\"https:\/\/3dgence.com\/pl\/uslugi-3d\/obrobka-wydrukow-3d\/#primaryimage\"},\"image\":{\"@id\":\"https:\/\/3dgence.com\/pl\/uslugi-3d\/obrobka-wydrukow-3d\/#primaryimage\"},\"thumbnailUrl\":\"https:\/\/3dgence.com\/wp-content\/uploads\/2020\/02\/10.-FAMUR-e1582118982598.jpg\",\"datePublished\":\"2020-02-21T08:05:17+00:00\",\"dateModified\":\"2024-03-21T12:13:29+00:00\",\"description\":\"W celu osi\u0105gni\u0119cia po\u017c\u0105danych efekt\u00f3w wizualnych i dotykowych, kt\u00f3re zwi\u0119kszaj\u0105 warto\u015b\u0107 dodan\u0105 druku 3D, oferowana jest obr\u00f3bka chemiczna i mechaniczna. Skontaktuj si\u0119 z nami\",\"breadcrumb\":{\"@id\":\"https:\/\/3dgence.com\/pl\/uslugi-3d\/obrobka-wydrukow-3d\/#breadcrumb\"},\"inLanguage\":\"pl-PL\",\"potentialAction\":[{\"@type\":\"ReadAction\",\"target\":[\"https:\/\/3dgence.com\/pl\/uslugi-3d\/obrobka-wydrukow-3d\/\"]}]},{\"@type\":\"ImageObject\",\"inLanguage\":\"pl-PL\",\"@id\":\"https:\/\/3dgence.com\/pl\/uslugi-3d\/obrobka-wydrukow-3d\/#primaryimage\",\"url\":\"https:\/\/3dgence.com\/wp-content\/uploads\/2020\/02\/10.-FAMUR-e1582118982598.jpg\",\"contentUrl\":\"https:\/\/3dgence.com\/wp-content\/uploads\/2020\/02\/10.-FAMUR-e1582118982598.jpg\"},{\"@type\":\"BreadcrumbList\",\"@id\":\"https:\/\/3dgence.com\/pl\/uslugi-3d\/obrobka-wydrukow-3d\/#breadcrumb\",\"itemListElement\":[{\"@type\":\"ListItem\",\"position\":1,\"name\":\"Home\",\"item\":\"https:\/\/3dgence.com\/pl\/\"},{\"@type\":\"ListItem\",\"position\":2,\"name\":\"Us\u0142ugi 3D\",\"item\":\"https:\/\/3dgence.com\/pl\/uslugi-3d\/\"},{\"@type\":\"ListItem\",\"position\":3,\"name\":\"Obr\u00f3bka wydruk\u00f3w 3D\"}]},{\"@type\":\"WebSite\",\"@id\":\"https:\/\/www.3dgence.com\/pl\/#website\",\"url\":\"https:\/\/www.3dgence.com\/pl\/\",\"name\":\"3DGence\",\"description\":\"Industrial 3D printing solutions\",\"publisher\":{\"@id\":\"https:\/\/www.3dgence.com\/pl\/#organization\"},\"potentialAction\":[{\"@type\":\"SearchAction\",\"target\":{\"@type\":\"EntryPoint\",\"urlTemplate\":\"https:\/\/www.3dgence.com\/pl\/?s={search_term_string}\"},\"query-input\":{\"@type\":\"PropertyValueSpecification\",\"valueRequired\":true,\"valueName\":\"search_term_string\"}}],\"inLanguage\":\"pl-PL\"},{\"@type\":\"Organization\",\"@id\":\"https:\/\/www.3dgence.com\/pl\/#organization\",\"name\":\"3DGENCE\",\"url\":\"https:\/\/www.3dgence.com\/pl\/\",\"logo\":{\"@type\":\"ImageObject\",\"inLanguage\":\"pl-PL\",\"@id\":\"https:\/\/www.3dgence.com\/pl\/#\/schema\/logo\/image\/\",\"url\":\"https:\/\/3dgence.com\/wp-content\/uploads\/2020\/03\/3dgence_white_web.png\",\"contentUrl\":\"https:\/\/3dgence.com\/wp-content\/uploads\/2020\/03\/3dgence_white_web.png\",\"width\":1200,\"height\":848,\"caption\":\"3DGENCE\"},\"image\":{\"@id\":\"https:\/\/www.3dgence.com\/pl\/#\/schema\/logo\/image\/\"},\"sameAs\":[\"https:\/\/www.facebook.com\/3dgence\"]}]}<\/script>\n<!-- \/ Yoast SEO Premium plugin. -->","yoast_head_json":{"title":"Obr\u00f3bka wydruk\u00f3w 3D - us\u0142ugi 3D | 3DGence","description":"W celu osi\u0105gni\u0119cia po\u017c\u0105danych efekt\u00f3w wizualnych i dotykowych, kt\u00f3re zwi\u0119kszaj\u0105 warto\u015b\u0107 dodan\u0105 druku 3D, oferowana jest obr\u00f3bka chemiczna i mechaniczna. Skontaktuj si\u0119 z nami","robots":{"index":"index","follow":"follow","max-snippet":"max-snippet:-1","max-image-preview":"max-image-preview:large","max-video-preview":"max-video-preview:-1"},"canonical":"https:\/\/3dgence.com\/pl\/uslugi-3d\/obrobka-wydrukow-3d\/","og_locale":"pl_PL","og_type":"article","og_title":"Obr\u00f3bka wydruk\u00f3w 3D","og_description":"W celu osi\u0105gni\u0119cia po\u017c\u0105danych efekt\u00f3w wizualnych i dotykowych, kt\u00f3re zwi\u0119kszaj\u0105 warto\u015b\u0107 dodan\u0105 druku 3D, oferowana jest obr\u00f3bka chemiczna i mechaniczna. Skontaktuj si\u0119 z nami","og_url":"https:\/\/3dgence.com\/pl\/uslugi-3d\/obrobka-wydrukow-3d\/","og_site_name":"3DGence","article_publisher":"https:\/\/www.facebook.com\/3dgence","article_modified_time":"2024-03-21T12:13:29+00:00","og_image":[{"url":"https:\/\/3dgence.com\/wp-content\/uploads\/2020\/02\/10.-FAMUR-e1582118982598.jpg","type":"","width":"","height":""}],"twitter_card":"summary_large_image","twitter_misc":{"Szacowany czas czytania":"1 minuta"},"schema":{"@context":"https:\/\/schema.org","@graph":[{"@type":"WebPage","@id":"https:\/\/3dgence.com\/pl\/uslugi-3d\/obrobka-wydrukow-3d\/","url":"https:\/\/3dgence.com\/pl\/uslugi-3d\/obrobka-wydrukow-3d\/","name":"Obr\u00f3bka wydruk\u00f3w 3D - us\u0142ugi 3D | 3DGence","isPartOf":{"@id":"https:\/\/www.3dgence.com\/pl\/#website"},"primaryImageOfPage":{"@id":"https:\/\/3dgence.com\/pl\/uslugi-3d\/obrobka-wydrukow-3d\/#primaryimage"},"image":{"@id":"https:\/\/3dgence.com\/pl\/uslugi-3d\/obrobka-wydrukow-3d\/#primaryimage"},"thumbnailUrl":"https:\/\/3dgence.com\/wp-content\/uploads\/2020\/02\/10.-FAMUR-e1582118982598.jpg","datePublished":"2020-02-21T08:05:17+00:00","dateModified":"2024-03-21T12:13:29+00:00","description":"W celu osi\u0105gni\u0119cia po\u017c\u0105danych efekt\u00f3w wizualnych i dotykowych, kt\u00f3re zwi\u0119kszaj\u0105 warto\u015b\u0107 dodan\u0105 druku 3D, oferowana jest obr\u00f3bka chemiczna i mechaniczna. Skontaktuj si\u0119 z nami","breadcrumb":{"@id":"https:\/\/3dgence.com\/pl\/uslugi-3d\/obrobka-wydrukow-3d\/#breadcrumb"},"inLanguage":"pl-PL","potentialAction":[{"@type":"ReadAction","target":["https:\/\/3dgence.com\/pl\/uslugi-3d\/obrobka-wydrukow-3d\/"]}]},{"@type":"ImageObject","inLanguage":"pl-PL","@id":"https:\/\/3dgence.com\/pl\/uslugi-3d\/obrobka-wydrukow-3d\/#primaryimage","url":"https:\/\/3dgence.com\/wp-content\/uploads\/2020\/02\/10.-FAMUR-e1582118982598.jpg","contentUrl":"https:\/\/3dgence.com\/wp-content\/uploads\/2020\/02\/10.-FAMUR-e1582118982598.jpg"},{"@type":"BreadcrumbList","@id":"https:\/\/3dgence.com\/pl\/uslugi-3d\/obrobka-wydrukow-3d\/#breadcrumb","itemListElement":[{"@type":"ListItem","position":1,"name":"Home","item":"https:\/\/3dgence.com\/pl\/"},{"@type":"ListItem","position":2,"name":"Us\u0142ugi 3D","item":"https:\/\/3dgence.com\/pl\/uslugi-3d\/"},{"@type":"ListItem","position":3,"name":"Obr\u00f3bka wydruk\u00f3w 3D"}]},{"@type":"WebSite","@id":"https:\/\/www.3dgence.com\/pl\/#website","url":"https:\/\/www.3dgence.com\/pl\/","name":"3DGence","description":"Industrial 3D printing solutions","publisher":{"@id":"https:\/\/www.3dgence.com\/pl\/#organization"},"potentialAction":[{"@type":"SearchAction","target":{"@type":"EntryPoint","urlTemplate":"https:\/\/www.3dgence.com\/pl\/?s={search_term_string}"},"query-input":{"@type":"PropertyValueSpecification","valueRequired":true,"valueName":"search_term_string"}}],"inLanguage":"pl-PL"},{"@type":"Organization","@id":"https:\/\/www.3dgence.com\/pl\/#organization","name":"3DGENCE","url":"https:\/\/www.3dgence.com\/pl\/","logo":{"@type":"ImageObject","inLanguage":"pl-PL","@id":"https:\/\/www.3dgence.com\/pl\/#\/schema\/logo\/image\/","url":"https:\/\/3dgence.com\/wp-content\/uploads\/2020\/03\/3dgence_white_web.png","contentUrl":"https:\/\/3dgence.com\/wp-content\/uploads\/2020\/03\/3dgence_white_web.png","width":1200,"height":848,"caption":"3DGENCE"},"image":{"@id":"https:\/\/www.3dgence.com\/pl\/#\/schema\/logo\/image\/"},"sameAs":["https:\/\/www.facebook.com\/3dgence"]}]}},"_links":{"self":[{"href":"https:\/\/3dgence.com\/pl\/wp-json\/wp\/v2\/pages\/8961","targetHints":{"allow":["GET"]}}],"collection":[{"href":"https:\/\/3dgence.com\/pl\/wp-json\/wp\/v2\/pages"}],"about":[{"href":"https:\/\/3dgence.com\/pl\/wp-json\/wp\/v2\/types\/page"}],"author":[{"embeddable":true,"href":"https:\/\/3dgence.com\/pl\/wp-json\/wp\/v2\/users\/4"}],"replies":[{"embeddable":true,"href":"https:\/\/3dgence.com\/pl\/wp-json\/wp\/v2\/comments?post=8961"}],"version-history":[{"count":3,"href":"https:\/\/3dgence.com\/pl\/wp-json\/wp\/v2\/pages\/8961\/revisions"}],"predecessor-version":[{"id":62329,"href":"https:\/\/3dgence.com\/pl\/wp-json\/wp\/v2\/pages\/8961\/revisions\/62329"}],"up":[{"embeddable":true,"href":"https:\/\/3dgence.com\/pl\/wp-json\/wp\/v2\/pages\/10737"}],"wp:attachment":[{"href":"https:\/\/3dgence.com\/pl\/wp-json\/wp\/v2\/media?parent=8961"}],"curies":[{"name":"wp","href":"https:\/\/api.w.org\/{rel}","templated":true}]}}